{"id":1688,"date":"2025-10-30T14:38:40","date_gmt":"2025-10-30T13:38:40","guid":{"rendered":"https:\/\/lomina.es\/?post_type=product&#038;p=1688"},"modified":"2025-10-30T14:38:40","modified_gmt":"2025-10-30T13:38:40","slug":"batidora-braun-minipimer-multiquick","status":"publish","type":"product","link":"https:\/\/lomina.es\/?product=batidora-braun-minipimer-multiquick","title":{"rendered":"Batidora Braun Minipimer Multiquick"},"content":{"rendered":"<p>La <span class=\"entity-underline hover:entity-accent inline cursor-pointer align-baseline\"><span class=\"whitespace-normal\">Braun\u202fMinipimer\u202fMultiQuick\u202f5\u202fMQ50202MBK<\/span><\/span> es una batidora de mano potente y vers\u00e1til con acabado en acero inoxidable, ideal para preparar pur\u00e9s, salsas y batidos con precisi\u00f3n.<\/p>\n","protected":false},"excerpt":{"rendered":"<p>Caracter\u00edsticas<\/p>\n<ul data-start=\"271\" data-end=\"771\">\n<li data-start=\"271\" data-end=\"294\">\n<p data-start=\"273\" data-end=\"294\">Potencia de 1000 W.<\/p>\n<\/li>\n<li data-start=\"295\" data-end=\"341\">\n<p data-start=\"297\" data-end=\"341\">21 velocidades regulables + funci\u00f3n turbo.<\/p>\n<\/li>\n<li data-start=\"342\" data-end=\"398\">\n<p data-start=\"344\" data-end=\"398\">Tecnolog\u00eda \u201cPowerBell VPlus\u201d para mezclas m\u00e1s finas.<\/p>\n<\/li>\n<li data-start=\"399\" data-end=\"450\">\n<p data-start=\"401\" data-end=\"450\">Sistema \u201cSplashControl\u201d que evita salpicaduras.<\/p>\n<\/li>\n<li data-start=\"451\" data-end=\"520\">\n<p data-start=\"453\" data-end=\"520\">Sistema \u201cEasyClick Plus\u201d para intercambiar accesorios f\u00e1cilmente.<\/p>\n<\/li>\n<li data-start=\"521\" data-end=\"576\">\n<p data-start=\"523\" data-end=\"576\">Incluye vaso medidor de 0,6 L, picadora y varillas.<\/p>\n<\/li>\n<li data-start=\"577\" data-end=\"612\">\n<p data-start=\"579\" data-end=\"612\">Partes aptas para lavavajillas.<\/p>\n<\/li>\n<li data-start=\"613\" data-end=\"703\">\n<p data-start=\"615\" data-end=\"703\">Eje y cuchillas de acero inoxidable; piezas que contactan con alimentos libres de BPA.<\/p>\n<\/li>\n<li data-start=\"704\" data-end=\"748\">\n<p data-start=\"706\" data-end=\"748\">Longitud de cable aproximadamente 1,2 m.<\/p>\n<\/li>\n<li data-start=\"749\" data-end=\"771\">\n<p data-start=\"751\" data-end=\"771\">Dise\u00f1o ergon\u00f3mico.<\/p>\n<\/li>\n<\/ul>\n<p data-start=\"773\" data-end=\"874\">\n","protected":false},"featured_media":1689,"comment_status":"open","ping_status":"closed","template":"","meta":{"om_disable_all_campaigns":false,"_monsterinsights_skip_tracking":false,"_monsterinsights_sitenote_active":false,"_monsterinsights_sitenote_note":"","_monsterinsights_sitenote_category":0,"site-sidebar-layout":"default","site-content-layout":"","ast-site-content-layout":"default","site-content-style":"default","site-sidebar-style":"default","ast-global-header-display":"","ast-banner-title-visibility":"","ast-main-header-display":"","ast-hfb-above-header-display":"","ast-hfb-below-header-display":"","ast-hfb-mobile-header-display":"","site-post-title":"","ast-breadcrumbs-content":"","ast-featured-img":"","footer-sml-layout":"","theme-transparent-header-meta":"default","adv-header-id-meta":"","stick-header-meta":"","header-above-stick-meta":"","header-main-stick-meta":"","header-below-stick-meta":"","astra-migrate-meta-layouts":"set","ast-page-background-enabled":"default","ast-page-background-meta":{"desktop":{"background-color":"var(--ast-global-color-4)","background-image":"","background-repeat":"repeat","background-position":"center center","background-size":"auto","background-attachment":"scroll","background-type":"","background-media":"","overlay-type":"","overlay-color":"","overlay-gradient":""},"tablet":{"background-color":"","background-image":"","background-repeat":"repeat","background-position":"center center","background-size":"auto","background-attachment":"scroll","background-type":"","background-media":"","overlay-type":"","overlay-color":"","overlay-gradient":""},"mobile":{"background-color":"","background-image":"","background-repeat":"repeat","background-position":"center center","background-size":"auto","background-attachment":"scroll","background-type":"","background-media":"","overlay-type":"","overlay-color":"","overlay-gradient":""}},"ast-content-background-meta":{"desktop":{"background-color":"var(--ast-global-color-5)","background-image":"","background-repeat":"repeat","background-position":"center center","background-size":"auto","background-attachment":"scroll","background-type":"","background-media":"","overlay-type":"","overlay-color":"","overlay-gradient":""},"tablet":{"background-color":"var(--ast-global-color-5)","background-image":"","background-repeat":"repeat","background-position":"center center","background-size":"auto","background-attachment":"scroll","background-type":"","background-media":"","overlay-type":"","overlay-color":"","overlay-gradient":""},"mobile":{"background-color":"var(--ast-global-color-5)","background-image":"","background-repeat":"repeat","background-position":"center center","background-size":"auto","background-attachment":"scroll","background-type":"","background-media":"","overlay-type":"","overlay-color":"","overlay-gradient":""}}},"product_cat":[63],"product_tag":[],"aioseo_notices":[],"jetpack_sharing_enabled":true,"_links":{"self":[{"href":"https:\/\/lomina.es\/index.php?rest_route=\/wp\/v2\/product\/1688"}],"collection":[{"href":"https:\/\/lomina.es\/index.php?rest_route=\/wp\/v2\/product"}],"about":[{"href":"https:\/\/lomina.es\/index.php?rest_route=\/wp\/v2\/types\/product"}],"replies":[{"embeddable":true,"href":"https:\/\/lomina.es\/index.php?rest_route=%2Fwp%2Fv2%2Fcomments&post=1688"}],"wp:featuredmedia":[{"embeddable":true,"href":"https:\/\/lomina.es\/index.php?rest_route=\/wp\/v2\/media\/1689"}],"wp:attachment":[{"href":"https:\/\/lomina.es\/index.php?rest_route=%2Fwp%2Fv2%2Fmedia&parent=1688"}],"wp:term":[{"taxonomy":"product_cat","embeddable":true,"href":"https:\/\/lomina.es\/index.php?rest_route=%2Fwp%2Fv2%2Fproduct_cat&post=1688"},{"taxonomy":"product_tag","embeddable":true,"href":"https:\/\/lomina.es\/index.php?rest_route=%2Fwp%2Fv2%2Fproduct_tag&post=1688"}],"curies":[{"name":"wp","href":"https:\/\/api.w.org\/{rel}","templated":true}]}}