{"id":1672,"date":"2025-10-29T14:54:51","date_gmt":"2025-10-29T13:54:51","guid":{"rendered":"https:\/\/lomina.es\/?post_type=product&#038;p=1672"},"modified":"2026-01-31T13:55:41","modified_gmt":"2026-01-31T12:55:41","slug":"bascula-de-bano-digital-orbegozo-2","status":"publish","type":"product","link":"https:\/\/lomina.es\/?product=bascula-de-bano-digital-orbegozo-2","title":{"rendered":"B\u00e1scula de ba\u00f1o digital Orbegozo PB 2236"},"content":{"rendered":"<p>Descubre la b\u00e1scula de ba\u00f1o digital\u00a0<strong>PB 2236<\/strong> de Orbegozo que combina tecnolog\u00eda avanzada y dise\u00f1o elegante para ofrecerte una experiencia de pesaje precisa y c\u00f3moda.<\/p>\n","protected":false},"excerpt":{"rendered":"<p>Caracter\u00edsticas:<\/p>\n<ul>\n<li class=\"p1\"><span class=\"s1\">Gran pantalla, d\u00edgitos de 5 cm de altura.<\/span><\/li>\n<li>Tecnolog\u00eda Step-On: activaci\u00f3n mediante el tacto.<\/li>\n<li>Capacidad m\u00e1xima: 150 kg.<\/li>\n<li>Display iluminado con d\u00edgitos color blanco.<\/li>\n<li>Escalado: 100 g.<\/li>\n<li>Cambio de unidad en la base: kb, lb, st.<\/li>\n<li>Dimensiones: 31,2 x 30 x 2,3 cm.<\/li>\n<li>Funciona a pilas: 2 x 1,5 V AAA.*<\/li>\n<li>Vidrio templado de seguridad.<\/li>\n<li>Indicador de sobrecarga y bater\u00eda baja.<\/li>\n<li class=\"p1\">Pies antideslizantes.<\/li>\n<li class=\"p1\">Desconexi\u00f3n autom\u00e1tica.<\/li>\n<\/ul>\n","protected":false},"featured_media":1673,"comment_status":"open","ping_status":"closed","template":"","meta":{"om_disable_all_campaigns":false,"_monsterinsights_skip_tracking":false,"_monsterinsights_sitenote_active":false,"_monsterinsights_sitenote_note":"","_monsterinsights_sitenote_category":0,"site-sidebar-layout":"default","site-content-layout":"","ast-site-content-layout":"default","site-content-style":"default","site-sidebar-style":"default","ast-global-header-display":"","ast-banner-title-visibility":"","ast-main-header-display":"","ast-hfb-above-header-display":"","ast-hfb-below-header-display":"","ast-hfb-mobile-header-display":"","site-post-title":"","ast-breadcrumbs-content":"","ast-featured-img":"","footer-sml-layout":"","theme-transparent-header-meta":"default","adv-header-id-meta":"","stick-header-meta":"","header-above-stick-meta":"","header-main-stick-meta":"","header-below-stick-meta":"","astra-migrate-meta-layouts":"set","ast-page-background-enabled":"default","ast-page-background-meta":{"desktop":{"background-color":"var(--ast-global-color-4)","background-image":"","background-repeat":"repeat","background-position":"center center","background-size":"auto","background-attachment":"scroll","background-type":"","background-media":"","overlay-type":"","overlay-color":"","overlay-gradient":""},"tablet":{"background-color":"","background-image":"","background-repeat":"repeat","background-position":"center center","background-size":"auto","background-attachment":"scroll","background-type":"","background-media":"","overlay-type":"","overlay-color":"","overlay-gradient":""},"mobile":{"background-color":"","background-image":"","background-repeat":"repeat","background-position":"center center","background-size":"auto","background-attachment":"scroll","background-type":"","background-media":"","overlay-type":"","overlay-color":"","overlay-gradient":""}},"ast-content-background-meta":{"desktop":{"background-color":"var(--ast-global-color-5)","background-image":"","background-repeat":"repeat","background-position":"center center","background-size":"auto","background-attachment":"scroll","background-type":"","background-media":"","overlay-type":"","overlay-color":"","overlay-gradient":""},"tablet":{"background-color":"var(--ast-global-color-5)","background-image":"","background-repeat":"repeat","background-position":"center center","background-size":"auto","background-attachment":"scroll","background-type":"","background-media":"","overlay-type":"","overlay-color":"","overlay-gradient":""},"mobile":{"background-color":"var(--ast-global-color-5)","background-image":"","background-repeat":"repeat","background-position":"center center","background-size":"auto","background-attachment":"scroll","background-type":"","background-media":"","overlay-type":"","overlay-color":"","overlay-gradient":""}}},"product_cat":[66],"product_tag":[],"aioseo_notices":[],"jetpack_sharing_enabled":true,"_links":{"self":[{"href":"https:\/\/lomina.es\/index.php?rest_route=\/wp\/v2\/product\/1672"}],"collection":[{"href":"https:\/\/lomina.es\/index.php?rest_route=\/wp\/v2\/product"}],"about":[{"href":"https:\/\/lomina.es\/index.php?rest_route=\/wp\/v2\/types\/product"}],"replies":[{"embeddable":true,"href":"https:\/\/lomina.es\/index.php?rest_route=%2Fwp%2Fv2%2Fcomments&post=1672"}],"wp:featuredmedia":[{"embeddable":true,"href":"https:\/\/lomina.es\/index.php?rest_route=\/wp\/v2\/media\/1673"}],"wp:attachment":[{"href":"https:\/\/lomina.es\/index.php?rest_route=%2Fwp%2Fv2%2Fmedia&parent=1672"}],"wp:term":[{"taxonomy":"product_cat","embeddable":true,"href":"https:\/\/lomina.es\/index.php?rest_route=%2Fwp%2Fv2%2Fproduct_cat&post=1672"},{"taxonomy":"product_tag","embeddable":true,"href":"https:\/\/lomina.es\/index.php?rest_route=%2Fwp%2Fv2%2Fproduct_tag&post=1672"}],"curies":[{"name":"wp","href":"https:\/\/api.w.org\/{rel}","templated":true}]}}