{"id":1658,"date":"2025-10-29T13:39:58","date_gmt":"2025-10-29T12:39:58","guid":{"rendered":"https:\/\/lomina.es\/?post_type=product&#038;p=1658"},"modified":"2025-10-29T13:41:53","modified_gmt":"2025-10-29T12:41:53","slug":"bascula-de-bano-digital-orbegozo","status":"publish","type":"product","link":"https:\/\/lomina.es\/?product=bascula-de-bano-digital-orbegozo","title":{"rendered":"B\u00e1scula de ba\u00f1o digital Orbegozo"},"content":{"rendered":"<p>B\u00e1scula de ba\u00f1o digital Orbegozo PB 2218 con activaci\u00f3n por tacto, pantalla LCD y capacidad m\u00e1xima de 180 kg, ideal para un control preciso y c\u00f3modo del peso.<\/p>\n","protected":false},"excerpt":{"rendered":"<p>Caracter\u00edsticas<\/p>\n<ul>\n<li data-start=\"215\" data-end=\"247\">\n<p data-start=\"218\" data-end=\"247\">Capacidad m\u00e1xima de 180 kg.<\/p>\n<\/li>\n<li data-start=\"248\" data-end=\"272\">\n<p data-start=\"251\" data-end=\"272\">Precisi\u00f3n de 100 g.<\/p>\n<\/li>\n<li data-start=\"273\" data-end=\"309\">\n<p data-start=\"276\" data-end=\"309\">Activaci\u00f3n autom\u00e1tica al pisar.<\/p>\n<\/li>\n<li data-start=\"310\" data-end=\"355\">\n<p data-start=\"313\" data-end=\"355\">Apagado autom\u00e1tico para ahorrar energ\u00eda.<\/p>\n<\/li>\n<li data-start=\"356\" data-end=\"385\">\n<p data-start=\"359\" data-end=\"385\">Indicador de sobrecarga.<\/p>\n<\/li>\n<li data-start=\"386\" data-end=\"413\">\n<p data-start=\"389\" data-end=\"413\">Aviso de bater\u00eda baja.<\/p>\n<\/li>\n<li data-start=\"414\" data-end=\"449\">\n<p data-start=\"417\" data-end=\"449\">Pantalla LCD de f\u00e1cil lectura.<\/p>\n<\/li>\n<li data-start=\"485\" data-end=\"524\">\n<p data-start=\"488\" data-end=\"524\">Cuatro sensores de alta precisi\u00f3n.<\/p>\n<\/li>\n<\/ul>\n","protected":false},"featured_media":1659,"comment_status":"open","ping_status":"closed","template":"","meta":{"om_disable_all_campaigns":false,"_monsterinsights_skip_tracking":false,"_monsterinsights_sitenote_active":false,"_monsterinsights_sitenote_note":"","_monsterinsights_sitenote_category":0,"site-sidebar-layout":"default","site-content-layout":"","ast-site-content-layout":"default","site-content-style":"default","site-sidebar-style":"default","ast-global-header-display":"","ast-banner-title-visibility":"","ast-main-header-display":"","ast-hfb-above-header-display":"","ast-hfb-below-header-display":"","ast-hfb-mobile-header-display":"","site-post-title":"","ast-breadcrumbs-content":"","ast-featured-img":"","footer-sml-layout":"","theme-transparent-header-meta":"default","adv-header-id-meta":"","stick-header-meta":"","header-above-stick-meta":"","header-main-stick-meta":"","header-below-stick-meta":"","astra-migrate-meta-layouts":"set","ast-page-background-enabled":"default","ast-page-background-meta":{"desktop":{"background-color":"var(--ast-global-color-4)","background-image":"","background-repeat":"repeat","background-position":"center center","background-size":"auto","background-attachment":"scroll","background-type":"","background-media":"","overlay-type":"","overlay-color":"","overlay-gradient":""},"tablet":{"background-color":"","background-image":"","background-repeat":"repeat","background-position":"center center","background-size":"auto","background-attachment":"scroll","background-type":"","background-media":"","overlay-type":"","overlay-color":"","overlay-gradient":""},"mobile":{"background-color":"","background-image":"","background-repeat":"repeat","background-position":"center center","background-size":"auto","background-attachment":"scroll","background-type":"","background-media":"","overlay-type":"","overlay-color":"","overlay-gradient":""}},"ast-content-background-meta":{"desktop":{"background-color":"var(--ast-global-color-5)","background-image":"","background-repeat":"repeat","background-position":"center center","background-size":"auto","background-attachment":"scroll","background-type":"","background-media":"","overlay-type":"","overlay-color":"","overlay-gradient":""},"tablet":{"background-color":"var(--ast-global-color-5)","background-image":"","background-repeat":"repeat","background-position":"center center","background-size":"auto","background-attachment":"scroll","background-type":"","background-media":"","overlay-type":"","overlay-color":"","overlay-gradient":""},"mobile":{"background-color":"var(--ast-global-color-5)","background-image":"","background-repeat":"repeat","background-position":"center center","background-size":"auto","background-attachment":"scroll","background-type":"","background-media":"","overlay-type":"","overlay-color":"","overlay-gradient":""}}},"product_cat":[66],"product_tag":[],"aioseo_notices":[],"jetpack_sharing_enabled":true,"_links":{"self":[{"href":"https:\/\/lomina.es\/index.php?rest_route=\/wp\/v2\/product\/1658"}],"collection":[{"href":"https:\/\/lomina.es\/index.php?rest_route=\/wp\/v2\/product"}],"about":[{"href":"https:\/\/lomina.es\/index.php?rest_route=\/wp\/v2\/types\/product"}],"replies":[{"embeddable":true,"href":"https:\/\/lomina.es\/index.php?rest_route=%2Fwp%2Fv2%2Fcomments&post=1658"}],"wp:featuredmedia":[{"embeddable":true,"href":"https:\/\/lomina.es\/index.php?rest_route=\/wp\/v2\/media\/1659"}],"wp:attachment":[{"href":"https:\/\/lomina.es\/index.php?rest_route=%2Fwp%2Fv2%2Fmedia&parent=1658"}],"wp:term":[{"taxonomy":"product_cat","embeddable":true,"href":"https:\/\/lomina.es\/index.php?rest_route=%2Fwp%2Fv2%2Fproduct_cat&post=1658"},{"taxonomy":"product_tag","embeddable":true,"href":"https:\/\/lomina.es\/index.php?rest_route=%2Fwp%2Fv2%2Fproduct_tag&post=1658"}],"curies":[{"name":"wp","href":"https:\/\/api.w.org\/{rel}","templated":true}]}}