{"id":1625,"date":"2025-10-28T13:20:12","date_gmt":"2025-10-28T12:20:12","guid":{"rendered":"https:\/\/lomina.es\/?post_type=product&#038;p=1625"},"modified":"2025-10-28T13:20:12","modified_gmt":"2025-10-28T12:20:12","slug":"secador-de-pelo-rowenta-tecnologia-ionica","status":"publish","type":"product","link":"https:\/\/lomina.es\/?product=secador-de-pelo-rowenta-tecnologia-ionica","title":{"rendered":"Secador de pelo Rowenta- Tecnolog\u00eda i\u00f3nica"},"content":{"rendered":"<p>El Rowenta Studio Dry Glow CV5830F0 combina potencia y eficiencia con tecnolog\u00eda Effiwatts e ionizador para un secado r\u00e1pido y brillante.<br \/>\nOfrece m\u00faltiples ajustes y funci\u00f3n de aire fr\u00edo para proteger y fijar el peinado.<\/p>\n","protected":false},"excerpt":{"rendered":"<p>Caracter\u00edsticas:<\/p>\n<ul>\n<li>Potencia de 2300 W, que ofrece un secado r\u00e1pido y eficaz.<\/li>\n<li>Tecnolog\u00eda Effiwatts, que reduce el consumo energ\u00e9tico sin perder rendimiento.<\/li>\n<li>Generador de iones, para un cabello m\u00e1s suave, brillante y libre de encrespamiento.<\/li>\n<li>Seis combinaciones de ajuste, con 3 temperaturas y 2 velocidades adaptables a cada tipo de cabello.<\/li>\n<li>Funci\u00f3n ThermoControl, que mantiene una temperatura constante para proteger el cabello del calor excesivo.<\/li>\n<li>Boquilla concentradora de 14 mm para un peinado preciso y difusor ideal para dar volumen o definir rizos.<\/li>\n<li>Golpe de aire fr\u00edo para fijar el peinado y prolongar su duraci\u00f3n.<\/li>\n<li>Rejilla trasera extra\u00edble, que facilita la limpieza y alarga la vida \u00fatil del secador.<\/li>\n<li>Dise\u00f1o ergon\u00f3mico y ligero, con cable de 1,8 m y gancho para colgar f\u00e1cilmente.<\/li>\n<li>Garant\u00eda de 3 a\u00f1os y posibilidad de reparaci\u00f3n hasta 15 a\u00f1os, apostando por la durabilidad y sostenibilidad.<\/li>\n<\/ul>\n<p>&nbsp;<\/p>\n","protected":false},"featured_media":1629,"comment_status":"open","ping_status":"closed","template":"","meta":{"om_disable_all_campaigns":false,"_monsterinsights_skip_tracking":false,"_monsterinsights_sitenote_active":false,"_monsterinsights_sitenote_note":"","_monsterinsights_sitenote_category":0,"site-sidebar-layout":"default","site-content-layout":"","ast-site-content-layout":"default","site-content-style":"default","site-sidebar-style":"default","ast-global-header-display":"","ast-banner-title-visibility":"","ast-main-header-display":"","ast-hfb-above-header-display":"","ast-hfb-below-header-display":"","ast-hfb-mobile-header-display":"","site-post-title":"","ast-breadcrumbs-content":"","ast-featured-img":"","footer-sml-layout":"","theme-transparent-header-meta":"default","adv-header-id-meta":"","stick-header-meta":"","header-above-stick-meta":"","header-main-stick-meta":"","header-below-stick-meta":"","astra-migrate-meta-layouts":"set","ast-page-background-enabled":"default","ast-page-background-meta":{"desktop":{"background-color":"var(--ast-global-color-4)","background-image":"","background-repeat":"repeat","background-position":"center center","background-size":"auto","background-attachment":"scroll","background-type":"","background-media":"","overlay-type":"","overlay-color":"","overlay-gradient":""},"tablet":{"background-color":"","background-image":"","background-repeat":"repeat","background-position":"center center","background-size":"auto","background-attachment":"scroll","background-type":"","background-media":"","overlay-type":"","overlay-color":"","overlay-gradient":""},"mobile":{"background-color":"","background-image":"","background-repeat":"repeat","background-position":"center center","background-size":"auto","background-attachment":"scroll","background-type":"","background-media":"","overlay-type":"","overlay-color":"","overlay-gradient":""}},"ast-content-background-meta":{"desktop":{"background-color":"var(--ast-global-color-5)","background-image":"","background-repeat":"repeat","background-position":"center center","background-size":"auto","background-attachment":"scroll","background-type":"","background-media":"","overlay-type":"","overlay-color":"","overlay-gradient":""},"tablet":{"background-color":"var(--ast-global-color-5)","background-image":"","background-repeat":"repeat","background-position":"center center","background-size":"auto","background-attachment":"scroll","background-type":"","background-media":"","overlay-type":"","overlay-color":"","overlay-gradient":""},"mobile":{"background-color":"var(--ast-global-color-5)","background-image":"","background-repeat":"repeat","background-position":"center center","background-size":"auto","background-attachment":"scroll","background-type":"","background-media":"","overlay-type":"","overlay-color":"","overlay-gradient":""}}},"product_cat":[66],"product_tag":[],"aioseo_notices":[],"jetpack_sharing_enabled":true,"_links":{"self":[{"href":"https:\/\/lomina.es\/index.php?rest_route=\/wp\/v2\/product\/1625"}],"collection":[{"href":"https:\/\/lomina.es\/index.php?rest_route=\/wp\/v2\/product"}],"about":[{"href":"https:\/\/lomina.es\/index.php?rest_route=\/wp\/v2\/types\/product"}],"replies":[{"embeddable":true,"href":"https:\/\/lomina.es\/index.php?rest_route=%2Fwp%2Fv2%2Fcomments&post=1625"}],"wp:featuredmedia":[{"embeddable":true,"href":"https:\/\/lomina.es\/index.php?rest_route=\/wp\/v2\/media\/1629"}],"wp:attachment":[{"href":"https:\/\/lomina.es\/index.php?rest_route=%2Fwp%2Fv2%2Fmedia&parent=1625"}],"wp:term":[{"taxonomy":"product_cat","embeddable":true,"href":"https:\/\/lomina.es\/index.php?rest_route=%2Fwp%2Fv2%2Fproduct_cat&post=1625"},{"taxonomy":"product_tag","embeddable":true,"href":"https:\/\/lomina.es\/index.php?rest_route=%2Fwp%2Fv2%2Fproduct_tag&post=1625"}],"curies":[{"name":"wp","href":"https:\/\/api.w.org\/{rel}","templated":true}]}}