{"id":1620,"date":"2025-10-28T12:50:37","date_gmt":"2025-10-28T11:50:37","guid":{"rendered":"https:\/\/lomina.es\/?post_type=product&#038;p=1620"},"modified":"2026-01-31T13:48:24","modified_gmt":"2026-01-31T12:48:24","slug":"secador-tristar-tecnologia-ionica","status":"publish","type":"product","link":"https:\/\/lomina.es\/?product=secador-tristar-tecnologia-ionica","title":{"rendered":"Secador Tristar HD-2450 &#8211; Tecnolog\u00eda i\u00f3nica"},"content":{"rendered":"<p>El secador de pelo Tristar HD-2450 con tecnolog\u00eda i\u00f3nica tiene una gran potencia de 2200 W y te garantiza un secado r\u00e1pido. Este secador potente cuenta con 3 modos de calor y 2 velocidades, as\u00ed siempre llevar\u00e1s el pelo bien peinado.<\/p>\n","protected":false},"excerpt":{"rendered":"<p>Caracter\u00edsticas:<\/p>\n<ul>\n<li>Potencia de 2.200 W para un secado r\u00e1pido y eficaz.<\/li>\n<li>Tecnolog\u00eda i\u00f3nica que reduce el encrespamiento y aporta brillo al cabello.<\/li>\n<li>Tres niveles de temperatura para adaptar el calor seg\u00fan el tipo de cabello.<\/li>\n<li>Dos velocidades de aire que ofrecen mayor control durante el peinado.<\/li>\n<li>\u00a0Funci\u00f3n de aire fr\u00edo (cold shot) para fijar el peinado y aportar volumen al final.<\/li>\n<li>\u00a0Incluye boquilla concentradora y difusor para distintos estilos y t\u00e9cnicas.<\/li>\n<li>\u00a0Cable de 1,8 metros para mayor libertad de movimiento.<\/li>\n<li>\u00a0Motor de corriente alterna (AC) que proporciona potencia, menor ruido y mayor durabilidad.<\/li>\n<li>\u00a0Protecci\u00f3n contra sobrecalentamiento para mayor seguridad de uso.<\/li>\n<li>\u00a0Gancho integrado para colgar y almacenamiento pr\u00e1ctico.<\/li>\n<\/ul>\n<p>&nbsp;<\/p>\n","protected":false},"featured_media":1621,"comment_status":"open","ping_status":"closed","template":"","meta":{"om_disable_all_campaigns":false,"_monsterinsights_skip_tracking":false,"_monsterinsights_sitenote_active":false,"_monsterinsights_sitenote_note":"","_monsterinsights_sitenote_category":0,"site-sidebar-layout":"default","site-content-layout":"","ast-site-content-layout":"default","site-content-style":"default","site-sidebar-style":"default","ast-global-header-display":"","ast-banner-title-visibility":"","ast-main-header-display":"","ast-hfb-above-header-display":"","ast-hfb-below-header-display":"","ast-hfb-mobile-header-display":"","site-post-title":"","ast-breadcrumbs-content":"","ast-featured-img":"","footer-sml-layout":"","theme-transparent-header-meta":"default","adv-header-id-meta":"","stick-header-meta":"","header-above-stick-meta":"","header-main-stick-meta":"","header-below-stick-meta":"","astra-migrate-meta-layouts":"set","ast-page-background-enabled":"default","ast-page-background-meta":{"desktop":{"background-color":"var(--ast-global-color-4)","background-image":"","background-repeat":"repeat","background-position":"center center","background-size":"auto","background-attachment":"scroll","background-type":"","background-media":"","overlay-type":"","overlay-color":"","overlay-gradient":""},"tablet":{"background-color":"","background-image":"","background-repeat":"repeat","background-position":"center center","background-size":"auto","background-attachment":"scroll","background-type":"","background-media":"","overlay-type":"","overlay-color":"","overlay-gradient":""},"mobile":{"background-color":"","background-image":"","background-repeat":"repeat","background-position":"center center","background-size":"auto","background-attachment":"scroll","background-type":"","background-media":"","overlay-type":"","overlay-color":"","overlay-gradient":""}},"ast-content-background-meta":{"desktop":{"background-color":"var(--ast-global-color-5)","background-image":"","background-repeat":"repeat","background-position":"center center","background-size":"auto","background-attachment":"scroll","background-type":"","background-media":"","overlay-type":"","overlay-color":"","overlay-gradient":""},"tablet":{"background-color":"var(--ast-global-color-5)","background-image":"","background-repeat":"repeat","background-position":"center center","background-size":"auto","background-attachment":"scroll","background-type":"","background-media":"","overlay-type":"","overlay-color":"","overlay-gradient":""},"mobile":{"background-color":"var(--ast-global-color-5)","background-image":"","background-repeat":"repeat","background-position":"center center","background-size":"auto","background-attachment":"scroll","background-type":"","background-media":"","overlay-type":"","overlay-color":"","overlay-gradient":""}}},"product_cat":[18,66],"product_tag":[],"aioseo_notices":[],"jetpack_sharing_enabled":true,"_links":{"self":[{"href":"https:\/\/lomina.es\/index.php?rest_route=\/wp\/v2\/product\/1620"}],"collection":[{"href":"https:\/\/lomina.es\/index.php?rest_route=\/wp\/v2\/product"}],"about":[{"href":"https:\/\/lomina.es\/index.php?rest_route=\/wp\/v2\/types\/product"}],"replies":[{"embeddable":true,"href":"https:\/\/lomina.es\/index.php?rest_route=%2Fwp%2Fv2%2Fcomments&post=1620"}],"wp:featuredmedia":[{"embeddable":true,"href":"https:\/\/lomina.es\/index.php?rest_route=\/wp\/v2\/media\/1621"}],"wp:attachment":[{"href":"https:\/\/lomina.es\/index.php?rest_route=%2Fwp%2Fv2%2Fmedia&parent=1620"}],"wp:term":[{"taxonomy":"product_cat","embeddable":true,"href":"https:\/\/lomina.es\/index.php?rest_route=%2Fwp%2Fv2%2Fproduct_cat&post=1620"},{"taxonomy":"product_tag","embeddable":true,"href":"https:\/\/lomina.es\/index.php?rest_route=%2Fwp%2Fv2%2Fproduct_tag&post=1620"}],"curies":[{"name":"wp","href":"https:\/\/api.w.org\/{rel}","templated":true}]}}