{"id":1598,"date":"2025-10-24T09:48:37","date_gmt":"2025-10-24T07:48:37","guid":{"rendered":"https:\/\/lomina.es\/?post_type=product&#038;p=1598"},"modified":"2025-10-24T09:48:38","modified_gmt":"2025-10-24T07:48:38","slug":"horno-de-sobremesa-moulinex-39l-6-modos-de-coccion","status":"publish","type":"product","link":"https:\/\/lomina.es\/?product=horno-de-sobremesa-moulinex-39l-6-modos-de-coccion","title":{"rendered":"Horno de sobremesa Moulinex 39L- 6 modos de cocci\u00f3n"},"content":{"rendered":"<p>El <strong data-start=\"202\" data-end=\"230\">Moulinex Optimo OX484810<\/strong> es un horno de sobremesa de <strong data-start=\"259\" data-end=\"272\">39 litros<\/strong> con <strong data-start=\"277\" data-end=\"299\">6 modos de cocci\u00f3n<\/strong>, que combina potencia, versatilidad y dise\u00f1o compacto, ideal para cocinar, asar o gratinar sin necesidad de instalaci\u00f3n.<\/p>\n","protected":false},"excerpt":{"rendered":"<p>Caracter\u00edsticas<\/p>\n<ul>\n<li data-start=\"467\" data-end=\"550\">\n<p data-start=\"470\" data-end=\"550\"><strong data-start=\"470\" data-end=\"484\">Capacidad:<\/strong> 39 litros, perfecta para preparar platos medianos o familiares.<\/p>\n<\/li>\n<li data-start=\"551\" data-end=\"618\">\n<p data-start=\"554\" data-end=\"618\"><strong data-start=\"554\" data-end=\"567\">Potencia:<\/strong> 2000 W para un calentamiento r\u00e1pido y homog\u00e9neo.<\/p>\n<\/li>\n<li data-start=\"619\" data-end=\"723\">\n<p data-start=\"622\" data-end=\"723\"><strong data-start=\"622\" data-end=\"648\">Seis modos de cocci\u00f3n:<\/strong> convecci\u00f3n, tradicional, grill, reposter\u00eda, ba\u00f1o mar\u00eda y descongelaci\u00f3n.<\/p>\n<\/li>\n<li data-start=\"724\" data-end=\"809\">\n<p data-start=\"727\" data-end=\"809\"><strong data-start=\"727\" data-end=\"764\">Termostato regulable hasta 240 \u00b0C<\/strong>, adapt\u00e1ndose a distintos tipos de recetas.<\/p>\n<\/li>\n<li data-start=\"810\" data-end=\"885\">\n<p data-start=\"813\" data-end=\"885\"><strong data-start=\"813\" data-end=\"844\">Temporizador de 120 minutos<\/strong> con aviso sonoro y apagado autom\u00e1tico.<\/p>\n<\/li>\n<li data-start=\"886\" data-end=\"967\">\n<p data-start=\"889\" data-end=\"967\"><strong data-start=\"889\" data-end=\"932\">Funci\u00f3n grill de alta potencia (1000 W)<\/strong> para gratinar y dorar alimentos.<\/p>\n<\/li>\n<li data-start=\"968\" data-end=\"1042\">\n<p data-start=\"971\" data-end=\"1042\"><strong data-start=\"971\" data-end=\"996\">Accesorios incluidos:<\/strong> bandeja antiadherente y rejilla reversible.<\/p>\n<\/li>\n<li data-start=\"1043\" data-end=\"1120\">\n<p data-start=\"1046\" data-end=\"1120\"><strong data-start=\"1046\" data-end=\"1079\">Dise\u00f1o moderno en color negro<\/strong>, de sobremesa y f\u00e1cil limpieza interior.<\/p>\n<\/li>\n<\/ul>\n","protected":false},"featured_media":1599,"comment_status":"open","ping_status":"closed","template":"","meta":{"om_disable_all_campaigns":false,"_monsterinsights_skip_tracking":false,"_monsterinsights_sitenote_active":false,"_monsterinsights_sitenote_note":"","_monsterinsights_sitenote_category":0,"site-sidebar-layout":"default","site-content-layout":"","ast-site-content-layout":"default","site-content-style":"default","site-sidebar-style":"default","ast-global-header-display":"","ast-banner-title-visibility":"","ast-main-header-display":"","ast-hfb-above-header-display":"","ast-hfb-below-header-display":"","ast-hfb-mobile-header-display":"","site-post-title":"","ast-breadcrumbs-content":"","ast-featured-img":"","footer-sml-layout":"","theme-transparent-header-meta":"default","adv-header-id-meta":"","stick-header-meta":"","header-above-stick-meta":"","header-main-stick-meta":"","header-below-stick-meta":"","astra-migrate-meta-layouts":"set","ast-page-background-enabled":"default","ast-page-background-meta":{"desktop":{"background-color":"var(--ast-global-color-4)","background-image":"","background-repeat":"repeat","background-position":"center center","background-size":"auto","background-attachment":"scroll","background-type":"","background-media":"","overlay-type":"","overlay-color":"","overlay-gradient":""},"tablet":{"background-color":"","background-image":"","background-repeat":"repeat","background-position":"center center","background-size":"auto","background-attachment":"scroll","background-type":"","background-media":"","overlay-type":"","overlay-color":"","overlay-gradient":""},"mobile":{"background-color":"","background-image":"","background-repeat":"repeat","background-position":"center center","background-size":"auto","background-attachment":"scroll","background-type":"","background-media":"","overlay-type":"","overlay-color":"","overlay-gradient":""}},"ast-content-background-meta":{"desktop":{"background-color":"var(--ast-global-color-5)","background-image":"","background-repeat":"repeat","background-position":"center center","background-size":"auto","background-attachment":"scroll","background-type":"","background-media":"","overlay-type":"","overlay-color":"","overlay-gradient":""},"tablet":{"background-color":"var(--ast-global-color-5)","background-image":"","background-repeat":"repeat","background-position":"center center","background-size":"auto","background-attachment":"scroll","background-type":"","background-media":"","overlay-type":"","overlay-color":"","overlay-gradient":""},"mobile":{"background-color":"var(--ast-global-color-5)","background-image":"","background-repeat":"repeat","background-position":"center center","background-size":"auto","background-attachment":"scroll","background-type":"","background-media":"","overlay-type":"","overlay-color":"","overlay-gradient":""}}},"product_cat":[59],"product_tag":[],"aioseo_notices":[],"jetpack_sharing_enabled":true,"_links":{"self":[{"href":"https:\/\/lomina.es\/index.php?rest_route=\/wp\/v2\/product\/1598"}],"collection":[{"href":"https:\/\/lomina.es\/index.php?rest_route=\/wp\/v2\/product"}],"about":[{"href":"https:\/\/lomina.es\/index.php?rest_route=\/wp\/v2\/types\/product"}],"replies":[{"embeddable":true,"href":"https:\/\/lomina.es\/index.php?rest_route=%2Fwp%2Fv2%2Fcomments&post=1598"}],"wp:featuredmedia":[{"embeddable":true,"href":"https:\/\/lomina.es\/index.php?rest_route=\/wp\/v2\/media\/1599"}],"wp:attachment":[{"href":"https:\/\/lomina.es\/index.php?rest_route=%2Fwp%2Fv2%2Fmedia&parent=1598"}],"wp:term":[{"taxonomy":"product_cat","embeddable":true,"href":"https:\/\/lomina.es\/index.php?rest_route=%2Fwp%2Fv2%2Fproduct_cat&post=1598"},{"taxonomy":"product_tag","embeddable":true,"href":"https:\/\/lomina.es\/index.php?rest_route=%2Fwp%2Fv2%2Fproduct_tag&post=1598"}],"curies":[{"name":"wp","href":"https:\/\/api.w.org\/{rel}","templated":true}]}}