{"id":1586,"date":"2025-10-24T09:23:58","date_gmt":"2025-10-24T07:23:58","guid":{"rendered":"https:\/\/lomina.es\/?post_type=product&#038;p=1586"},"modified":"2025-10-24T09:23:59","modified_gmt":"2025-10-24T07:23:59","slug":"microondas-de-sobremesa-infiniton-20l-2","status":"publish","type":"product","link":"https:\/\/lomina.es\/?product=microondas-de-sobremesa-infiniton-20l-2","title":{"rendered":"Microondas de sobremesa infiniton 20L"},"content":{"rendered":"<p>El <strong data-start=\"3\" data-end=\"26\">Infiniton MW-HW2070<\/strong> es un microondas de 20 L y 700 W, con dise\u00f1o cl\u00e1sico en color blanco y controles mec\u00e1nicos sencillos.<br data-start=\"128\" data-end=\"131\" \/>Ideal para calentar, cocinar o descongelar alimentos de forma r\u00e1pida y pr\u00e1ctica en el d\u00eda a d\u00eda.<\/p>\n","protected":false},"excerpt":{"rendered":"<p>Caracter\u00edsticas<\/p>\n<ul>\n<li data-start=\"748\" data-end=\"835\">\n<p data-start=\"751\" data-end=\"835\"><strong data-start=\"751\" data-end=\"777\">Capacidad de 20 litros<\/strong>, adecuada para hogares peque\u00f1os o un uso diario b\u00e1sico.<\/p>\n<\/li>\n<li data-start=\"836\" data-end=\"927\">\n<p data-start=\"839\" data-end=\"927\"><strong data-start=\"839\" data-end=\"860\">Potencia de 700 W<\/strong>, suficiente para calentar y cocinar alimentos de forma uniforme.<\/p>\n<\/li>\n<li data-start=\"928\" data-end=\"1040\">\n<p data-start=\"931\" data-end=\"1040\"><strong data-start=\"931\" data-end=\"954\">Controles mec\u00e1nicos<\/strong> con dos selectores giratorios: uno para el tiempo y otro para el nivel de potencia.<\/p>\n<\/li>\n<li data-start=\"1041\" data-end=\"1123\">\n<p data-start=\"1044\" data-end=\"1123\"><strong data-start=\"1044\" data-end=\"1080\">Temporizador de hasta 35 minutos<\/strong>, con aviso sonoro al finalizar el ciclo.<\/p>\n<\/li>\n<li data-start=\"1124\" data-end=\"1210\">\n<p data-start=\"1127\" data-end=\"1210\"><strong data-start=\"1127\" data-end=\"1146\">Funci\u00f3n DEFROST<\/strong> (descongelaci\u00f3n) por peso o por tiempo, para mayor comodidad.<\/p>\n<\/li>\n<li data-start=\"1211\" data-end=\"1299\">\n<p data-start=\"1214\" data-end=\"1299\"><strong data-start=\"1214\" data-end=\"1246\">Interior esmaltado en blanco<\/strong>, que facilita la limpieza y mejora la visibilidad.<\/p>\n<\/li>\n<li data-start=\"1300\" data-end=\"1398\">\n<p data-start=\"1303\" data-end=\"1398\"><strong data-start=\"1303\" data-end=\"1338\">Iluminaci\u00f3n interior autom\u00e1tica<\/strong>, para supervisar los alimentos durante el funcionamiento.<\/p>\n<\/li>\n<li data-start=\"1399\" data-end=\"1513\">\n<p data-start=\"1402\" data-end=\"1513\"><strong data-start=\"1402\" data-end=\"1443\">Plato giratorio de cristal de 24,5 cm<\/strong> y <strong data-start=\"1446\" data-end=\"1475\">apertura mediante tirador<\/strong>, garantizando un uso c\u00f3modo y seguro.<\/p>\n<\/li>\n<\/ul>\n","protected":false},"featured_media":1589,"comment_status":"open","ping_status":"closed","template":"","meta":{"om_disable_all_campaigns":false,"_monsterinsights_skip_tracking":false,"_monsterinsights_sitenote_active":false,"_monsterinsights_sitenote_note":"","_monsterinsights_sitenote_category":0,"site-sidebar-layout":"default","site-content-layout":"","ast-site-content-layout":"default","site-content-style":"default","site-sidebar-style":"default","ast-global-header-display":"","ast-banner-title-visibility":"","ast-main-header-display":"","ast-hfb-above-header-display":"","ast-hfb-below-header-display":"","ast-hfb-mobile-header-display":"","site-post-title":"","ast-breadcrumbs-content":"","ast-featured-img":"","footer-sml-layout":"","theme-transparent-header-meta":"default","adv-header-id-meta":"","stick-header-meta":"","header-above-stick-meta":"","header-main-stick-meta":"","header-below-stick-meta":"","astra-migrate-meta-layouts":"set","ast-page-background-enabled":"default","ast-page-background-meta":{"desktop":{"background-color":"var(--ast-global-color-4)","background-image":"","background-repeat":"repeat","background-position":"center center","background-size":"auto","background-attachment":"scroll","background-type":"","background-media":"","overlay-type":"","overlay-color":"","overlay-gradient":""},"tablet":{"background-color":"","background-image":"","background-repeat":"repeat","background-position":"center center","background-size":"auto","background-attachment":"scroll","background-type":"","background-media":"","overlay-type":"","overlay-color":"","overlay-gradient":""},"mobile":{"background-color":"","background-image":"","background-repeat":"repeat","background-position":"center center","background-size":"auto","background-attachment":"scroll","background-type":"","background-media":"","overlay-type":"","overlay-color":"","overlay-gradient":""}},"ast-content-background-meta":{"desktop":{"background-color":"var(--ast-global-color-5)","background-image":"","background-repeat":"repeat","background-position":"center center","background-size":"auto","background-attachment":"scroll","background-type":"","background-media":"","overlay-type":"","overlay-color":"","overlay-gradient":""},"tablet":{"background-color":"var(--ast-global-color-5)","background-image":"","background-repeat":"repeat","background-position":"center center","background-size":"auto","background-attachment":"scroll","background-type":"","background-media":"","overlay-type":"","overlay-color":"","overlay-gradient":""},"mobile":{"background-color":"var(--ast-global-color-5)","background-image":"","background-repeat":"repeat","background-position":"center center","background-size":"auto","background-attachment":"scroll","background-type":"","background-media":"","overlay-type":"","overlay-color":"","overlay-gradient":""}}},"product_cat":[24],"product_tag":[],"aioseo_notices":[],"jetpack_sharing_enabled":true,"_links":{"self":[{"href":"https:\/\/lomina.es\/index.php?rest_route=\/wp\/v2\/product\/1586"}],"collection":[{"href":"https:\/\/lomina.es\/index.php?rest_route=\/wp\/v2\/product"}],"about":[{"href":"https:\/\/lomina.es\/index.php?rest_route=\/wp\/v2\/types\/product"}],"replies":[{"embeddable":true,"href":"https:\/\/lomina.es\/index.php?rest_route=%2Fwp%2Fv2%2Fcomments&post=1586"}],"wp:featuredmedia":[{"embeddable":true,"href":"https:\/\/lomina.es\/index.php?rest_route=\/wp\/v2\/media\/1589"}],"wp:attachment":[{"href":"https:\/\/lomina.es\/index.php?rest_route=%2Fwp%2Fv2%2Fmedia&parent=1586"}],"wp:term":[{"taxonomy":"product_cat","embeddable":true,"href":"https:\/\/lomina.es\/index.php?rest_route=%2Fwp%2Fv2%2Fproduct_cat&post=1586"},{"taxonomy":"product_tag","embeddable":true,"href":"https:\/\/lomina.es\/index.php?rest_route=%2Fwp%2Fv2%2Fproduct_tag&post=1586"}],"curies":[{"name":"wp","href":"https:\/\/api.w.org\/{rel}","templated":true}]}}