{"id":1430,"date":"2025-10-13T16:10:15","date_gmt":"2025-10-13T14:10:15","guid":{"rendered":"https:\/\/lomina.es\/?post_type=product&#038;p=1430"},"modified":"2025-10-13T16:11:43","modified_gmt":"2025-10-13T14:11:43","slug":"freidora-princess-3l","status":"publish","type":"product","link":"https:\/\/lomina.es\/?product=freidora-princess-3l","title":{"rendered":"Freidora de aceite Princess 3L 2000W"},"content":{"rendered":"<p>Elegante freidora en acero negro de 3\u00a0l. Gracias a la zona fr\u00eda, los restos de comida no se queman, por lo que la grasa para fre\u00edr permanece limpia m\u00e1s tiempo y se emiten menos olores durante el uso. 2000\u00a0W de potencia: se calienta r\u00e1pidamente.<\/p>\n","protected":false},"excerpt":{"rendered":"<p>Caracter\u00edsticas:<\/p>\n<ul>\n<li>Potencia de 2000 W para un calentamiento r\u00e1pido.<\/li>\n<li>Capacidad de\u00a0 3 litros (cesta y dep\u00f3sito).<\/li>\n<li>Zona fr\u00eda, que evita que los restos de comida se quemen y mantiene el aceite m\u00e1s limpio.<\/li>\n<li>Terminaci\u00f3n \/ carcasa en acero negro o acero inoxidable negro.<\/li>\n<li>Termostato regulable, con temperatura m\u00e1xima de 190\u202f\u00b0C.<\/li>\n<li>Tapa con filtro antiolores incorporado.<\/li>\n<li>Cubeta interior extra\u00edble y piezas aptas para lavavajillas.<\/li>\n<li>Protecci\u00f3n contra sobrecalentamiento para mayor seguridad.<\/li>\n<li>Base antideslizante y compartimento para recoger el cable.<\/li>\n<li>Indicador luminoso de funcionamiento para saber cu\u00e1ndo est\u00e1 encendida.<\/li>\n<\/ul>\n","protected":false},"featured_media":1431,"comment_status":"open","ping_status":"closed","template":"","meta":{"om_disable_all_campaigns":false,"_monsterinsights_skip_tracking":false,"_monsterinsights_sitenote_active":false,"_monsterinsights_sitenote_note":"","_monsterinsights_sitenote_category":0,"site-sidebar-layout":"default","site-content-layout":"","ast-site-content-layout":"default","site-content-style":"default","site-sidebar-style":"default","ast-global-header-display":"","ast-banner-title-visibility":"","ast-main-header-display":"","ast-hfb-above-header-display":"","ast-hfb-below-header-display":"","ast-hfb-mobile-header-display":"","site-post-title":"","ast-breadcrumbs-content":"","ast-featured-img":"","footer-sml-layout":"","theme-transparent-header-meta":"default","adv-header-id-meta":"","stick-header-meta":"","header-above-stick-meta":"","header-main-stick-meta":"","header-below-stick-meta":"","astra-migrate-meta-layouts":"set","ast-page-background-enabled":"default","ast-page-background-meta":{"desktop":{"background-color":"var(--ast-global-color-4)","background-image":"","background-repeat":"repeat","background-position":"center center","background-size":"auto","background-attachment":"scroll","background-type":"","background-media":"","overlay-type":"","overlay-color":"","overlay-gradient":""},"tablet":{"background-color":"","background-image":"","background-repeat":"repeat","background-position":"center center","background-size":"auto","background-attachment":"scroll","background-type":"","background-media":"","overlay-type":"","overlay-color":"","overlay-gradient":""},"mobile":{"background-color":"","background-image":"","background-repeat":"repeat","background-position":"center center","background-size":"auto","background-attachment":"scroll","background-type":"","background-media":"","overlay-type":"","overlay-color":"","overlay-gradient":""}},"ast-content-background-meta":{"desktop":{"background-color":"var(--ast-global-color-5)","background-image":"","background-repeat":"repeat","background-position":"center center","background-size":"auto","background-attachment":"scroll","background-type":"","background-media":"","overlay-type":"","overlay-color":"","overlay-gradient":""},"tablet":{"background-color":"var(--ast-global-color-5)","background-image":"","background-repeat":"repeat","background-position":"center center","background-size":"auto","background-attachment":"scroll","background-type":"","background-media":"","overlay-type":"","overlay-color":"","overlay-gradient":""},"mobile":{"background-color":"var(--ast-global-color-5)","background-image":"","background-repeat":"repeat","background-position":"center center","background-size":"auto","background-attachment":"scroll","background-type":"","background-media":"","overlay-type":"","overlay-color":"","overlay-gradient":""}}},"product_cat":[63],"product_tag":[],"aioseo_notices":[],"jetpack_sharing_enabled":true,"_links":{"self":[{"href":"https:\/\/lomina.es\/index.php?rest_route=\/wp\/v2\/product\/1430"}],"collection":[{"href":"https:\/\/lomina.es\/index.php?rest_route=\/wp\/v2\/product"}],"about":[{"href":"https:\/\/lomina.es\/index.php?rest_route=\/wp\/v2\/types\/product"}],"replies":[{"embeddable":true,"href":"https:\/\/lomina.es\/index.php?rest_route=%2Fwp%2Fv2%2Fcomments&post=1430"}],"wp:featuredmedia":[{"embeddable":true,"href":"https:\/\/lomina.es\/index.php?rest_route=\/wp\/v2\/media\/1431"}],"wp:attachment":[{"href":"https:\/\/lomina.es\/index.php?rest_route=%2Fwp%2Fv2%2Fmedia&parent=1430"}],"wp:term":[{"taxonomy":"product_cat","embeddable":true,"href":"https:\/\/lomina.es\/index.php?rest_route=%2Fwp%2Fv2%2Fproduct_cat&post=1430"},{"taxonomy":"product_tag","embeddable":true,"href":"https:\/\/lomina.es\/index.php?rest_route=%2Fwp%2Fv2%2Fproduct_tag&post=1430"}],"curies":[{"name":"wp","href":"https:\/\/api.w.org\/{rel}","templated":true}]}}