{"id":1424,"date":"2025-10-13T12:10:43","date_gmt":"2025-10-13T10:10:43","guid":{"rendered":"https:\/\/lomina.es\/?post_type=product&#038;p=1424"},"modified":"2025-10-13T12:10:43","modified_gmt":"2025-10-13T10:10:43","slug":"maquina-de-coser-alfa-next-820","status":"publish","type":"product","link":"https:\/\/lomina.es\/?product=maquina-de-coser-alfa-next-820","title":{"rendered":"M\u00e1quina de coser Alfa Next 820+"},"content":{"rendered":"<p>La Alfa Next 820+ es una m\u00e1quina de coser f\u00e1cil e intuitiva, con funciones en espa\u00f1ol e iconos claros. Ideal para coser vaqueros, tejidos gruesos y hacer tus propios arreglos ocasionales.<\/p>\n","protected":false},"excerpt":{"rendered":"<p>Caracter\u00edsticas<\/p>\n<p>\u2022 9 tipos de puntadas (b\u00e1sicas, decorativas, festones, zig-zag y ojal autom\u00e1tico en 4 pasos)<br \/>\n\u2022 6 filas de dientes de arrastre para mejor avance de la tela<br \/>\n\u2022 Doble altura de prensatelas para coser tejidos gruesos<br \/>\n\u2022 Devanador de canilla autom\u00e1tico<br \/>\n\u2022 Portacarretes horizontal y secundario vertical<br \/>\n\u2022 Brazo libre para prendas tubulares<br \/>\n\u2022 Largo de puntada ajustable (0\u20134 mm) y ancho de zig-zag variable (0\u20135 mm)<br \/>\n\u2022 Luz LED blanca para mejor visibilidad<br \/>\n\u2022 Reguladores de tensi\u00f3n de hilo y prensatelas + cortador de hilo integrado<br \/>\n\u2022 Enmangue met\u00e1lico y visor de puntada anal\u00f3gico con medidas en mm y pulgadas<\/p>\n","protected":false},"featured_media":1427,"comment_status":"open","ping_status":"closed","template":"","meta":{"om_disable_all_campaigns":false,"_monsterinsights_skip_tracking":false,"_monsterinsights_sitenote_active":false,"_monsterinsights_sitenote_note":"","_monsterinsights_sitenote_category":0,"site-sidebar-layout":"default","site-content-layout":"","ast-site-content-layout":"default","site-content-style":"default","site-sidebar-style":"default","ast-global-header-display":"","ast-banner-title-visibility":"","ast-main-header-display":"","ast-hfb-above-header-display":"","ast-hfb-below-header-display":"","ast-hfb-mobile-header-display":"","site-post-title":"","ast-breadcrumbs-content":"","ast-featured-img":"","footer-sml-layout":"","theme-transparent-header-meta":"default","adv-header-id-meta":"","stick-header-meta":"","header-above-stick-meta":"","header-main-stick-meta":"","header-below-stick-meta":"","astra-migrate-meta-layouts":"set","ast-page-background-enabled":"default","ast-page-background-meta":{"desktop":{"background-color":"var(--ast-global-color-4)","background-image":"","background-repeat":"repeat","background-position":"center center","background-size":"auto","background-attachment":"scroll","background-type":"","background-media":"","overlay-type":"","overlay-color":"","overlay-gradient":""},"tablet":{"background-color":"","background-image":"","background-repeat":"repeat","background-position":"center center","background-size":"auto","background-attachment":"scroll","background-type":"","background-media":"","overlay-type":"","overlay-color":"","overlay-gradient":""},"mobile":{"background-color":"","background-image":"","background-repeat":"repeat","background-position":"center center","background-size":"auto","background-attachment":"scroll","background-type":"","background-media":"","overlay-type":"","overlay-color":"","overlay-gradient":""}},"ast-content-background-meta":{"desktop":{"background-color":"var(--ast-global-color-5)","background-image":"","background-repeat":"repeat","background-position":"center center","background-size":"auto","background-attachment":"scroll","background-type":"","background-media":"","overlay-type":"","overlay-color":"","overlay-gradient":""},"tablet":{"background-color":"var(--ast-global-color-5)","background-image":"","background-repeat":"repeat","background-position":"center center","background-size":"auto","background-attachment":"scroll","background-type":"","background-media":"","overlay-type":"","overlay-color":"","overlay-gradient":""},"mobile":{"background-color":"var(--ast-global-color-5)","background-image":"","background-repeat":"repeat","background-position":"center center","background-size":"auto","background-attachment":"scroll","background-type":"","background-media":"","overlay-type":"","overlay-color":"","overlay-gradient":""}}},"product_cat":[23],"product_tag":[],"aioseo_notices":[],"jetpack_sharing_enabled":true,"_links":{"self":[{"href":"https:\/\/lomina.es\/index.php?rest_route=\/wp\/v2\/product\/1424"}],"collection":[{"href":"https:\/\/lomina.es\/index.php?rest_route=\/wp\/v2\/product"}],"about":[{"href":"https:\/\/lomina.es\/index.php?rest_route=\/wp\/v2\/types\/product"}],"replies":[{"embeddable":true,"href":"https:\/\/lomina.es\/index.php?rest_route=%2Fwp%2Fv2%2Fcomments&post=1424"}],"wp:featuredmedia":[{"embeddable":true,"href":"https:\/\/lomina.es\/index.php?rest_route=\/wp\/v2\/media\/1427"}],"wp:attachment":[{"href":"https:\/\/lomina.es\/index.php?rest_route=%2Fwp%2Fv2%2Fmedia&parent=1424"}],"wp:term":[{"taxonomy":"product_cat","embeddable":true,"href":"https:\/\/lomina.es\/index.php?rest_route=%2Fwp%2Fv2%2Fproduct_cat&post=1424"},{"taxonomy":"product_tag","embeddable":true,"href":"https:\/\/lomina.es\/index.php?rest_route=%2Fwp%2Fv2%2Fproduct_tag&post=1424"}],"curies":[{"name":"wp","href":"https:\/\/api.w.org\/{rel}","templated":true}]}}