{"id":1407,"date":"2025-10-10T12:41:11","date_gmt":"2025-10-10T10:41:11","guid":{"rendered":"https:\/\/lomina.es\/?post_type=product&#038;p=1407"},"modified":"2025-10-10T12:41:11","modified_gmt":"2025-10-10T10:41:11","slug":"calefactor-fm","status":"publish","type":"product","link":"https:\/\/lomina.es\/?product=calefactor-fm","title":{"rendered":"Calefactor FM"},"content":{"rendered":"<p>Termoventilador Horizontal FM Palma 2000W con 2 niveles de potencia, una excelente opci\u00f3n para mantener tu hogar c\u00e1lido durante los fr\u00edos d\u00edas de invierno.<\/p>\n","protected":false},"excerpt":{"rendered":"<p>Caracter\u00edsticas<\/p>\n<ul>\n<li data-start=\"97\" data-end=\"155\">\n<p data-start=\"99\" data-end=\"155\">Potencia: 2000 W<\/p>\n<\/li>\n<li data-start=\"232\" data-end=\"314\">\n<p data-start=\"234\" data-end=\"314\">Dos niveles de potencia: 1000 W y 2000 W<\/p>\n<\/li>\n<li data-start=\"315\" data-end=\"377\">\n<p data-start=\"317\" data-end=\"377\">Funci\u00f3n fr\u00edo \/ calor<\/p>\n<\/li>\n<li data-start=\"378\" data-end=\"440\">\n<p data-start=\"380\" data-end=\"440\">Termostato regulable<\/p>\n<\/li>\n<li data-start=\"378\" data-end=\"440\">\n<p data-start=\"380\" data-end=\"440\">Termostato de seguridad (protecci\u00f3n contra sobrecalentamiento)<\/p>\n<\/li>\n<li data-start=\"546\" data-end=\"605\">\n<p data-start=\"548\" data-end=\"605\">Bajo nivel sonoro<\/p>\n<\/li>\n<li data-start=\"606\" data-end=\"664\">\n<p data-start=\"608\" data-end=\"664\">Rejilla met\u00e1lica<\/p>\n<\/li>\n<li data-start=\"606\" data-end=\"664\">\n<p data-start=\"608\" data-end=\"664\">Piloto luminoso (led indicador de encendido)<\/p>\n<\/li>\n<\/ul>\n","protected":false},"featured_media":1408,"comment_status":"open","ping_status":"closed","template":"","meta":{"om_disable_all_campaigns":false,"_monsterinsights_skip_tracking":false,"_monsterinsights_sitenote_active":false,"_monsterinsights_sitenote_note":"","_monsterinsights_sitenote_category":0,"site-sidebar-layout":"default","site-content-layout":"","ast-site-content-layout":"default","site-content-style":"default","site-sidebar-style":"default","ast-global-header-display":"","ast-banner-title-visibility":"","ast-main-header-display":"","ast-hfb-above-header-display":"","ast-hfb-below-header-display":"","ast-hfb-mobile-header-display":"","site-post-title":"","ast-breadcrumbs-content":"","ast-featured-img":"","footer-sml-layout":"","theme-transparent-header-meta":"default","adv-header-id-meta":"","stick-header-meta":"","header-above-stick-meta":"","header-main-stick-meta":"","header-below-stick-meta":"","astra-migrate-meta-layouts":"set","ast-page-background-enabled":"default","ast-page-background-meta":{"desktop":{"background-color":"var(--ast-global-color-4)","background-image":"","background-repeat":"repeat","background-position":"center center","background-size":"auto","background-attachment":"scroll","background-type":"","background-media":"","overlay-type":"","overlay-color":"","overlay-gradient":""},"tablet":{"background-color":"","background-image":"","background-repeat":"repeat","background-position":"center center","background-size":"auto","background-attachment":"scroll","background-type":"","background-media":"","overlay-type":"","overlay-color":"","overlay-gradient":""},"mobile":{"background-color":"","background-image":"","background-repeat":"repeat","background-position":"center center","background-size":"auto","background-attachment":"scroll","background-type":"","background-media":"","overlay-type":"","overlay-color":"","overlay-gradient":""}},"ast-content-background-meta":{"desktop":{"background-color":"var(--ast-global-color-5)","background-image":"","background-repeat":"repeat","background-position":"center center","background-size":"auto","background-attachment":"scroll","background-type":"","background-media":"","overlay-type":"","overlay-color":"","overlay-gradient":""},"tablet":{"background-color":"var(--ast-global-color-5)","background-image":"","background-repeat":"repeat","background-position":"center center","background-size":"auto","background-attachment":"scroll","background-type":"","background-media":"","overlay-type":"","overlay-color":"","overlay-gradient":""},"mobile":{"background-color":"var(--ast-global-color-5)","background-image":"","background-repeat":"repeat","background-position":"center center","background-size":"auto","background-attachment":"scroll","background-type":"","background-media":"","overlay-type":"","overlay-color":"","overlay-gradient":""}}},"product_cat":[30],"product_tag":[],"aioseo_notices":[],"jetpack_sharing_enabled":true,"_links":{"self":[{"href":"https:\/\/lomina.es\/index.php?rest_route=\/wp\/v2\/product\/1407"}],"collection":[{"href":"https:\/\/lomina.es\/index.php?rest_route=\/wp\/v2\/product"}],"about":[{"href":"https:\/\/lomina.es\/index.php?rest_route=\/wp\/v2\/types\/product"}],"replies":[{"embeddable":true,"href":"https:\/\/lomina.es\/index.php?rest_route=%2Fwp%2Fv2%2Fcomments&post=1407"}],"wp:featuredmedia":[{"embeddable":true,"href":"https:\/\/lomina.es\/index.php?rest_route=\/wp\/v2\/media\/1408"}],"wp:attachment":[{"href":"https:\/\/lomina.es\/index.php?rest_route=%2Fwp%2Fv2%2Fmedia&parent=1407"}],"wp:term":[{"taxonomy":"product_cat","embeddable":true,"href":"https:\/\/lomina.es\/index.php?rest_route=%2Fwp%2Fv2%2Fproduct_cat&post=1407"},{"taxonomy":"product_tag","embeddable":true,"href":"https:\/\/lomina.es\/index.php?rest_route=%2Fwp%2Fv2%2Fproduct_tag&post=1407"}],"curies":[{"name":"wp","href":"https:\/\/api.w.org\/{rel}","templated":true}]}}