{"id":1378,"date":"2025-10-08T10:36:34","date_gmt":"2025-10-08T08:36:34","guid":{"rendered":"https:\/\/lomina.es\/?post_type=product&#038;p=1378"},"modified":"2025-10-08T10:36:34","modified_gmt":"2025-10-08T08:36:34","slug":"plancha-de-vapor-kuken-suela-ceramica-2","status":"publish","type":"product","link":"https:\/\/lomina.es\/?product=plancha-de-vapor-kuken-suela-ceramica-2","title":{"rendered":"Plancha de vapor Kuken suela cer\u00e1mica"},"content":{"rendered":"<p>La Orbegozo SV 2250 es una plancha potente y pr\u00e1ctica, ideal para un planchado r\u00e1pido y eficiente en todo tipo de prendas.<\/p>\n","protected":false},"excerpt":{"rendered":"<p>Caracter\u00edsticas<\/p>\n<ul>\n<li data-start=\"965\" data-end=\"1046\">\n<p data-start=\"967\" data-end=\"1046\">Potencia de 2600W, calienta r\u00e1pidamente y mantiene temperatura constante.<\/p>\n<\/li>\n<li data-start=\"1047\" data-end=\"1124\">\n<p data-start=\"1049\" data-end=\"1124\">Suela de cer\u00e1mica ultra-deslizante, anti-ara\u00f1azos y f\u00e1cil de manejar.<\/p>\n<\/li>\n<li data-start=\"1125\" data-end=\"1188\">\n<p data-start=\"1127\" data-end=\"1188\">Golpe de vapor de 140\u202fg\/min, elimina arrugas dif\u00edciles.<\/p>\n<\/li>\n<li data-start=\"1189\" data-end=\"1260\">\n<p data-start=\"1191\" data-end=\"1260\">Vapor continuo regulable de 0 a 30\u202fg\/min, seg\u00fan tipo de prenda.<\/p>\n<\/li>\n<li data-start=\"1261\" data-end=\"1333\">\n<p data-start=\"1263\" data-end=\"1333\">Funciones spray difusor y vapor ON\/OFF, para mayor versatilidad.<\/p>\n<\/li>\n<li data-start=\"1334\" data-end=\"1397\">\n<p data-start=\"1336\" data-end=\"1397\">Selector de temperatura variable, ajustable por tejido.<\/p>\n<\/li>\n<li data-start=\"1398\" data-end=\"1461\">\n<p data-start=\"1400\" data-end=\"1461\">Dep\u00f3sito de agua trasl\u00facido de 320\u202fml, f\u00e1cil de llenar.<\/p>\n<\/li>\n<li data-start=\"1462\" data-end=\"1534\">\n<p data-start=\"1464\" data-end=\"1534\">Autoapagado inteligente: 30\u202fs en horizontal \/ 8\u202fmin en vertical.<\/p>\n<\/li>\n<li data-start=\"1535\" data-end=\"1595\">\n<p data-start=\"1537\" data-end=\"1595\">Sistema 3 en 1: anti-cal, anti-goteo y autolimpieza.<\/p>\n<\/li>\n<li data-start=\"1596\" data-end=\"1660\">\n<p data-start=\"1598\" data-end=\"1660\">Cable de 1,9\u202fm con giro 360\u00b0 y asa ergon\u00f3mica confort.<\/p>\n<\/li>\n<\/ul>\n","protected":false},"featured_media":1379,"comment_status":"open","ping_status":"closed","template":"","meta":{"om_disable_all_campaigns":false,"_monsterinsights_skip_tracking":false,"_monsterinsights_sitenote_active":false,"_monsterinsights_sitenote_note":"","_monsterinsights_sitenote_category":0,"site-sidebar-layout":"default","site-content-layout":"","ast-site-content-layout":"default","site-content-style":"default","site-sidebar-style":"default","ast-global-header-display":"","ast-banner-title-visibility":"","ast-main-header-display":"","ast-hfb-above-header-display":"","ast-hfb-below-header-display":"","ast-hfb-mobile-header-display":"","site-post-title":"","ast-breadcrumbs-content":"","ast-featured-img":"","footer-sml-layout":"","theme-transparent-header-meta":"default","adv-header-id-meta":"","stick-header-meta":"","header-above-stick-meta":"","header-main-stick-meta":"","header-below-stick-meta":"","astra-migrate-meta-layouts":"set","ast-page-background-enabled":"default","ast-page-background-meta":{"desktop":{"background-color":"var(--ast-global-color-4)","background-image":"","background-repeat":"repeat","background-position":"center center","background-size":"auto","background-attachment":"scroll","background-type":"","background-media":"","overlay-type":"","overlay-color":"","overlay-gradient":""},"tablet":{"background-color":"","background-image":"","background-repeat":"repeat","background-position":"center center","background-size":"auto","background-attachment":"scroll","background-type":"","background-media":"","overlay-type":"","overlay-color":"","overlay-gradient":""},"mobile":{"background-color":"","background-image":"","background-repeat":"repeat","background-position":"center center","background-size":"auto","background-attachment":"scroll","background-type":"","background-media":"","overlay-type":"","overlay-color":"","overlay-gradient":""}},"ast-content-background-meta":{"desktop":{"background-color":"var(--ast-global-color-5)","background-image":"","background-repeat":"repeat","background-position":"center center","background-size":"auto","background-attachment":"scroll","background-type":"","background-media":"","overlay-type":"","overlay-color":"","overlay-gradient":""},"tablet":{"background-color":"var(--ast-global-color-5)","background-image":"","background-repeat":"repeat","background-position":"center center","background-size":"auto","background-attachment":"scroll","background-type":"","background-media":"","overlay-type":"","overlay-color":"","overlay-gradient":""},"mobile":{"background-color":"var(--ast-global-color-5)","background-image":"","background-repeat":"repeat","background-position":"center center","background-size":"auto","background-attachment":"scroll","background-type":"","background-media":"","overlay-type":"","overlay-color":"","overlay-gradient":""}}},"product_cat":[65],"product_tag":[],"aioseo_notices":[],"jetpack_sharing_enabled":true,"_links":{"self":[{"href":"https:\/\/lomina.es\/index.php?rest_route=\/wp\/v2\/product\/1378"}],"collection":[{"href":"https:\/\/lomina.es\/index.php?rest_route=\/wp\/v2\/product"}],"about":[{"href":"https:\/\/lomina.es\/index.php?rest_route=\/wp\/v2\/types\/product"}],"replies":[{"embeddable":true,"href":"https:\/\/lomina.es\/index.php?rest_route=%2Fwp%2Fv2%2Fcomments&post=1378"}],"wp:featuredmedia":[{"embeddable":true,"href":"https:\/\/lomina.es\/index.php?rest_route=\/wp\/v2\/media\/1379"}],"wp:attachment":[{"href":"https:\/\/lomina.es\/index.php?rest_route=%2Fwp%2Fv2%2Fmedia&parent=1378"}],"wp:term":[{"taxonomy":"product_cat","embeddable":true,"href":"https:\/\/lomina.es\/index.php?rest_route=%2Fwp%2Fv2%2Fproduct_cat&post=1378"},{"taxonomy":"product_tag","embeddable":true,"href":"https:\/\/lomina.es\/index.php?rest_route=%2Fwp%2Fv2%2Fproduct_tag&post=1378"}],"curies":[{"name":"wp","href":"https:\/\/api.w.org\/{rel}","templated":true}]}}