{"id":1365,"date":"2025-10-08T09:57:22","date_gmt":"2025-10-08T07:57:22","guid":{"rendered":"https:\/\/lomina.es\/?post_type=product&#038;p=1365"},"modified":"2026-01-30T12:32:59","modified_gmt":"2026-01-30T11:32:59","slug":"plancha-de-vapor-suela-inoxidable-kuken","status":"publish","type":"product","link":"https:\/\/lomina.es\/?product=plancha-de-vapor-suela-inoxidable-kuken","title":{"rendered":"Plancha de vapor suela inoxidable K\u00fcken"},"content":{"rendered":"<p>Potente, ergon\u00f3mica y vers\u00e1til. Elimina arrugas incluso en tejidos gruesos gracias a su vapor vertical, suela de acero y control de temperatura. 34438<\/p>\n","protected":false},"excerpt":{"rendered":"<p>Caracter\u00edsticas<\/p>\n<ul>\n<li class=\"\" data-start=\"720\" data-end=\"786\">\n<p class=\"\" data-start=\"722\" data-end=\"786\"><strong data-start=\"722\" data-end=\"743\">Potencia de 2200W<\/strong>, elimina arrugas con rapidez y eficacia.<\/p>\n<\/li>\n<li class=\"\" data-start=\"787\" data-end=\"874\">\n<p class=\"\" data-start=\"789\" data-end=\"874\"><strong data-start=\"789\" data-end=\"831\">Suela de acero inoxidable antiara\u00f1azos<\/strong>, alta durabilidad y deslizamiento suave.<\/p>\n<\/li>\n<li class=\"\" data-start=\"875\" data-end=\"954\">\n<p class=\"\" data-start=\"877\" data-end=\"954\"><strong data-start=\"877\" data-end=\"907\">Dep\u00f3sito de agua de 250\u202fml<\/strong>, ideal para sesiones de planchado continuas.<\/p>\n<\/li>\n<li class=\"\" data-start=\"955\" data-end=\"1025\">\n<p class=\"\" data-start=\"957\" data-end=\"1025\"><strong data-start=\"957\" data-end=\"988\">Golpe de vapor de 100\u202fg\/min<\/strong>, perfecto para pliegues dif\u00edciles.<\/p>\n<\/li>\n<li class=\"\" data-start=\"1026\" data-end=\"1083\">\n<p class=\"\" data-start=\"1028\" data-end=\"1083\">Funciones:\u00a0<strong data-start=\"1039\" data-end=\"1080\">seco, aerosol, vapor y vapor vertical<\/strong>.<\/p>\n<\/li>\n<li class=\"\" data-start=\"1084\" data-end=\"1162\">\n<p class=\"\" data-start=\"1086\" data-end=\"1162\">Incluye\u00a0<strong data-start=\"1094\" data-end=\"1118\">funci\u00f3n autolimpieza<\/strong>,\u00a0<strong data-start=\"1120\" data-end=\"1134\">anti-goteo<\/strong>\u00a0y\u00a0<strong data-start=\"1137\" data-end=\"1159\">apagado autom\u00e1tico<\/strong>.<\/p>\n<\/li>\n<li class=\"\" data-start=\"1163\" data-end=\"1226\">\n<p class=\"\" data-start=\"1165\" data-end=\"1226\"><strong data-start=\"1165\" data-end=\"1185\">Mango ergon\u00f3mico<\/strong>, c\u00f3modo y seguro en el uso prolongado.<\/p>\n<\/li>\n<li class=\"\" data-start=\"1227\" data-end=\"1292\">\n<p class=\"\" data-start=\"1229\" data-end=\"1292\"><strong data-start=\"1229\" data-end=\"1265\">Control de temperatura ajustable<\/strong>\u00a0seg\u00fan el tipo de tejido.<\/p>\n<\/li>\n<li class=\"\" data-start=\"1293\" data-end=\"1356\">\n<p class=\"\" data-start=\"1295\" data-end=\"1356\"><strong data-start=\"1295\" data-end=\"1329\">Cable de 2\u202fm con rotaci\u00f3n 360\u00ba<\/strong>, libertad de movimiento.<\/p>\n<\/li>\n<li class=\"\" data-start=\"1357\" data-end=\"1418\">\n<p class=\"\" data-start=\"1359\" data-end=\"1418\">Ideal para\u00a0<strong data-start=\"1370\" data-end=\"1392\">todo tipo de telas<\/strong>, incluso las m\u00e1s gruesas.<\/p>\n<\/li>\n<\/ul>\n<p>&nbsp;<\/p>\n<div class=\"accordion\">\n<div class=\"mfn-acc accordion_wrapper toggle\">\n<div class=\"question\">\n<div class=\"title\"><\/div>\n<\/div>\n<\/div>\n<\/div>\n","protected":false},"featured_media":1368,"comment_status":"open","ping_status":"closed","template":"","meta":{"om_disable_all_campaigns":false,"_monsterinsights_skip_tracking":false,"_monsterinsights_sitenote_active":false,"_monsterinsights_sitenote_note":"","_monsterinsights_sitenote_category":0,"site-sidebar-layout":"default","site-content-layout":"","ast-site-content-layout":"default","site-content-style":"default","site-sidebar-style":"default","ast-global-header-display":"","ast-banner-title-visibility":"","ast-main-header-display":"","ast-hfb-above-header-display":"","ast-hfb-below-header-display":"","ast-hfb-mobile-header-display":"","site-post-title":"","ast-breadcrumbs-content":"","ast-featured-img":"","footer-sml-layout":"","theme-transparent-header-meta":"default","adv-header-id-meta":"","stick-header-meta":"","header-above-stick-meta":"","header-main-stick-meta":"","header-below-stick-meta":"","astra-migrate-meta-layouts":"set","ast-page-background-enabled":"default","ast-page-background-meta":{"desktop":{"background-color":"var(--ast-global-color-4)","background-image":"","background-repeat":"repeat","background-position":"center center","background-size":"auto","background-attachment":"scroll","background-type":"","background-media":"","overlay-type":"","overlay-color":"","overlay-gradient":""},"tablet":{"background-color":"","background-image":"","background-repeat":"repeat","background-position":"center center","background-size":"auto","background-attachment":"scroll","background-type":"","background-media":"","overlay-type":"","overlay-color":"","overlay-gradient":""},"mobile":{"background-color":"","background-image":"","background-repeat":"repeat","background-position":"center center","background-size":"auto","background-attachment":"scroll","background-type":"","background-media":"","overlay-type":"","overlay-color":"","overlay-gradient":""}},"ast-content-background-meta":{"desktop":{"background-color":"var(--ast-global-color-5)","background-image":"","background-repeat":"repeat","background-position":"center center","background-size":"auto","background-attachment":"scroll","background-type":"","background-media":"","overlay-type":"","overlay-color":"","overlay-gradient":""},"tablet":{"background-color":"var(--ast-global-color-5)","background-image":"","background-repeat":"repeat","background-position":"center center","background-size":"auto","background-attachment":"scroll","background-type":"","background-media":"","overlay-type":"","overlay-color":"","overlay-gradient":""},"mobile":{"background-color":"var(--ast-global-color-5)","background-image":"","background-repeat":"repeat","background-position":"center center","background-size":"auto","background-attachment":"scroll","background-type":"","background-media":"","overlay-type":"","overlay-color":"","overlay-gradient":""}}},"product_cat":[65],"product_tag":[],"aioseo_notices":[],"jetpack_sharing_enabled":true,"_links":{"self":[{"href":"https:\/\/lomina.es\/index.php?rest_route=\/wp\/v2\/product\/1365"}],"collection":[{"href":"https:\/\/lomina.es\/index.php?rest_route=\/wp\/v2\/product"}],"about":[{"href":"https:\/\/lomina.es\/index.php?rest_route=\/wp\/v2\/types\/product"}],"replies":[{"embeddable":true,"href":"https:\/\/lomina.es\/index.php?rest_route=%2Fwp%2Fv2%2Fcomments&post=1365"}],"wp:featuredmedia":[{"embeddable":true,"href":"https:\/\/lomina.es\/index.php?rest_route=\/wp\/v2\/media\/1368"}],"wp:attachment":[{"href":"https:\/\/lomina.es\/index.php?rest_route=%2Fwp%2Fv2%2Fmedia&parent=1365"}],"wp:term":[{"taxonomy":"product_cat","embeddable":true,"href":"https:\/\/lomina.es\/index.php?rest_route=%2Fwp%2Fv2%2Fproduct_cat&post=1365"},{"taxonomy":"product_tag","embeddable":true,"href":"https:\/\/lomina.es\/index.php?rest_route=%2Fwp%2Fv2%2Fproduct_tag&post=1365"}],"curies":[{"name":"wp","href":"https:\/\/api.w.org\/{rel}","templated":true}]}}