{"id":1358,"date":"2025-10-08T09:47:02","date_gmt":"2025-10-08T07:47:02","guid":{"rendered":"https:\/\/lomina.es\/?post_type=product&#038;p=1358"},"modified":"2025-12-03T13:07:01","modified_gmt":"2025-12-03T12:07:01","slug":"centro-de-planchado-rowenta-turbosteam","status":"publish","type":"product","link":"https:\/\/lomina.es\/?product=centro-de-planchado-rowenta-turbosteam","title":{"rendered":"Centro de Planchado Rowenta Turbosteam"},"content":{"rendered":"<div>\n<p>3 veces m\u00e1s potente, para un planchado m\u00e1s r\u00e1pido en un producto ultracompacto<\/p>\n<\/div>\n<div id=\"productFeatures\" class=\"is-inline is-collapsible\" tabindex=\"-1\" aria-expanded=\"true\">\n<p>&nbsp;<\/p>\n<\/div>\n","protected":false},"excerpt":{"rendered":"<div>\n<p>Caracter\u00edsticas<\/p>\n<ul class=\"c__list-features is-xs\">\n<li class=\"ng-star-inserted\"><span class=\"ng-star-inserted\">Centro de planchado con bomba de agua de 6,5 bares para unos resultados r\u00e1pidos y eficientes<\/span><\/li>\n<li class=\"ng-star-inserted\"><span class=\"ng-star-inserted\">Dep\u00f3sito de agua de 1,7 L que permite sesiones de planchado ininterrumpidas con gran facilidad<\/span><\/li>\n<li class=\"ng-star-inserted\"><span class=\"ng-star-inserted\">Golpe de vapor de 370 g\/min que elimina hasta las arrugas m\u00e1s rebeldes y permite planchar tejidos gruesos<\/span><\/li>\n<\/ul>\n<\/div>\n<div id=\"productFeatures\" class=\"is-inline is-collapsible\" tabindex=\"-1\" aria-expanded=\"true\">\n<ul class=\"c__list-features is-xs\">\n<li class=\"ng-star-inserted\"><span class=\"ng-star-inserted\">Centro de planchado de vapor f\u00e1cil de almacenar y de\u00a0transportar con una sola mano, gracias a su sistema de bloqueo<\/span><\/li>\n<li class=\"ng-star-inserted\"><span class=\"ng-star-inserted\">Sistema antical que garantiza un rendimiento de vapor fiable y duradero<\/span><\/li>\n<li class=\"ng-star-inserted\"><span class=\"ng-star-inserted\">Modo Eco que ofrece un consumo reducido a la vez que permite unos resultados de planchado de gran rapidez<\/span><\/li>\n<li class=\"ng-star-inserted\"><span class=\"ng-star-inserted\">Suela antiarayaduras de alta calidad MiscroSteam 400 l\u00e1ser que ofrece una \u00f3ptima difusi\u00f3n del vapor y un deslizamiento perfecto<\/span><\/li>\n<\/ul>\n<\/div>\n","protected":false},"featured_media":1363,"comment_status":"open","ping_status":"closed","template":"","meta":{"om_disable_all_campaigns":false,"_monsterinsights_skip_tracking":false,"_monsterinsights_sitenote_active":false,"_monsterinsights_sitenote_note":"","_monsterinsights_sitenote_category":0,"site-sidebar-layout":"default","site-content-layout":"","ast-site-content-layout":"default","site-content-style":"default","site-sidebar-style":"default","ast-global-header-display":"","ast-banner-title-visibility":"","ast-main-header-display":"","ast-hfb-above-header-display":"","ast-hfb-below-header-display":"","ast-hfb-mobile-header-display":"","site-post-title":"","ast-breadcrumbs-content":"","ast-featured-img":"","footer-sml-layout":"","theme-transparent-header-meta":"default","adv-header-id-meta":"","stick-header-meta":"","header-above-stick-meta":"","header-main-stick-meta":"","header-below-stick-meta":"","astra-migrate-meta-layouts":"set","ast-page-background-enabled":"default","ast-page-background-meta":{"desktop":{"background-color":"var(--ast-global-color-4)","background-image":"","background-repeat":"repeat","background-position":"center center","background-size":"auto","background-attachment":"scroll","background-type":"","background-media":"","overlay-type":"","overlay-color":"","overlay-gradient":""},"tablet":{"background-color":"","background-image":"","background-repeat":"repeat","background-position":"center center","background-size":"auto","background-attachment":"scroll","background-type":"","background-media":"","overlay-type":"","overlay-color":"","overlay-gradient":""},"mobile":{"background-color":"","background-image":"","background-repeat":"repeat","background-position":"center center","background-size":"auto","background-attachment":"scroll","background-type":"","background-media":"","overlay-type":"","overlay-color":"","overlay-gradient":""}},"ast-content-background-meta":{"desktop":{"background-color":"var(--ast-global-color-5)","background-image":"","background-repeat":"repeat","background-position":"center center","background-size":"auto","background-attachment":"scroll","background-type":"","background-media":"","overlay-type":"","overlay-color":"","overlay-gradient":""},"tablet":{"background-color":"var(--ast-global-color-5)","background-image":"","background-repeat":"repeat","background-position":"center center","background-size":"auto","background-attachment":"scroll","background-type":"","background-media":"","overlay-type":"","overlay-color":"","overlay-gradient":""},"mobile":{"background-color":"var(--ast-global-color-5)","background-image":"","background-repeat":"repeat","background-position":"center center","background-size":"auto","background-attachment":"scroll","background-type":"","background-media":"","overlay-type":"","overlay-color":"","overlay-gradient":""}}},"product_cat":[65],"product_tag":[],"aioseo_notices":[],"jetpack_sharing_enabled":true,"_links":{"self":[{"href":"https:\/\/lomina.es\/index.php?rest_route=\/wp\/v2\/product\/1358"}],"collection":[{"href":"https:\/\/lomina.es\/index.php?rest_route=\/wp\/v2\/product"}],"about":[{"href":"https:\/\/lomina.es\/index.php?rest_route=\/wp\/v2\/types\/product"}],"replies":[{"embeddable":true,"href":"https:\/\/lomina.es\/index.php?rest_route=%2Fwp%2Fv2%2Fcomments&post=1358"}],"wp:featuredmedia":[{"embeddable":true,"href":"https:\/\/lomina.es\/index.php?rest_route=\/wp\/v2\/media\/1363"}],"wp:attachment":[{"href":"https:\/\/lomina.es\/index.php?rest_route=%2Fwp%2Fv2%2Fmedia&parent=1358"}],"wp:term":[{"taxonomy":"product_cat","embeddable":true,"href":"https:\/\/lomina.es\/index.php?rest_route=%2Fwp%2Fv2%2Fproduct_cat&post=1358"},{"taxonomy":"product_tag","embeddable":true,"href":"https:\/\/lomina.es\/index.php?rest_route=%2Fwp%2Fv2%2Fproduct_tag&post=1358"}],"curies":[{"name":"wp","href":"https:\/\/api.w.org\/{rel}","templated":true}]}}