{"id":1328,"date":"2025-06-12T13:31:50","date_gmt":"2025-06-12T11:31:50","guid":{"rendered":"https:\/\/lomina.es\/?post_type=product&#038;p=1328"},"modified":"2026-01-31T13:25:26","modified_gmt":"2026-01-31T12:25:26","slug":"moldeador-tristar-cepillo-sin-cable","status":"publish","type":"product","link":"https:\/\/lomina.es\/?product=moldeador-tristar-cepillo-sin-cable","title":{"rendered":"Moldeador Tristar Cepillo sin cable HD2503"},"content":{"rendered":"<p>Este cepillo para el cabello es la herramienta perfecta para agregar volumen o crear un peinado profesional. Tiene un tiempo de uso de 25 min y se carga completamente en 3 horas, por lo que podr\u00e1s usarlo donde quieras. Como este art\u00edculo es inal\u00e1mbrico, es perfecto para irte de viaje o vacaciones. \u00a1Crear\u00e1s el peinado perfecto en poco tiempo!<\/p>\n","protected":false},"excerpt":{"rendered":"<p>CARACTER\u00cdSTICAS<\/p>\n<ul class=\"a-unordered-list a-vertical a-spacing-mini\">\n<li class=\"a-spacing-mini\"><span class=\"a-list-item\"><strong>3 ajustes de temperatura<\/strong>: Los tres ajustes de temperatura te permiten elegir la temperatura que mejor se adapta a tu cabello. Encuentra el ajuste perfecto para satisfacer tus necesidades de peinado individuales.<\/span><\/li>\n<li class=\"a-spacing-mini\"><span class=\"a-list-item\"><strong>Sin cable<\/strong>: es inal\u00e1mbrico, lo que lo hace ideal para usarlo en cualquier lugar. Sin molestos cables que limiten tus movimientos, peina tu cabello en cualquier momento y lugar con la m\u00e1xima comodidad.<\/span><\/li>\n<li class=\"a-spacing-mini\"><span class=\"a-list-item\"><strong>Puntas termoaislantes<\/strong>: descubre el innovador mundo del peinado con nuestras puntas termoaislantes de \u00faltima generaci\u00f3n. Nuestras herramientas de peinado no solo ofrecen un rendimiento excelente, sino que tambi\u00e9n protegen tu cuero cabelludo sensible de la exposici\u00f3n al calor.<\/span><\/li>\n<li class=\"a-spacing-mini\"><span class=\"a-list-item\"><strong>Revestimiento cer\u00e1mico<\/strong>: el exclusivo revestimiento cer\u00e1mico de nuestros productos proporciona a tu cabello una suavidad incomparable. La superficie lisa minimiza la fricci\u00f3n y los da\u00f1os causados por el calor, al tiempo que garantiza un resultado de peinado profesional. Experimenta el efecto transformador cuando tu pelo se vuelve suave como la seda y brillante gracias al revestimiento cer\u00e1mico.<\/span><\/li>\n<li class=\"a-spacing-mini\"><span class=\"a-list-item\"><strong>Para todo tipo de cabellos<\/strong>: nuestras herramientas de peinado son adecuadas para todo tipo de cabellos, desde lisos a rizados. Tanto si tienes el pelo fino como grueso, nuestros productos est\u00e1n dise\u00f1ados para obtener resultados \u00f3ptimos y adaptarse a tu tipo de cabello.<\/span><\/li>\n<\/ul>\n","protected":false},"featured_media":1329,"comment_status":"open","ping_status":"closed","template":"","meta":{"om_disable_all_campaigns":false,"_monsterinsights_skip_tracking":false,"_monsterinsights_sitenote_active":false,"_monsterinsights_sitenote_note":"","_monsterinsights_sitenote_category":0,"site-sidebar-layout":"default","site-content-layout":"","ast-site-content-layout":"default","site-content-style":"default","site-sidebar-style":"default","ast-global-header-display":"","ast-banner-title-visibility":"","ast-main-header-display":"","ast-hfb-above-header-display":"","ast-hfb-below-header-display":"","ast-hfb-mobile-header-display":"","site-post-title":"","ast-breadcrumbs-content":"","ast-featured-img":"","footer-sml-layout":"","theme-transparent-header-meta":"default","adv-header-id-meta":"","stick-header-meta":"","header-above-stick-meta":"","header-main-stick-meta":"","header-below-stick-meta":"","astra-migrate-meta-layouts":"set","ast-page-background-enabled":"default","ast-page-background-meta":{"desktop":{"background-color":"var(--ast-global-color-4)","background-image":"","background-repeat":"repeat","background-position":"center center","background-size":"auto","background-attachment":"scroll","background-type":"","background-media":"","overlay-type":"","overlay-color":"","overlay-gradient":""},"tablet":{"background-color":"","background-image":"","background-repeat":"repeat","background-position":"center center","background-size":"auto","background-attachment":"scroll","background-type":"","background-media":"","overlay-type":"","overlay-color":"","overlay-gradient":""},"mobile":{"background-color":"","background-image":"","background-repeat":"repeat","background-position":"center center","background-size":"auto","background-attachment":"scroll","background-type":"","background-media":"","overlay-type":"","overlay-color":"","overlay-gradient":""}},"ast-content-background-meta":{"desktop":{"background-color":"var(--ast-global-color-5)","background-image":"","background-repeat":"repeat","background-position":"center center","background-size":"auto","background-attachment":"scroll","background-type":"","background-media":"","overlay-type":"","overlay-color":"","overlay-gradient":""},"tablet":{"background-color":"var(--ast-global-color-5)","background-image":"","background-repeat":"repeat","background-position":"center center","background-size":"auto","background-attachment":"scroll","background-type":"","background-media":"","overlay-type":"","overlay-color":"","overlay-gradient":""},"mobile":{"background-color":"var(--ast-global-color-5)","background-image":"","background-repeat":"repeat","background-position":"center center","background-size":"auto","background-attachment":"scroll","background-type":"","background-media":"","overlay-type":"","overlay-color":"","overlay-gradient":""}}},"product_cat":[66],"product_tag":[],"aioseo_notices":[],"jetpack_sharing_enabled":true,"_links":{"self":[{"href":"https:\/\/lomina.es\/index.php?rest_route=\/wp\/v2\/product\/1328"}],"collection":[{"href":"https:\/\/lomina.es\/index.php?rest_route=\/wp\/v2\/product"}],"about":[{"href":"https:\/\/lomina.es\/index.php?rest_route=\/wp\/v2\/types\/product"}],"replies":[{"embeddable":true,"href":"https:\/\/lomina.es\/index.php?rest_route=%2Fwp%2Fv2%2Fcomments&post=1328"}],"wp:featuredmedia":[{"embeddable":true,"href":"https:\/\/lomina.es\/index.php?rest_route=\/wp\/v2\/media\/1329"}],"wp:attachment":[{"href":"https:\/\/lomina.es\/index.php?rest_route=%2Fwp%2Fv2%2Fmedia&parent=1328"}],"wp:term":[{"taxonomy":"product_cat","embeddable":true,"href":"https:\/\/lomina.es\/index.php?rest_route=%2Fwp%2Fv2%2Fproduct_cat&post=1328"},{"taxonomy":"product_tag","embeddable":true,"href":"https:\/\/lomina.es\/index.php?rest_route=%2Fwp%2Fv2%2Fproduct_tag&post=1328"}],"curies":[{"name":"wp","href":"https:\/\/api.w.org\/{rel}","templated":true}]}}