{"id":1290,"date":"2025-06-07T13:54:02","date_gmt":"2025-06-07T11:54:02","guid":{"rendered":"https:\/\/lomina.es\/?post_type=product&#038;p=1290"},"modified":"2025-06-07T13:54:02","modified_gmt":"2025-06-07T11:54:02","slug":"plancha-para-ondas-bellisima-imetec","status":"publish","type":"product","link":"https:\/\/lomina.es\/?product=plancha-para-ondas-bellisima-imetec","title":{"rendered":"Plancha para ondas Bellisima Imetec"},"content":{"rendered":"<p>Dos estilos de\u00a0ondas, anchas o estrechas,\u00a0luminosas para un efecto natural o definido, sin da\u00f1ar el pelo.<\/p>\n","protected":false},"excerpt":{"rendered":"<p>CARACTER\u00cdSTICAS<\/p>\n<ul class=\"a-unordered-list a-vertical a-spacing-mini\">\n<li class=\"a-spacing-mini\"><span class=\"a-list-item\">Placa para realizar ondas marcadas o suaves para dar car\u00e1cter a tu look<\/span><\/li>\n<li class=\"a-spacing-mini\"><span class=\"a-list-item\">Desbloquea la plancha doble y g\u00edrala f\u00e1cilmente gracias a los dos pulsadores laterales y elige el efecto deseado: lado ancho para ondas anchas con efecto suave y natural, lado estrecho para ondas marcadas y definidas para conseguir un look s\u00faper glamouroso<\/span><\/li>\n<li class=\"a-spacing-mini\"><span class=\"a-list-item\">Placas onduladas revestidas de cer\u00e1mica para una distribuci\u00f3n homog\u00e9nea del calor que respeta tu cabello<\/span><\/li>\n<li class=\"a-spacing-mini\"><span class=\"a-list-item\">Thermo control system para regular manualmente la temperatura de 160c a 200c<\/span><\/li>\n<li class=\"a-spacing-mini\"><span class=\"a-list-item\">My pro beach waves la placa original para ondas con efecto natural anchas o marcadas<\/span><\/li>\n<li class=\"a-spacing-mini\"><span class=\"a-list-item\">Vataje W : 330.0<\/span><\/li>\n<li class=\"a-spacing-mini\"><span class=\"a-list-item\">Caracter\u00edsticas especiales: Punta antiquemaduras; cable giratorio; longitud del cable 1,8 m<\/span><\/li>\n<li class=\"a-spacing-mini\"><span class=\"a-list-item\">Voltaje: 240.0<\/span><\/li>\n<\/ul>\n","protected":false},"featured_media":1291,"comment_status":"open","ping_status":"closed","template":"","meta":{"om_disable_all_campaigns":false,"_monsterinsights_skip_tracking":false,"_monsterinsights_sitenote_active":false,"_monsterinsights_sitenote_note":"","_monsterinsights_sitenote_category":0,"site-sidebar-layout":"default","site-content-layout":"","ast-site-content-layout":"default","site-content-style":"default","site-sidebar-style":"default","ast-global-header-display":"","ast-banner-title-visibility":"","ast-main-header-display":"","ast-hfb-above-header-display":"","ast-hfb-below-header-display":"","ast-hfb-mobile-header-display":"","site-post-title":"","ast-breadcrumbs-content":"","ast-featured-img":"","footer-sml-layout":"","theme-transparent-header-meta":"default","adv-header-id-meta":"","stick-header-meta":"","header-above-stick-meta":"","header-main-stick-meta":"","header-below-stick-meta":"","astra-migrate-meta-layouts":"set","ast-page-background-enabled":"default","ast-page-background-meta":{"desktop":{"background-color":"var(--ast-global-color-4)","background-image":"","background-repeat":"repeat","background-position":"center center","background-size":"auto","background-attachment":"scroll","background-type":"","background-media":"","overlay-type":"","overlay-color":"","overlay-gradient":""},"tablet":{"background-color":"","background-image":"","background-repeat":"repeat","background-position":"center center","background-size":"auto","background-attachment":"scroll","background-type":"","background-media":"","overlay-type":"","overlay-color":"","overlay-gradient":""},"mobile":{"background-color":"","background-image":"","background-repeat":"repeat","background-position":"center center","background-size":"auto","background-attachment":"scroll","background-type":"","background-media":"","overlay-type":"","overlay-color":"","overlay-gradient":""}},"ast-content-background-meta":{"desktop":{"background-color":"var(--ast-global-color-5)","background-image":"","background-repeat":"repeat","background-position":"center center","background-size":"auto","background-attachment":"scroll","background-type":"","background-media":"","overlay-type":"","overlay-color":"","overlay-gradient":""},"tablet":{"background-color":"var(--ast-global-color-5)","background-image":"","background-repeat":"repeat","background-position":"center center","background-size":"auto","background-attachment":"scroll","background-type":"","background-media":"","overlay-type":"","overlay-color":"","overlay-gradient":""},"mobile":{"background-color":"var(--ast-global-color-5)","background-image":"","background-repeat":"repeat","background-position":"center center","background-size":"auto","background-attachment":"scroll","background-type":"","background-media":"","overlay-type":"","overlay-color":"","overlay-gradient":""}}},"product_cat":[66],"product_tag":[],"aioseo_notices":[],"jetpack_sharing_enabled":true,"_links":{"self":[{"href":"https:\/\/lomina.es\/index.php?rest_route=\/wp\/v2\/product\/1290"}],"collection":[{"href":"https:\/\/lomina.es\/index.php?rest_route=\/wp\/v2\/product"}],"about":[{"href":"https:\/\/lomina.es\/index.php?rest_route=\/wp\/v2\/types\/product"}],"replies":[{"embeddable":true,"href":"https:\/\/lomina.es\/index.php?rest_route=%2Fwp%2Fv2%2Fcomments&post=1290"}],"wp:featuredmedia":[{"embeddable":true,"href":"https:\/\/lomina.es\/index.php?rest_route=\/wp\/v2\/media\/1291"}],"wp:attachment":[{"href":"https:\/\/lomina.es\/index.php?rest_route=%2Fwp%2Fv2%2Fmedia&parent=1290"}],"wp:term":[{"taxonomy":"product_cat","embeddable":true,"href":"https:\/\/lomina.es\/index.php?rest_route=%2Fwp%2Fv2%2Fproduct_cat&post=1290"},{"taxonomy":"product_tag","embeddable":true,"href":"https:\/\/lomina.es\/index.php?rest_route=%2Fwp%2Fv2%2Fproduct_tag&post=1290"}],"curies":[{"name":"wp","href":"https:\/\/api.w.org\/{rel}","templated":true}]}}