{"id":126,"date":"2024-01-31T03:12:20","date_gmt":"2024-01-31T02:12:20","guid":{"rendered":"https:\/\/lomina.es\/?post_type=product&#038;p=126"},"modified":"2025-05-13T20:12:06","modified_gmt":"2025-05-13T18:12:06","slug":"tablet-samsung-galaxy-tab-a8-10-5-3gb-32gb","status":"publish","type":"product","link":"https:\/\/lomina.es\/?product=tablet-samsung-galaxy-tab-a8-10-5-3gb-32gb","title":{"rendered":"Tablet Samsung Galaxy Tab A9+ 11&#8243;\/ 8GB\/ 128GB (Acabar de editar )"},"content":{"rendered":"<p><strong>Una visi\u00f3n del mundo a lo grande<\/strong><\/p>\n<p>Su pantalla de 10,5&#8243; de ancho cuenta con un marco sim\u00e9trico de solo 10,2 mm para que te sumerjas de lleno en tus contenidos favoritos.<\/p>\n<p><strong>Cl\u00e1sica y moderna, \u00a1lo tiene todo!<\/strong><\/p>\n<p>Con una est\u00e9tica jovial y un toque de frescura, nuestra Galaxy Tab A8 desprende un aura vibrante y una apariencia juvenil. Su elegante cuerpo met\u00e1lico, que presenta un perfil ultrafino de tan solo 6,9 mm, da lugar al dise\u00f1o caracter\u00edstico de las tablets Samsung. Disponible en gris, plata y oro rosa, Galaxy Tab A8 muestra una belleza natural que no dejar\u00e1 a nadie indiferente.<\/p>\n<p><strong>Sum\u00e9rgete en los sonidos m\u00e1s din\u00e1micos<\/strong><\/p>\n<p>Lleva tu forma de disfrutar al siguiente nivel gracias a sus cuatro altavoces con sonido envolvente Dolby Atmos\u00ae. Experimentar\u00e1s cada detalle del audio con una claridad y profundidad excepcionales, ya que ha sido creada para ofrecer la m\u00e1xima inmersi\u00f3n. Galaxy Tab A8 abre un universo envolvente lleno de contenidos, juegos y actividades que cautivar\u00e1n a los m\u00e1s j\u00f3venes.<\/p>\n<p><strong>Una potencia superior que toma el mando<\/strong><\/p>\n<p>El procesador Octa-core, combinado con hasta 4GB de RAM y 128GB de almacenamiento interno, hace posible que nuestra Galaxy Tab A8 est\u00e9 lista para superar cualquier reto, sin que su velocidad o bater\u00eda se inmuten. Y, adem\u00e1s, ahorra m\u00e1s espacio con una tarjeta microSD de hasta 1TB y despreoc\u00fapate gracias a su bater\u00eda de 7.040mAh (t\u00edpica) y su carga r\u00e1pida de 15W.<\/p>\n<p><strong>Desbordante. Accesible. Todo tuyo<\/strong><\/p>\n<p>Con Samsung TV Plus, nuestra Galaxy Tab A8 te ofrece televisi\u00f3n gratuita e instant\u00e1nea, en cualquier momento y lugar. Disfruta miles de horas de noticias, deportes, pel\u00edculas, una gran variedad de contenidos infantiles \u00a1y mucho m\u00e1s! Solo tienes que iniciar la app de Samsung TV Plus y utilizar la gu\u00eda para ver lo que se reproduce, as\u00ed como pr\u00f3ximos contenidos.<\/p>\n<p><strong>Prueba YouTube Premium<\/strong><\/p>\n<p>Disfruta de YouTube sin anuncios al canjear tu suscripci\u00f3n de dos meses a YouTube Premium \u00a1sin coste adicional! Obt\u00e9n acceso gratuito al comprar tu Galaxy Tab A8, con la que podr\u00e1s ver v\u00eddeos mientras utilizas otras apps o, incluso, mientras su pantalla est\u00e1 bloqueada.<\/p>\n<p><strong>Tus clases, todo un \u00e9xito con Screen Recorder<\/strong><\/p>\n<p>Al estar integrado en tu Galaxy Tab A8, Screen Recorder te permite grabar una clase online en directo de forma sencilla y sin complicaciones. Mant\u00e9n la atenci\u00f3n durante toda la sesi\u00f3n marcando directamete el contenido y tomando nota de los puntos clave y&#8230; \u00a1voil\u00e0! Tu clase en v\u00eddeo, lista para ser vista cuando t\u00fa quieras.<\/p>\n<p><strong>Protege a los m\u00e1s peque\u00f1os con Samsung Kids<\/strong><\/p>\n<p>Samsung Kids presenta un entorno seguro, lleno de actividades divertidas que animan a los ni\u00f1os a aprender, en el que tu hijo podr\u00e1 explorar y conectarse con el mundo. Disfruta de un control parental mejorado que pone l\u00edmies al tiempo de juego, da acceso selectivo a las apps y controla sus actividades a simple vista.<\/p>\n<p><strong>Descubre nuevas formas de usar tu tablet<\/strong><\/p>\n<p>Aprovecha al m\u00e1ximo la experencia multiventana mejorada de Samsung. Con Galaxy Tab A8, puedes dividir la pantalla por la mitad y hacer dos cosas a la vez. Ajusta el enfoque de ventana seg\u00fan sea necesario arrastrando y soltando, comparte contenido entre apps y arrastra y suelta una notificaci\u00f3n.<\/p>\n<p><strong>Prot\u00e9gete con Samsung Knox<\/strong><\/p>\n<p>Empezando por el hardware, Samsung Knox bloquea posibles intrusiones. En tiempo real, evita que el n\u00facleo que sirve de cerebro del dispositivo se vea comprometido. As\u00ed, esta plataforma multicapa de \u00faltima generaci\u00f3n inspecciona constantemente el n\u00facleo del software y verifica la identidad del dispositivo.<\/p>\n<p>&nbsp;<\/p>\n<h2>Especificaciones<\/h2>\n<table>\n<tbody>\n<tr>\n<td><strong>Procesador<\/strong><\/td>\n<td><\/td>\n<\/tr>\n<tr>\n<td>Velocidad CPU<\/td>\n<td>2GHz<\/td>\n<\/tr>\n<tr>\n<td>Tipo CPU<\/td>\n<td>Octa-Core<\/td>\n<\/tr>\n<tr>\n<td><strong>Pantalla<\/strong><\/td>\n<td><\/td>\n<\/tr>\n<tr>\n<td>Tama\u00f1o<\/td>\n<td>10.5&#8243; (266.9mm)<\/td>\n<\/tr>\n<tr>\n<td>Resoluci\u00f3n<\/td>\n<td>1920 x 1200 (WUXGA)<\/td>\n<\/tr>\n<tr>\n<td>Tecnolog\u00eda<\/td>\n<td>TFT<\/td>\n<\/tr>\n<tr>\n<td>N\u00famero de colores<\/td>\n<td>16M<\/td>\n<\/tr>\n<tr>\n<td><strong>C\u00e1mara<\/strong><\/td>\n<td><\/td>\n<\/tr>\n<tr>\n<td>C\u00e1mara principal &#8211; Resoluci\u00f3n<\/td>\n<td>8.0 MP<\/td>\n<\/tr>\n<tr>\n<td>C\u00e1mara principal &#8211; Autofocus<\/td>\n<td>S\u00ed<\/td>\n<\/tr>\n<tr>\n<td>C\u00e1mara frontal &#8211; Resoluci\u00f3n<\/td>\n<td>5.0 MP<\/td>\n<\/tr>\n<tr>\n<td>C\u00e1mara principal &#8211; Flash<\/td>\n<td>No<\/td>\n<\/tr>\n<tr>\n<td>Resoluci\u00f3n de grabaci\u00f3n de v\u00eddeo<\/td>\n<td>FHD (1920 x 1080)@30fps<\/td>\n<\/tr>\n<tr>\n<td><strong>Memoria<\/strong><\/td>\n<td><\/td>\n<\/tr>\n<tr>\n<td>RAM (GB)<\/td>\n<td>3<\/td>\n<\/tr>\n<tr>\n<td>Memoria Interna (GB)<\/td>\n<td>32<\/td>\n<\/tr>\n<tr>\n<td>Memoria Disponible* (GB)<\/td>\n<td>19.1<\/td>\n<\/tr>\n<tr>\n<td>Externa<\/td>\n<td>MicroSD (hasta 1TB)<\/td>\n<\/tr>\n<tr>\n<td><strong>Conectividad<\/strong><\/td>\n<td><\/td>\n<\/tr>\n<tr>\n<td>Versi\u00f3n USB<\/td>\n<td>USB 2.0<\/td>\n<\/tr>\n<tr>\n<td>Localizaci\u00f3n<\/td>\n<td>GPS, Glonass, Galileo, QZSS<\/td>\n<\/tr>\n<tr>\n<td>Auriculares<\/td>\n<td>3.5mm Stereo<\/td>\n<\/tr>\n<tr>\n<td>MHL<\/td>\n<td>No<\/td>\n<\/tr>\n<tr>\n<td>Wi-Fi<\/td>\n<td>802.11 a\/b\/g\/n\/ac 2.4G+5GHz, VHT80<\/td>\n<\/tr>\n<tr>\n<td>Wi-Fi Direct<\/td>\n<td>S\u00ed<\/td>\n<\/tr>\n<tr>\n<td>Versi\u00f3n Bluetooth<\/td>\n<td>Bluetooth v5.0<\/td>\n<\/tr>\n<tr>\n<td>NFC<\/td>\n<td>No<\/td>\n<\/tr>\n<tr>\n<td>Perfiles Bluetooth<\/td>\n<td>A2DP, AVRCP, DI, HID, HOGP, HSP, OPP, PAN<\/td>\n<\/tr>\n<tr>\n<td>PC Sync.<\/td>\n<td>Smart Switch (PC version)<\/td>\n<\/tr>\n<tr>\n<td>Sistema Operativo<\/td>\n<td>Android<\/td>\n<\/tr>\n<tr>\n<td><strong>Informaci\u00f3n general<\/strong><\/td>\n<td><\/td>\n<\/tr>\n<tr>\n<td>Formato<\/td>\n<td>Tablet<\/td>\n<\/tr>\n<tr>\n<td>Sensores<\/td>\n<td>Aceler\u00f3metro, Giroscopio, Geomagn\u00e9tico, Hall, Luminosidad<\/td>\n<\/tr>\n<tr>\n<td><strong>Especificaciones f\u00edsicas<\/strong><\/td>\n<td><\/td>\n<\/tr>\n<tr>\n<td>Dimensiones (AlxAnxProf, mm)<\/td>\n<td>161.9 x 246.8 x 6.9<\/td>\n<\/tr>\n<tr>\n<td>Peso (g)<\/td>\n<td>508<\/td>\n<\/tr>\n<tr>\n<td><strong>Bater\u00eda<\/strong><\/td>\n<td><\/td>\n<\/tr>\n<tr>\n<td>Capacidad de bater\u00eda (mAh, t\u00edpico)<\/td>\n<td>7040<\/td>\n<\/tr>\n<tr>\n<td>Extra\u00edble<\/td>\n<td>No<\/td>\n<\/tr>\n<tr>\n<td><strong>Audio y V\u00eddeo<\/strong><\/td>\n<td><\/td>\n<\/tr>\n<tr>\n<td>Formatos de reproducci\u00f3n de V\u00eddeo<\/td>\n<td>MP4, M4V, 3GP, 3G2, AVI, FLV, MKV, WEBM<\/td>\n<\/tr>\n<tr>\n<td>Resoluci\u00f3n de reproducci\u00f3n de V\u00eddeo<\/td>\n<td>FHD (1920 x 1080) @60fps<\/td>\n<\/tr>\n<tr>\n<td>Formatos de reproducci\u00f3n de Audio<\/td>\n<td>MP3, M4A, 3GA, AAC, OGG, OGA, WAV, AMR, AWB, FLAC, MID, MIDI, XMF, MXMF, IMY, RTTTL, RTX, OTA<\/td>\n<\/tr>\n<tr>\n<td><strong>Servicios y Aplicaciones<\/strong><\/td>\n<td><\/td>\n<\/tr>\n<tr>\n<td>Compatibilidad Gear<\/td>\n<td>Galaxy Buds Pro, Galaxy Buds Live, Galaxy Buds+, Galaxy Buds2, Galaxy Buds, Gear IconX (2018)<\/td>\n<\/tr>\n<tr>\n<td>Mobile TV<\/td>\n<td>No<\/td>\n<\/tr>\n<\/tbody>\n<\/table>\n","protected":false},"excerpt":{"rendered":"<p>CARACTER\u00cdSTICAS:<\/p>\n<ul>\n<li><span style=\"font-weight: 400;\">Procesador Octa-core.<\/span><\/li>\n<li><span style=\"font-weight: 400;\">Pantalla de 10,5&#8243;.<\/span><\/li>\n<li><span style=\"font-weight: 400;\">3GB de RAM.<\/span><\/li>\n<li><span style=\"font-weight: 400;\">32GB de almacenamiento interno.<\/span><\/li>\n<li><span style=\"font-weight: 400;\">Bater\u00eda de 7.040mAh<\/span><\/li>\n<li><span style=\"font-weight: 400;\">Carga r\u00e1pida de 15W<\/span><\/li>\n<li>C\u00e1mara principal &#8211; Resoluci\u00f3n 8.0 MP<\/li>\n<li>Modelo: SM-X210NZAEEUB<\/li>\n<\/ul>\n<p>&nbsp;<\/p>\n","protected":false},"featured_media":127,"comment_status":"open","ping_status":"closed","template":"","meta":{"om_disable_all_campaigns":false,"_monsterinsights_skip_tracking":false,"_monsterinsights_sitenote_active":false,"_monsterinsights_sitenote_note":"","_monsterinsights_sitenote_category":0,"site-sidebar-layout":"default","site-content-layout":"","ast-site-content-layout":"default","site-content-style":"default","site-sidebar-style":"default","ast-global-header-display":"","ast-banner-title-visibility":"","ast-main-header-display":"","ast-hfb-above-header-display":"","ast-hfb-below-header-display":"","ast-hfb-mobile-header-display":"","site-post-title":"","ast-breadcrumbs-content":"","ast-featured-img":"","footer-sml-layout":"","theme-transparent-header-meta":"default","adv-header-id-meta":"","stick-header-meta":"","header-above-stick-meta":"","header-main-stick-meta":"","header-below-stick-meta":"","astra-migrate-meta-layouts":"set","ast-page-background-enabled":"default","ast-page-background-meta":{"desktop":{"background-color":"var(--ast-global-color-4)","background-image":"","background-repeat":"repeat","background-position":"center center","background-size":"auto","background-attachment":"scroll","background-type":"","background-media":"","overlay-type":"","overlay-color":"","overlay-gradient":""},"tablet":{"background-color":"","background-image":"","background-repeat":"repeat","background-position":"center center","background-size":"auto","background-attachment":"scroll","background-type":"","background-media":"","overlay-type":"","overlay-color":"","overlay-gradient":""},"mobile":{"background-color":"","background-image":"","background-repeat":"repeat","background-position":"center center","background-size":"auto","background-attachment":"scroll","background-type":"","background-media":"","overlay-type":"","overlay-color":"","overlay-gradient":""}},"ast-content-background-meta":{"desktop":{"background-color":"var(--ast-global-color-5)","background-image":"","background-repeat":"repeat","background-position":"center center","background-size":"auto","background-attachment":"scroll","background-type":"","background-media":"","overlay-type":"","overlay-color":"","overlay-gradient":""},"tablet":{"background-color":"var(--ast-global-color-5)","background-image":"","background-repeat":"repeat","background-position":"center center","background-size":"auto","background-attachment":"scroll","background-type":"","background-media":"","overlay-type":"","overlay-color":"","overlay-gradient":""},"mobile":{"background-color":"var(--ast-global-color-5)","background-image":"","background-repeat":"repeat","background-position":"center center","background-size":"auto","background-attachment":"scroll","background-type":"","background-media":"","overlay-type":"","overlay-color":"","overlay-gradient":""}}},"product_cat":[33,36],"product_tag":[],"aioseo_notices":[],"jetpack_sharing_enabled":true,"_links":{"self":[{"href":"https:\/\/lomina.es\/index.php?rest_route=\/wp\/v2\/product\/126"}],"collection":[{"href":"https:\/\/lomina.es\/index.php?rest_route=\/wp\/v2\/product"}],"about":[{"href":"https:\/\/lomina.es\/index.php?rest_route=\/wp\/v2\/types\/product"}],"replies":[{"embeddable":true,"href":"https:\/\/lomina.es\/index.php?rest_route=%2Fwp%2Fv2%2Fcomments&post=126"}],"wp:featuredmedia":[{"embeddable":true,"href":"https:\/\/lomina.es\/index.php?rest_route=\/wp\/v2\/media\/127"}],"wp:attachment":[{"href":"https:\/\/lomina.es\/index.php?rest_route=%2Fwp%2Fv2%2Fmedia&parent=126"}],"wp:term":[{"taxonomy":"product_cat","embeddable":true,"href":"https:\/\/lomina.es\/index.php?rest_route=%2Fwp%2Fv2%2Fproduct_cat&post=126"},{"taxonomy":"product_tag","embeddable":true,"href":"https:\/\/lomina.es\/index.php?rest_route=%2Fwp%2Fv2%2Fproduct_tag&post=126"}],"curies":[{"name":"wp","href":"https:\/\/api.w.org\/{rel}","templated":true}]}}