{"id":1259,"date":"2025-06-07T12:16:09","date_gmt":"2025-06-07T10:16:09","guid":{"rendered":"https:\/\/lomina.es\/?post_type=product&#038;p=1259"},"modified":"2025-10-31T15:46:28","modified_gmt":"2025-10-31T14:46:28","slug":"grill-contacto-princess-compacto","status":"publish","type":"product","link":"https:\/\/lomina.es\/?product=grill-contacto-princess-compacto","title":{"rendered":"Grill Princess &#8211; Compacto 117501"},"content":{"rendered":"<p>\u00bfTe gusta preparar s\u00e1ndwiches, hamburguesas y bocadillos pero no quieres comprar tres electrodom\u00e9sticos? Entonces el grill de contacto compacto Princess 117501 es ideal para ti. Este grill de contacto compacto tiene una superficie de cocci\u00f3n de 23 x 15 cm y la bandeja recograsa incorporada recoge el exceso de grasa, as\u00ed tus platos ser\u00e1n m\u00e1s saludables. Las placas son f\u00e1ciles de limpiar gracias a su revestimiento antiadherente. Con su dise\u00f1o compacto, es f\u00e1cil de almacenar.<\/p>\n","protected":false},"excerpt":{"rendered":"<p>CARACTER\u00cdSTICAS<\/p>\n<ul>\n<li><b>Multifuncional y muy compacto: <\/b>el grill de contacto Princess tiene una tapa basculante, por lo que podr\u00e1s preparar cualquier tipo de pan o pieza de carne, \u00a1como bocadillos, s\u00e1ndwiches o hamburguesas! Con sus 750 vatios de potencia, el grill se calienta muy r\u00e1pido. Sus pr\u00e1cticos indicadores luminosos muestran claramente cu\u00e1ndo est\u00e1 listo para usar.<\/li>\n<li><b>Dise\u00f1o exclusivo en acero inoxidable: <\/b>gracias al acero inoxidable de alta calidad, el grill de contacto compacto Princess combina f\u00e1cilmente con otros electrodom\u00e9sticos Princess para que puedas tenerlos todos a juego. Su dise\u00f1o inteligente permite almacenar el grill en posici\u00f3n horizontal y vertical. El cable puede guardarse en el compartimento recogecable para que el grill no ocupe mucho espacio.<\/li>\n<li><b>F\u00e1cil de limpiar: <\/b>adem\u00e1s, gracias a su superficie antiadherente y su bandeja recogegrasa extra\u00edble, es f\u00e1cil de limpiar. Si quieres proteger la superficie antiadherente durante m\u00e1s tiempo, podr\u00e1s limpiar las placas con papel de cocina.<\/li>\n<li><b>Contenido de la caja: <\/b>grill de contacto compacto Princess, instrucciones<\/li>\n<\/ul>\n","protected":false},"featured_media":1260,"comment_status":"open","ping_status":"closed","template":"","meta":{"om_disable_all_campaigns":false,"_monsterinsights_skip_tracking":false,"_monsterinsights_sitenote_active":false,"_monsterinsights_sitenote_note":"","_monsterinsights_sitenote_category":0,"site-sidebar-layout":"default","site-content-layout":"","ast-site-content-layout":"default","site-content-style":"default","site-sidebar-style":"default","ast-global-header-display":"","ast-banner-title-visibility":"","ast-main-header-display":"","ast-hfb-above-header-display":"","ast-hfb-below-header-display":"","ast-hfb-mobile-header-display":"","site-post-title":"","ast-breadcrumbs-content":"","ast-featured-img":"","footer-sml-layout":"","theme-transparent-header-meta":"default","adv-header-id-meta":"","stick-header-meta":"","header-above-stick-meta":"","header-main-stick-meta":"","header-below-stick-meta":"","astra-migrate-meta-layouts":"set","ast-page-background-enabled":"default","ast-page-background-meta":{"desktop":{"background-color":"var(--ast-global-color-4)","background-image":"","background-repeat":"repeat","background-position":"center center","background-size":"auto","background-attachment":"scroll","background-type":"","background-media":"","overlay-type":"","overlay-color":"","overlay-gradient":""},"tablet":{"background-color":"","background-image":"","background-repeat":"repeat","background-position":"center center","background-size":"auto","background-attachment":"scroll","background-type":"","background-media":"","overlay-type":"","overlay-color":"","overlay-gradient":""},"mobile":{"background-color":"","background-image":"","background-repeat":"repeat","background-position":"center center","background-size":"auto","background-attachment":"scroll","background-type":"","background-media":"","overlay-type":"","overlay-color":"","overlay-gradient":""}},"ast-content-background-meta":{"desktop":{"background-color":"var(--ast-global-color-5)","background-image":"","background-repeat":"repeat","background-position":"center center","background-size":"auto","background-attachment":"scroll","background-type":"","background-media":"","overlay-type":"","overlay-color":"","overlay-gradient":""},"tablet":{"background-color":"var(--ast-global-color-5)","background-image":"","background-repeat":"repeat","background-position":"center center","background-size":"auto","background-attachment":"scroll","background-type":"","background-media":"","overlay-type":"","overlay-color":"","overlay-gradient":""},"mobile":{"background-color":"var(--ast-global-color-5)","background-image":"","background-repeat":"repeat","background-position":"center center","background-size":"auto","background-attachment":"scroll","background-type":"","background-media":"","overlay-type":"","overlay-color":"","overlay-gradient":""}}},"product_cat":[63],"product_tag":[],"aioseo_notices":[],"jetpack_sharing_enabled":true,"_links":{"self":[{"href":"https:\/\/lomina.es\/index.php?rest_route=\/wp\/v2\/product\/1259"}],"collection":[{"href":"https:\/\/lomina.es\/index.php?rest_route=\/wp\/v2\/product"}],"about":[{"href":"https:\/\/lomina.es\/index.php?rest_route=\/wp\/v2\/types\/product"}],"replies":[{"embeddable":true,"href":"https:\/\/lomina.es\/index.php?rest_route=%2Fwp%2Fv2%2Fcomments&post=1259"}],"wp:featuredmedia":[{"embeddable":true,"href":"https:\/\/lomina.es\/index.php?rest_route=\/wp\/v2\/media\/1260"}],"wp:attachment":[{"href":"https:\/\/lomina.es\/index.php?rest_route=%2Fwp%2Fv2%2Fmedia&parent=1259"}],"wp:term":[{"taxonomy":"product_cat","embeddable":true,"href":"https:\/\/lomina.es\/index.php?rest_route=%2Fwp%2Fv2%2Fproduct_cat&post=1259"},{"taxonomy":"product_tag","embeddable":true,"href":"https:\/\/lomina.es\/index.php?rest_route=%2Fwp%2Fv2%2Fproduct_tag&post=1259"}],"curies":[{"name":"wp","href":"https:\/\/api.w.org\/{rel}","templated":true}]}}