{"id":1253,"date":"2025-06-07T12:08:33","date_gmt":"2025-06-07T10:08:33","guid":{"rendered":"https:\/\/lomina.es\/?post_type=product&#038;p=1253"},"modified":"2025-10-31T15:45:20","modified_gmt":"2025-10-31T14:45:20","slug":"grill-electrico-ufesa-rojo-1000w","status":"publish","type":"product","link":"https:\/\/lomina.es\/?product=grill-electrico-ufesa-rojo-1000w","title":{"rendered":"Sandwichera Grill El\u00e9ctrico Ufesa Rojo 1000W"},"content":{"rendered":"<p>Sanwichera Grill Stromboli Ufesa 72105810, ideal para preparar deliciosos s\u00e1ndwiches crujientes y tostados en minutos. Con placas antiadherentes y un dise\u00f1o compacto, es perfecta para disfrutar de una comida r\u00e1pida y sabrosa en casa.<\/p>\n","protected":false},"excerpt":{"rendered":"<p>CARACTER\u00cdSTICAS<\/p>\n<ul>\n<li class=\"sc-d571b66f-0 hDtaQL\"><strong>Con placas antiadherentes<\/strong>: gracias a las placas antiadherentes, evitan que los alimentos se peguen y garantizan una cocci\u00f3n perfecta y limpia.<\/li>\n<li class=\"sc-d571b66f-0 hDtaQL\"><strong>Apertura de 180\u00ba:<\/strong> las planchas grill permiten una apertura de hasta 180\u00ba, puedes utilizarlas de diferentes maneras dependiendo de lo que quieras cocinar.<\/li>\n<li class=\"sc-d571b66f-0 hDtaQL\"><strong>Pr\u00e1ctico y seguro:<\/strong> con control autom\u00e1tico\u00a0de temperatura, indicador de encendido y mango de tacto fr\u00edo para un funcionamiento f\u00e1cil y seguro en todo momento.<\/li>\n<li class=\"sc-d571b66f-0 hDtaQL\"><strong>C\u00f3modo y compacto<\/strong>: gracias a su\u00a0reducido tama\u00f1o\u00a0de 23 x 14,5 cm, que permite su almacenamiento tanto horizontal como vertical sin ocupar pr\u00e1cticamente espacio.<\/li>\n<\/ul>\n","protected":false},"featured_media":1255,"comment_status":"open","ping_status":"closed","template":"","meta":{"om_disable_all_campaigns":false,"_monsterinsights_skip_tracking":false,"_monsterinsights_sitenote_active":false,"_monsterinsights_sitenote_note":"","_monsterinsights_sitenote_category":0,"site-sidebar-layout":"default","site-content-layout":"","ast-site-content-layout":"default","site-content-style":"default","site-sidebar-style":"default","ast-global-header-display":"","ast-banner-title-visibility":"","ast-main-header-display":"","ast-hfb-above-header-display":"","ast-hfb-below-header-display":"","ast-hfb-mobile-header-display":"","site-post-title":"","ast-breadcrumbs-content":"","ast-featured-img":"","footer-sml-layout":"","theme-transparent-header-meta":"default","adv-header-id-meta":"","stick-header-meta":"","header-above-stick-meta":"","header-main-stick-meta":"","header-below-stick-meta":"","astra-migrate-meta-layouts":"set","ast-page-background-enabled":"default","ast-page-background-meta":{"desktop":{"background-color":"var(--ast-global-color-4)","background-image":"","background-repeat":"repeat","background-position":"center center","background-size":"auto","background-attachment":"scroll","background-type":"","background-media":"","overlay-type":"","overlay-color":"","overlay-gradient":""},"tablet":{"background-color":"","background-image":"","background-repeat":"repeat","background-position":"center center","background-size":"auto","background-attachment":"scroll","background-type":"","background-media":"","overlay-type":"","overlay-color":"","overlay-gradient":""},"mobile":{"background-color":"","background-image":"","background-repeat":"repeat","background-position":"center center","background-size":"auto","background-attachment":"scroll","background-type":"","background-media":"","overlay-type":"","overlay-color":"","overlay-gradient":""}},"ast-content-background-meta":{"desktop":{"background-color":"var(--ast-global-color-5)","background-image":"","background-repeat":"repeat","background-position":"center center","background-size":"auto","background-attachment":"scroll","background-type":"","background-media":"","overlay-type":"","overlay-color":"","overlay-gradient":""},"tablet":{"background-color":"var(--ast-global-color-5)","background-image":"","background-repeat":"repeat","background-position":"center center","background-size":"auto","background-attachment":"scroll","background-type":"","background-media":"","overlay-type":"","overlay-color":"","overlay-gradient":""},"mobile":{"background-color":"var(--ast-global-color-5)","background-image":"","background-repeat":"repeat","background-position":"center center","background-size":"auto","background-attachment":"scroll","background-type":"","background-media":"","overlay-type":"","overlay-color":"","overlay-gradient":""}}},"product_cat":[63],"product_tag":[],"aioseo_notices":[],"jetpack_sharing_enabled":true,"_links":{"self":[{"href":"https:\/\/lomina.es\/index.php?rest_route=\/wp\/v2\/product\/1253"}],"collection":[{"href":"https:\/\/lomina.es\/index.php?rest_route=\/wp\/v2\/product"}],"about":[{"href":"https:\/\/lomina.es\/index.php?rest_route=\/wp\/v2\/types\/product"}],"replies":[{"embeddable":true,"href":"https:\/\/lomina.es\/index.php?rest_route=%2Fwp%2Fv2%2Fcomments&post=1253"}],"wp:featuredmedia":[{"embeddable":true,"href":"https:\/\/lomina.es\/index.php?rest_route=\/wp\/v2\/media\/1255"}],"wp:attachment":[{"href":"https:\/\/lomina.es\/index.php?rest_route=%2Fwp%2Fv2%2Fmedia&parent=1253"}],"wp:term":[{"taxonomy":"product_cat","embeddable":true,"href":"https:\/\/lomina.es\/index.php?rest_route=%2Fwp%2Fv2%2Fproduct_cat&post=1253"},{"taxonomy":"product_tag","embeddable":true,"href":"https:\/\/lomina.es\/index.php?rest_route=%2Fwp%2Fv2%2Fproduct_tag&post=1253"}],"curies":[{"name":"wp","href":"https:\/\/api.w.org\/{rel}","templated":true}]}}