{"id":1234,"date":"2025-06-07T11:36:10","date_gmt":"2025-06-07T09:36:10","guid":{"rendered":"https:\/\/lomina.es\/?post_type=product&#038;p=1234"},"modified":"2025-06-07T11:36:10","modified_gmt":"2025-06-07T09:36:10","slug":"barbacoa-electrica-de-sobremesa-orbegozo","status":"publish","type":"product","link":"https:\/\/lomina.es\/?product=barbacoa-electrica-de-sobremesa-orbegozo","title":{"rendered":"Barbacoa El\u00e9ctrica de Sobremesa Orbegozo"},"content":{"rendered":"<p>La barbacoa el\u00e9ctrica Orbegozo BC 3660 es perfecta para cocinar de forma r\u00e1pida y eficiente. Su parrilla de 37 x 26 cm es ideal para preparar comidas para varias personas, y su dise\u00f1o compacto la hace f\u00e1cil de ubicar en cualquier espacio. Adem\u00e1s, te permite cocinar diferentes alimentos al mismo tiempo, optimizando tu tiempo en la cocina.<\/p>\n","protected":false},"excerpt":{"rendered":"<ul>\n<li>Sus 2000 W de potencia aseguran un cocinado r\u00e1pido y con buenos resultados.<\/li>\n<li>En apenas unos segundos la barbacoa alcanza su temperatura m\u00e1xima.<\/li>\n<li>La BC 3660 ofrece la posibilidad uso en interior y exterior.<\/li>\n<li>Sin duda es un aparato ligero y c\u00f3modo para transportar de un lado a otro del hogar.<\/li>\n<li>En el apartado de la seguridad, cuenta con apagado autom\u00e1tico en caso de levantar la parrilla de forma involuntaria o accidentalmente.<\/li>\n<li>De esta forma, evitamos que cualquier miembro de la familia pueda sufrir una quemadura.<\/li>\n<\/ul>\n","protected":false},"featured_media":1238,"comment_status":"open","ping_status":"closed","template":"","meta":{"om_disable_all_campaigns":false,"_monsterinsights_skip_tracking":false,"_monsterinsights_sitenote_active":false,"_monsterinsights_sitenote_note":"","_monsterinsights_sitenote_category":0,"site-sidebar-layout":"default","site-content-layout":"","ast-site-content-layout":"default","site-content-style":"default","site-sidebar-style":"default","ast-global-header-display":"","ast-banner-title-visibility":"","ast-main-header-display":"","ast-hfb-above-header-display":"","ast-hfb-below-header-display":"","ast-hfb-mobile-header-display":"","site-post-title":"","ast-breadcrumbs-content":"","ast-featured-img":"","footer-sml-layout":"","theme-transparent-header-meta":"default","adv-header-id-meta":"","stick-header-meta":"","header-above-stick-meta":"","header-main-stick-meta":"","header-below-stick-meta":"","astra-migrate-meta-layouts":"set","ast-page-background-enabled":"default","ast-page-background-meta":{"desktop":{"background-color":"var(--ast-global-color-4)","background-image":"","background-repeat":"repeat","background-position":"center center","background-size":"auto","background-attachment":"scroll","background-type":"","background-media":"","overlay-type":"","overlay-color":"","overlay-gradient":""},"tablet":{"background-color":"","background-image":"","background-repeat":"repeat","background-position":"center center","background-size":"auto","background-attachment":"scroll","background-type":"","background-media":"","overlay-type":"","overlay-color":"","overlay-gradient":""},"mobile":{"background-color":"","background-image":"","background-repeat":"repeat","background-position":"center center","background-size":"auto","background-attachment":"scroll","background-type":"","background-media":"","overlay-type":"","overlay-color":"","overlay-gradient":""}},"ast-content-background-meta":{"desktop":{"background-color":"var(--ast-global-color-5)","background-image":"","background-repeat":"repeat","background-position":"center center","background-size":"auto","background-attachment":"scroll","background-type":"","background-media":"","overlay-type":"","overlay-color":"","overlay-gradient":""},"tablet":{"background-color":"var(--ast-global-color-5)","background-image":"","background-repeat":"repeat","background-position":"center center","background-size":"auto","background-attachment":"scroll","background-type":"","background-media":"","overlay-type":"","overlay-color":"","overlay-gradient":""},"mobile":{"background-color":"var(--ast-global-color-5)","background-image":"","background-repeat":"repeat","background-position":"center center","background-size":"auto","background-attachment":"scroll","background-type":"","background-media":"","overlay-type":"","overlay-color":"","overlay-gradient":""}}},"product_cat":[23],"product_tag":[],"aioseo_notices":[],"jetpack_sharing_enabled":true,"_links":{"self":[{"href":"https:\/\/lomina.es\/index.php?rest_route=\/wp\/v2\/product\/1234"}],"collection":[{"href":"https:\/\/lomina.es\/index.php?rest_route=\/wp\/v2\/product"}],"about":[{"href":"https:\/\/lomina.es\/index.php?rest_route=\/wp\/v2\/types\/product"}],"replies":[{"embeddable":true,"href":"https:\/\/lomina.es\/index.php?rest_route=%2Fwp%2Fv2%2Fcomments&post=1234"}],"wp:featuredmedia":[{"embeddable":true,"href":"https:\/\/lomina.es\/index.php?rest_route=\/wp\/v2\/media\/1238"}],"wp:attachment":[{"href":"https:\/\/lomina.es\/index.php?rest_route=%2Fwp%2Fv2%2Fmedia&parent=1234"}],"wp:term":[{"taxonomy":"product_cat","embeddable":true,"href":"https:\/\/lomina.es\/index.php?rest_route=%2Fwp%2Fv2%2Fproduct_cat&post=1234"},{"taxonomy":"product_tag","embeddable":true,"href":"https:\/\/lomina.es\/index.php?rest_route=%2Fwp%2Fv2%2Fproduct_tag&post=1234"}],"curies":[{"name":"wp","href":"https:\/\/api.w.org\/{rel}","templated":true}]}}