{"id":1224,"date":"2025-06-07T11:13:03","date_gmt":"2025-06-07T09:13:03","guid":{"rendered":"https:\/\/lomina.es\/?post_type=product&#038;p=1224"},"modified":"2025-06-07T11:13:03","modified_gmt":"2025-06-07T09:13:03","slug":"plancha-para-cocinar-xl-sin-aceite","status":"publish","type":"product","link":"https:\/\/lomina.es\/?product=plancha-para-cocinar-xl-sin-aceite","title":{"rendered":"Plancha para Cocinar XL &#8211; Sin Aceite"},"content":{"rendered":"<p>\u00bfLe gusta cocinar a la parrilla a diario? \u00bfLe gustar\u00eda tener una superficie para cocinar adicional en su cocina y preparar carne, pescado y verduras a la vez? Elija la plancha Princess 103110 Table Chef Premium XL. Esta plancha est\u00e1 fabricada con resistente aluminio fundido ligero que soporta el uso diario.<\/p>\n","protected":false},"excerpt":{"rendered":"<p>CARACTER\u00cdSTICAS<\/p>\n<ul class=\"a-unordered-list a-vertical a-spacing-mini\">\n<li class=\"a-spacing-mini\"><span class=\"a-list-item\"><strong>Superficie de cocci\u00f3n extra grande para toda la familia<\/strong>: La placa de 46 x 26 cm ofrece espacio suficiente para cocinar simult\u00e1neamente para 4 a 6 personas. Ideal para cenas estilo teppanyaki, permitiendo que cada comensal prepare su comida al gusto.<\/span><\/li>\n<li class=\"a-spacing-mini\"><span class=\"a-list-item\"><strong>Potente y uniforme con 2500 W<\/strong>: Gracias a su alto rendimiento, la parrilla se calienta r\u00e1pidamente y mantiene una temperatura estable, perfecta para cocinar carne, pescado o verduras de forma eficiente y uniforme.<\/span><\/li>\n<li class=\"a-spacing-mini\"><span class=\"a-list-item\"><strong>Cocina m\u00e1s sana con superficie antiadherente<\/strong>: La placa de aluminio fundido a presi\u00f3n tiene un revestimiento antiadherente de alta calidad. No es necesario a\u00f1adir aceite o mantequilla, lo que facilita una cocina m\u00e1s ligera y sin residuos pegados.<\/span><\/li>\n<li class=\"a-spacing-mini\"><span class=\"a-list-item\"><strong>Asas Cool Touch y uso seguro en interiores<\/strong>: Sus asas t\u00e9rmicas permiten trasladar el grill incluso caliente. Recomendado para uso sobre superficies resistentes al calor. No usar en exteriores ni exponer al agua directamente.<\/span><\/li>\n<li class=\"a-spacing-mini\"><span class=\"a-list-item\"><strong>F\u00e1cil de usar y mantener<\/strong>: El cable desmontable con termostato permite controlar la temperatura con precisi\u00f3n. Para prolongar la vida del revestimiento, deje enfriar antes de limpiar, evite utensilios met\u00e1licos y use un pa\u00f1o h\u00famedo o esponja suave. No sumergir el grill ni usar productos abrasivos.<\/span><\/li>\n<\/ul>\n","protected":false},"featured_media":1228,"comment_status":"open","ping_status":"closed","template":"","meta":{"om_disable_all_campaigns":false,"_monsterinsights_skip_tracking":false,"_monsterinsights_sitenote_active":false,"_monsterinsights_sitenote_note":"","_monsterinsights_sitenote_category":0,"site-sidebar-layout":"default","site-content-layout":"","ast-site-content-layout":"default","site-content-style":"default","site-sidebar-style":"default","ast-global-header-display":"","ast-banner-title-visibility":"","ast-main-header-display":"","ast-hfb-above-header-display":"","ast-hfb-below-header-display":"","ast-hfb-mobile-header-display":"","site-post-title":"","ast-breadcrumbs-content":"","ast-featured-img":"","footer-sml-layout":"","theme-transparent-header-meta":"default","adv-header-id-meta":"","stick-header-meta":"","header-above-stick-meta":"","header-main-stick-meta":"","header-below-stick-meta":"","astra-migrate-meta-layouts":"set","ast-page-background-enabled":"default","ast-page-background-meta":{"desktop":{"background-color":"var(--ast-global-color-4)","background-image":"","background-repeat":"repeat","background-position":"center center","background-size":"auto","background-attachment":"scroll","background-type":"","background-media":"","overlay-type":"","overlay-color":"","overlay-gradient":""},"tablet":{"background-color":"","background-image":"","background-repeat":"repeat","background-position":"center center","background-size":"auto","background-attachment":"scroll","background-type":"","background-media":"","overlay-type":"","overlay-color":"","overlay-gradient":""},"mobile":{"background-color":"","background-image":"","background-repeat":"repeat","background-position":"center center","background-size":"auto","background-attachment":"scroll","background-type":"","background-media":"","overlay-type":"","overlay-color":"","overlay-gradient":""}},"ast-content-background-meta":{"desktop":{"background-color":"var(--ast-global-color-5)","background-image":"","background-repeat":"repeat","background-position":"center center","background-size":"auto","background-attachment":"scroll","background-type":"","background-media":"","overlay-type":"","overlay-color":"","overlay-gradient":""},"tablet":{"background-color":"var(--ast-global-color-5)","background-image":"","background-repeat":"repeat","background-position":"center center","background-size":"auto","background-attachment":"scroll","background-type":"","background-media":"","overlay-type":"","overlay-color":"","overlay-gradient":""},"mobile":{"background-color":"var(--ast-global-color-5)","background-image":"","background-repeat":"repeat","background-position":"center center","background-size":"auto","background-attachment":"scroll","background-type":"","background-media":"","overlay-type":"","overlay-color":"","overlay-gradient":""}}},"product_cat":[63],"product_tag":[],"aioseo_notices":[],"jetpack_sharing_enabled":true,"_links":{"self":[{"href":"https:\/\/lomina.es\/index.php?rest_route=\/wp\/v2\/product\/1224"}],"collection":[{"href":"https:\/\/lomina.es\/index.php?rest_route=\/wp\/v2\/product"}],"about":[{"href":"https:\/\/lomina.es\/index.php?rest_route=\/wp\/v2\/types\/product"}],"replies":[{"embeddable":true,"href":"https:\/\/lomina.es\/index.php?rest_route=%2Fwp%2Fv2%2Fcomments&post=1224"}],"wp:featuredmedia":[{"embeddable":true,"href":"https:\/\/lomina.es\/index.php?rest_route=\/wp\/v2\/media\/1228"}],"wp:attachment":[{"href":"https:\/\/lomina.es\/index.php?rest_route=%2Fwp%2Fv2%2Fmedia&parent=1224"}],"wp:term":[{"taxonomy":"product_cat","embeddable":true,"href":"https:\/\/lomina.es\/index.php?rest_route=%2Fwp%2Fv2%2Fproduct_cat&post=1224"},{"taxonomy":"product_tag","embeddable":true,"href":"https:\/\/lomina.es\/index.php?rest_route=%2Fwp%2Fv2%2Fproduct_tag&post=1224"}],"curies":[{"name":"wp","href":"https:\/\/api.w.org\/{rel}","templated":true}]}}