{"id":1220,"date":"2025-06-07T11:04:59","date_gmt":"2025-06-07T09:04:59","guid":{"rendered":"https:\/\/lomina.es\/?post_type=product&#038;p=1220"},"modified":"2025-10-31T15:41:47","modified_gmt":"2025-10-31T14:41:47","slug":"plancha-de-asar-jata-antiadherente","status":"publish","type":"product","link":"https:\/\/lomina.es\/?product=plancha-de-asar-jata-antiadherente","title":{"rendered":"Plancha de Asar Jata Antiadherente GR205"},"content":{"rendered":"<p>Con la plancha de asar Jata GR205 podr\u00e1s preparar comidas sanas y deliciosas en cuesti\u00f3n de minutos. Resistente, pr\u00e1ctica y duradera, esta barbacoa se mantiene en perfecto estado con el uso continuo, haciendo que cocinar sea siempre un verdadero placer.<\/p>\n","protected":false},"excerpt":{"rendered":"<p>CARACTER\u00cdSTICAS<\/p>\n<ul class=\"a-unordered-list a-vertical a-spacing-mini\">\n<li class=\"a-spacing-mini\"><span class=\"a-list-item\"><strong>Recubrimiento<\/strong>: los alimentos no se pegan gracias al recubrimiento antiadherente durastone que presentan<\/span><\/li>\n<li class=\"a-spacing-mini\"><span class=\"a-list-item\"><strong>Temperatura<\/strong>: una vez apagada mantiene el calor por lo que se puede llevar a la mesa (sus asas se mantienen fr\u00edas) y terminar de cocinar all\u00ed<\/span><\/li>\n<li class=\"a-spacing-mini\"><span class=\"a-list-item\"><strong>Amplitud<\/strong>: la superficie de cocinado es lisa y amplia, siendo \u00e9sta de 28 x 22 cm. adem\u00e1s, es muy resistente al rayado. es ideal para uno o dos comensales<\/span><\/li>\n<li class=\"a-spacing-mini\"><span class=\"a-list-item\"><strong>Limpieza<\/strong>: se puede limpiar con facilidad tras cocinar sobre ella. es m\u00e1s f\u00e1cil hacerlo cuando todav\u00eda est\u00e1 templada y ser\u00e1 suficiente con pasar un pa\u00f1o h\u00famedo. si quedan restos dif\u00edciles se pueden eliminar con un pa\u00f1o mojado en un poco de aceite. o si se prefiere, la plancha de asar se puede meter en el lavavajillas para su limpieza<\/span><\/li>\n<li class=\"a-spacing-mini\"><span class=\"a-list-item\"><strong>Potencia<\/strong>: la potencia es de 1.000 w. esta potencia es perfecta para las medidas de esta placa<\/span><\/li>\n<li class=\"a-spacing-mini\"><span class=\"a-list-item\"><strong>Fabricaci\u00f3n nacional<\/strong>: la fabricaci\u00f3n de esta plancha de asar es espa\u00f1ola<\/span><\/li>\n<\/ul>\n","protected":false},"featured_media":1223,"comment_status":"open","ping_status":"closed","template":"","meta":{"om_disable_all_campaigns":false,"_monsterinsights_skip_tracking":false,"_monsterinsights_sitenote_active":false,"_monsterinsights_sitenote_note":"","_monsterinsights_sitenote_category":0,"site-sidebar-layout":"default","site-content-layout":"","ast-site-content-layout":"default","site-content-style":"default","site-sidebar-style":"default","ast-global-header-display":"","ast-banner-title-visibility":"","ast-main-header-display":"","ast-hfb-above-header-display":"","ast-hfb-below-header-display":"","ast-hfb-mobile-header-display":"","site-post-title":"","ast-breadcrumbs-content":"","ast-featured-img":"","footer-sml-layout":"","theme-transparent-header-meta":"default","adv-header-id-meta":"","stick-header-meta":"","header-above-stick-meta":"","header-main-stick-meta":"","header-below-stick-meta":"","astra-migrate-meta-layouts":"set","ast-page-background-enabled":"default","ast-page-background-meta":{"desktop":{"background-color":"var(--ast-global-color-4)","background-image":"","background-repeat":"repeat","background-position":"center center","background-size":"auto","background-attachment":"scroll","background-type":"","background-media":"","overlay-type":"","overlay-color":"","overlay-gradient":""},"tablet":{"background-color":"","background-image":"","background-repeat":"repeat","background-position":"center center","background-size":"auto","background-attachment":"scroll","background-type":"","background-media":"","overlay-type":"","overlay-color":"","overlay-gradient":""},"mobile":{"background-color":"","background-image":"","background-repeat":"repeat","background-position":"center center","background-size":"auto","background-attachment":"scroll","background-type":"","background-media":"","overlay-type":"","overlay-color":"","overlay-gradient":""}},"ast-content-background-meta":{"desktop":{"background-color":"var(--ast-global-color-5)","background-image":"","background-repeat":"repeat","background-position":"center center","background-size":"auto","background-attachment":"scroll","background-type":"","background-media":"","overlay-type":"","overlay-color":"","overlay-gradient":""},"tablet":{"background-color":"var(--ast-global-color-5)","background-image":"","background-repeat":"repeat","background-position":"center center","background-size":"auto","background-attachment":"scroll","background-type":"","background-media":"","overlay-type":"","overlay-color":"","overlay-gradient":""},"mobile":{"background-color":"var(--ast-global-color-5)","background-image":"","background-repeat":"repeat","background-position":"center center","background-size":"auto","background-attachment":"scroll","background-type":"","background-media":"","overlay-type":"","overlay-color":"","overlay-gradient":""}}},"product_cat":[18],"product_tag":[],"aioseo_notices":[],"jetpack_sharing_enabled":true,"_links":{"self":[{"href":"https:\/\/lomina.es\/index.php?rest_route=\/wp\/v2\/product\/1220"}],"collection":[{"href":"https:\/\/lomina.es\/index.php?rest_route=\/wp\/v2\/product"}],"about":[{"href":"https:\/\/lomina.es\/index.php?rest_route=\/wp\/v2\/types\/product"}],"replies":[{"embeddable":true,"href":"https:\/\/lomina.es\/index.php?rest_route=%2Fwp%2Fv2%2Fcomments&post=1220"}],"wp:featuredmedia":[{"embeddable":true,"href":"https:\/\/lomina.es\/index.php?rest_route=\/wp\/v2\/media\/1223"}],"wp:attachment":[{"href":"https:\/\/lomina.es\/index.php?rest_route=%2Fwp%2Fv2%2Fmedia&parent=1220"}],"wp:term":[{"taxonomy":"product_cat","embeddable":true,"href":"https:\/\/lomina.es\/index.php?rest_route=%2Fwp%2Fv2%2Fproduct_cat&post=1220"},{"taxonomy":"product_tag","embeddable":true,"href":"https:\/\/lomina.es\/index.php?rest_route=%2Fwp%2Fv2%2Fproduct_tag&post=1220"}],"curies":[{"name":"wp","href":"https:\/\/api.w.org\/{rel}","templated":true}]}}