{"id":121,"date":"2024-01-31T03:10:16","date_gmt":"2024-01-31T02:10:16","guid":{"rendered":"https:\/\/lomina.es\/?post_type=product&#038;p=121"},"modified":"2025-05-13T20:42:10","modified_gmt":"2025-05-13T18:42:10","slug":"portatil-hp-250-g9-5y439ea-intel-celeron-n4500","status":"publish","type":"product","link":"https:\/\/lomina.es\/?product=portatil-hp-250-g9-5y439ea-intel-celeron-n4500","title":{"rendered":"Port\u00e1til HP 250 G9 AD1W5ET Intel Celeron N4500\/ 16GB\/ 256GB SSD\/ 15.6&#8243;\/ Sin Sistema Operativo"},"content":{"rendered":"<p>El port\u00e1til HP 250 G9 cuenta con todas las funciones b\u00e1sicas para una empresa en un dise\u00f1o fino y ligero que podr\u00e1 ir contigo a todas partes. Rinde como quieras con la pantalla de 15,6 pulgadas con una gran proporci\u00f3n entre pantalla y estructura 5 , el potente procesador Intel\u00ae 2 , la r\u00e1pida memoria y el almacenamiento. Adem\u00e1s, conecte los perif\u00e9ricos en sus puertos. \u00bfSu precio? Incomparable.<br \/>\nEl port\u00e1til HP 250 G9 es econ\u00f3mico a la par que cuenta con todo lo necesario para trabajar, por lo que incluye funciones para que rindas al m\u00e1ximo en un dise\u00f1o fino y ligero y una pantalla de 15,6 pulgadas.<\/p>\n","protected":false},"excerpt":{"rendered":"<p>CARACTER\u00cdSTICAS:<\/p>\n<ul>\n<li>Sistema operativo:\u00a0FreeDOS<\/li>\n<li>Procesador:\u00a0Intel Celeron N4500 (frecuencia de r\u00e1faga de hasta 2,8 GHz, 4 MB de cach\u00e9 L3, 2 n\u00facleos, 2 subprocesos)<\/li>\n<li>Caracter\u00edsticas de gesti\u00f3n: Personalizador de Touchpoint para cliente<\/li>\n<li>Gesti\u00f3n de la seguridad: TPM 2.0; nanorranura con cierre de seguridad; ExpressVPN (prueba gratuita de 30 d\u00edas); McAfee Security (30 d\u00edas de prueba gratis); Contrase\u00f1a de LastPass<\/li>\n<li>Memoria:\u00a0RAM DDR4-2933 MHz 16 GB<\/li>\n<li>ranuras de memoria: 2 SODIMM<\/li>\n<li>Almacenamiento interno:\u00a0SSD PCIe NVMe de 256 GB<\/li>\n<li>Unidad \u00f3ptica: sin incluir<\/li>\n<li>Pantalla:\u00a0FHD (1920 x 1080) de 15,6&#8243; (39,6 cm), SVA, bisel estrecho, antirreflectante, 250 nits, 45% NTSC<\/li>\n<li>Tama\u00f1o de la pantalla (diagonal): 39,6 cm (15,6 pulg.)<\/li>\n<li>Gr\u00e1ficos (integrados):\u00a0Gr\u00e1ficos Intel\u00ae UHD<\/li>\n<li>Puertos:\n<ul>\n<li>2 SuperSpeed USB Type-A con velocidad de se\u00f1al de 5 Gbps;<\/li>\n<li>1 SuperSpeed USB Type-C\u00ae con velocidad de se\u00f1al de 5 Gbps;<\/li>\n<li>1 RJ-45; 1 combo de auriculares\/micr\u00f3fono;<\/li>\n<li>1HDMI 1.4b;<\/li>\n<li>1 fuente de alimentaci\u00f3n de CA<\/li>\n<\/ul>\n<\/li>\n<li>C\u00e1mara:\u00a0C\u00e1mara HD 720p<\/li>\n<li>Sonido:\u00a0Altavoces est\u00e9reo dobles, micr\u00f3fonos de matriz doble<\/li>\n<li>Dispositivo se\u00f1alador: Panel t\u00e1ctil ClickPad con compatibilidad de gestos multit\u00e1ctiles, toques habilitados de forma predeterminada<\/li>\n<li>Teclado:\u00a0Teclado de tama\u00f1o completo, con retroiluminaci\u00f3n y teclado num\u00e9rico<\/li>\n<li>Inal\u00e1mbrico:\u00a0Combo Realtek RTL8821CE-M 802.11a\/b\/g\/n\/ac (1&#215;1) Wi-Fi\u00ae y Bluetooth\u00ae 4.2 Combo Realtek RTL8822CE 802.11a\/b\/g\/n\/ac (2&#215;2) Wi-Fi\u00ae y Bluetooth\u00ae 5<\/li>\n<li>Potencia: Adaptador de alimentaci\u00f3n HP Smart de 45 W AC externo<\/li>\n<li>Tipo de bater\u00eda: 3 celdas de larga duraci\u00f3n HP, de ion-litio 41 Wh<\/li>\n<li>Dimensiones m\u00ednimas (ancho x fondo x alto):\u00a035,8 \u00d7 24,2 \u00d7 1,99 cm<\/li>\n<li>Peso:\u00a0Desde 1,74 kg<\/li>\n<\/ul>\n","protected":false},"featured_media":993,"comment_status":"open","ping_status":"closed","template":"","meta":{"om_disable_all_campaigns":false,"_monsterinsights_skip_tracking":false,"_monsterinsights_sitenote_active":false,"_monsterinsights_sitenote_note":"","_monsterinsights_sitenote_category":0,"site-sidebar-layout":"default","site-content-layout":"","ast-site-content-layout":"default","site-content-style":"default","site-sidebar-style":"default","ast-global-header-display":"","ast-banner-title-visibility":"","ast-main-header-display":"","ast-hfb-above-header-display":"","ast-hfb-below-header-display":"","ast-hfb-mobile-header-display":"","site-post-title":"","ast-breadcrumbs-content":"","ast-featured-img":"","footer-sml-layout":"","theme-transparent-header-meta":"default","adv-header-id-meta":"","stick-header-meta":"","header-above-stick-meta":"","header-main-stick-meta":"","header-below-stick-meta":"","astra-migrate-meta-layouts":"set","ast-page-background-enabled":"default","ast-page-background-meta":{"desktop":{"background-color":"var(--ast-global-color-4)","background-image":"","background-repeat":"repeat","background-position":"center center","background-size":"auto","background-attachment":"scroll","background-type":"","background-media":"","overlay-type":"","overlay-color":"","overlay-gradient":""},"tablet":{"background-color":"","background-image":"","background-repeat":"repeat","background-position":"center center","background-size":"auto","background-attachment":"scroll","background-type":"","background-media":"","overlay-type":"","overlay-color":"","overlay-gradient":""},"mobile":{"background-color":"","background-image":"","background-repeat":"repeat","background-position":"center center","background-size":"auto","background-attachment":"scroll","background-type":"","background-media":"","overlay-type":"","overlay-color":"","overlay-gradient":""}},"ast-content-background-meta":{"desktop":{"background-color":"var(--ast-global-color-5)","background-image":"","background-repeat":"repeat","background-position":"center center","background-size":"auto","background-attachment":"scroll","background-type":"","background-media":"","overlay-type":"","overlay-color":"","overlay-gradient":""},"tablet":{"background-color":"var(--ast-global-color-5)","background-image":"","background-repeat":"repeat","background-position":"center center","background-size":"auto","background-attachment":"scroll","background-type":"","background-media":"","overlay-type":"","overlay-color":"","overlay-gradient":""},"mobile":{"background-color":"var(--ast-global-color-5)","background-image":"","background-repeat":"repeat","background-position":"center center","background-size":"auto","background-attachment":"scroll","background-type":"","background-media":"","overlay-type":"","overlay-color":"","overlay-gradient":""}}},"product_cat":[33,35],"product_tag":[],"aioseo_notices":[],"jetpack_sharing_enabled":true,"_links":{"self":[{"href":"https:\/\/lomina.es\/index.php?rest_route=\/wp\/v2\/product\/121"}],"collection":[{"href":"https:\/\/lomina.es\/index.php?rest_route=\/wp\/v2\/product"}],"about":[{"href":"https:\/\/lomina.es\/index.php?rest_route=\/wp\/v2\/types\/product"}],"replies":[{"embeddable":true,"href":"https:\/\/lomina.es\/index.php?rest_route=%2Fwp%2Fv2%2Fcomments&post=121"}],"wp:featuredmedia":[{"embeddable":true,"href":"https:\/\/lomina.es\/index.php?rest_route=\/wp\/v2\/media\/993"}],"wp:attachment":[{"href":"https:\/\/lomina.es\/index.php?rest_route=%2Fwp%2Fv2%2Fmedia&parent=121"}],"wp:term":[{"taxonomy":"product_cat","embeddable":true,"href":"https:\/\/lomina.es\/index.php?rest_route=%2Fwp%2Fv2%2Fproduct_cat&post=121"},{"taxonomy":"product_tag","embeddable":true,"href":"https:\/\/lomina.es\/index.php?rest_route=%2Fwp%2Fv2%2Fproduct_tag&post=121"}],"curies":[{"name":"wp","href":"https:\/\/api.w.org\/{rel}","templated":true}]}}