{"id":1191,"date":"2025-06-06T14:04:15","date_gmt":"2025-06-06T12:04:15","guid":{"rendered":"https:\/\/lomina.es\/?post_type=product&#038;p=1191"},"modified":"2025-06-06T14:04:15","modified_gmt":"2025-06-06T12:04:15","slug":"tostadora-moulinex-multipan-acero-inoxidable","status":"publish","type":"product","link":"https:\/\/lomina.es\/?product=tostadora-moulinex-multipan-acero-inoxidable","title":{"rendered":"Tostadora Moulinex Multipan Acero Inoxidable"},"content":{"rendered":"<p>La tostadora Multipan Moulinex con dise\u00f1o retro de acero inoxidable, tuesta 4 rebanadas a la vez, asas fr\u00edas al tacto, compacta y f\u00e1cil de almacenar. Es sencilla, f\u00e1cil de usar y atractiva. Adem\u00e1s, su tama\u00f1o compacto es ideal para cocinas peque\u00f1as.<\/p>\n","protected":false},"excerpt":{"rendered":"<p>CARACTER\u00cdSTICAS<\/p>\n<ul class=\"a-unordered-list a-vertical a-spacing-mini\">\n<li class=\"a-spacing-mini\"><span class=\"a-list-item\">Tostadora cl\u00e1sica y compacta ideal para todo tipo de panes y bollos; su tama\u00f1o reducido permite transportarla y almacenarla con gran facilidad<\/span><\/li>\n<li class=\"a-spacing-mini\"><span class=\"a-list-item\">Dise\u00f1ada para tostar hasta 4 rebanadas al mismo tiempo, permite visualizar el tostado en todo momento para un resultado perfecto y a tu gusto<\/span><\/li>\n<li class=\"a-spacing-mini\"><span class=\"a-list-item\">Asas de toque fr\u00edo que garantizan seguridad al manipularla, permitiendo extraer el pan c\u00f3modamente sin riesgo de quemaduras ni accidentes<\/span><\/li>\n<li class=\"a-spacing-mini\"><span class=\"a-list-item\">Apta para panes finos y gruesos, incluyendo rebanadas grandes de pan de pueblo y croissants; tuesta de forma uniforme por un solo lado<\/span><\/li>\n<li class=\"a-spacing-mini\"><span class=\"a-list-item\">Su dise\u00f1o compacto de 29 x 17 x 10 cm est\u00e1 pensado para ahorrar espacio; pr\u00e1ctica, segura y f\u00e1cil de usar, perfecta para cualquier cocina<\/span><\/li>\n<\/ul>\n","protected":false},"featured_media":1192,"comment_status":"open","ping_status":"closed","template":"","meta":{"om_disable_all_campaigns":false,"_monsterinsights_skip_tracking":false,"_monsterinsights_sitenote_active":false,"_monsterinsights_sitenote_note":"","_monsterinsights_sitenote_category":0,"site-sidebar-layout":"default","site-content-layout":"","ast-site-content-layout":"default","site-content-style":"default","site-sidebar-style":"default","ast-global-header-display":"","ast-banner-title-visibility":"","ast-main-header-display":"","ast-hfb-above-header-display":"","ast-hfb-below-header-display":"","ast-hfb-mobile-header-display":"","site-post-title":"","ast-breadcrumbs-content":"","ast-featured-img":"","footer-sml-layout":"","theme-transparent-header-meta":"default","adv-header-id-meta":"","stick-header-meta":"","header-above-stick-meta":"","header-main-stick-meta":"","header-below-stick-meta":"","astra-migrate-meta-layouts":"set","ast-page-background-enabled":"default","ast-page-background-meta":{"desktop":{"background-color":"var(--ast-global-color-4)","background-image":"","background-repeat":"repeat","background-position":"center center","background-size":"auto","background-attachment":"scroll","background-type":"","background-media":"","overlay-type":"","overlay-color":"","overlay-gradient":""},"tablet":{"background-color":"","background-image":"","background-repeat":"repeat","background-position":"center center","background-size":"auto","background-attachment":"scroll","background-type":"","background-media":"","overlay-type":"","overlay-color":"","overlay-gradient":""},"mobile":{"background-color":"","background-image":"","background-repeat":"repeat","background-position":"center center","background-size":"auto","background-attachment":"scroll","background-type":"","background-media":"","overlay-type":"","overlay-color":"","overlay-gradient":""}},"ast-content-background-meta":{"desktop":{"background-color":"var(--ast-global-color-5)","background-image":"","background-repeat":"repeat","background-position":"center center","background-size":"auto","background-attachment":"scroll","background-type":"","background-media":"","overlay-type":"","overlay-color":"","overlay-gradient":""},"tablet":{"background-color":"var(--ast-global-color-5)","background-image":"","background-repeat":"repeat","background-position":"center center","background-size":"auto","background-attachment":"scroll","background-type":"","background-media":"","overlay-type":"","overlay-color":"","overlay-gradient":""},"mobile":{"background-color":"var(--ast-global-color-5)","background-image":"","background-repeat":"repeat","background-position":"center center","background-size":"auto","background-attachment":"scroll","background-type":"","background-media":"","overlay-type":"","overlay-color":"","overlay-gradient":""}}},"product_cat":[63],"product_tag":[],"aioseo_notices":[],"jetpack_sharing_enabled":true,"_links":{"self":[{"href":"https:\/\/lomina.es\/index.php?rest_route=\/wp\/v2\/product\/1191"}],"collection":[{"href":"https:\/\/lomina.es\/index.php?rest_route=\/wp\/v2\/product"}],"about":[{"href":"https:\/\/lomina.es\/index.php?rest_route=\/wp\/v2\/types\/product"}],"replies":[{"embeddable":true,"href":"https:\/\/lomina.es\/index.php?rest_route=%2Fwp%2Fv2%2Fcomments&post=1191"}],"wp:featuredmedia":[{"embeddable":true,"href":"https:\/\/lomina.es\/index.php?rest_route=\/wp\/v2\/media\/1192"}],"wp:attachment":[{"href":"https:\/\/lomina.es\/index.php?rest_route=%2Fwp%2Fv2%2Fmedia&parent=1191"}],"wp:term":[{"taxonomy":"product_cat","embeddable":true,"href":"https:\/\/lomina.es\/index.php?rest_route=%2Fwp%2Fv2%2Fproduct_cat&post=1191"},{"taxonomy":"product_tag","embeddable":true,"href":"https:\/\/lomina.es\/index.php?rest_route=%2Fwp%2Fv2%2Fproduct_tag&post=1191"}],"curies":[{"name":"wp","href":"https:\/\/api.w.org\/{rel}","templated":true}]}}