{"id":1183,"date":"2025-06-06T13:50:51","date_gmt":"2025-06-06T11:50:51","guid":{"rendered":"https:\/\/lomina.es\/?post_type=product&#038;p=1183"},"modified":"2025-06-07T11:57:43","modified_gmt":"2025-06-07T09:57:43","slug":"tostadora-kuken-ranura-larga","status":"publish","type":"product","link":"https:\/\/lomina.es\/?product=tostadora-kuken-ranura-larga","title":{"rendered":"Tostadora K\u00fcken Ranura Larga"},"content":{"rendered":"<p>Si buscas electrodom\u00e9sticos para tu hogar a los mejores precios, no te pierdas Tostadora K\u00fcken 34047 900 W y una amplia selecci\u00f3n de peque\u00f1o electrodom\u00e9stico de calidad.<\/p>\n","protected":false},"excerpt":{"rendered":"<p>CARACTER\u00cdSTICAS<\/p>\n<ul>\n<li><b>Bot\u00f3n detener\/cancelar:<\/b>\u00a0S\u00ed<\/li>\n<li><b>Control regulable del dorado de la corteza:<\/b>\u00a0S\u00ed<\/li>\n<li><b>Bandeja para migajas extraible:<\/b>\u00a0S\u00ed<\/li>\n<li><b>Carcasa de pared fr\u00eda:<\/b>\u00a0S\u00ed<\/li>\n<li><b>Funci\u00f3n descongelar:<\/b>\u00a0S\u00ed<\/li>\n<li><b>Intensidades de tostado:<\/b>\u00a07<\/li>\n<li><b>Ranura larga:<\/b>\u00a0S\u00ed<\/li>\n<li><b>Ranura extraancha:<\/b>\u00a0S\u00ed<\/li>\n<li><b>N\u00famero de ranuras:<\/b>\u00a01<\/li>\n<li><b>Luz de indicaci\u00f3n:<\/b>\u00a0S\u00ed<\/li>\n<\/ul>\n","protected":false},"featured_media":1186,"comment_status":"open","ping_status":"closed","template":"","meta":{"om_disable_all_campaigns":false,"_monsterinsights_skip_tracking":false,"_monsterinsights_sitenote_active":false,"_monsterinsights_sitenote_note":"","_monsterinsights_sitenote_category":0,"site-sidebar-layout":"default","site-content-layout":"","ast-site-content-layout":"default","site-content-style":"default","site-sidebar-style":"default","ast-global-header-display":"","ast-banner-title-visibility":"","ast-main-header-display":"","ast-hfb-above-header-display":"","ast-hfb-below-header-display":"","ast-hfb-mobile-header-display":"","site-post-title":"","ast-breadcrumbs-content":"","ast-featured-img":"","footer-sml-layout":"","theme-transparent-header-meta":"default","adv-header-id-meta":"","stick-header-meta":"","header-above-stick-meta":"","header-main-stick-meta":"","header-below-stick-meta":"","astra-migrate-meta-layouts":"set","ast-page-background-enabled":"default","ast-page-background-meta":{"desktop":{"background-color":"var(--ast-global-color-4)","background-image":"","background-repeat":"repeat","background-position":"center center","background-size":"auto","background-attachment":"scroll","background-type":"","background-media":"","overlay-type":"","overlay-color":"","overlay-gradient":""},"tablet":{"background-color":"","background-image":"","background-repeat":"repeat","background-position":"center center","background-size":"auto","background-attachment":"scroll","background-type":"","background-media":"","overlay-type":"","overlay-color":"","overlay-gradient":""},"mobile":{"background-color":"","background-image":"","background-repeat":"repeat","background-position":"center center","background-size":"auto","background-attachment":"scroll","background-type":"","background-media":"","overlay-type":"","overlay-color":"","overlay-gradient":""}},"ast-content-background-meta":{"desktop":{"background-color":"var(--ast-global-color-5)","background-image":"","background-repeat":"repeat","background-position":"center center","background-size":"auto","background-attachment":"scroll","background-type":"","background-media":"","overlay-type":"","overlay-color":"","overlay-gradient":""},"tablet":{"background-color":"var(--ast-global-color-5)","background-image":"","background-repeat":"repeat","background-position":"center center","background-size":"auto","background-attachment":"scroll","background-type":"","background-media":"","overlay-type":"","overlay-color":"","overlay-gradient":""},"mobile":{"background-color":"var(--ast-global-color-5)","background-image":"","background-repeat":"repeat","background-position":"center center","background-size":"auto","background-attachment":"scroll","background-type":"","background-media":"","overlay-type":"","overlay-color":"","overlay-gradient":""}}},"product_cat":[63],"product_tag":[],"aioseo_notices":[],"jetpack_sharing_enabled":true,"_links":{"self":[{"href":"https:\/\/lomina.es\/index.php?rest_route=\/wp\/v2\/product\/1183"}],"collection":[{"href":"https:\/\/lomina.es\/index.php?rest_route=\/wp\/v2\/product"}],"about":[{"href":"https:\/\/lomina.es\/index.php?rest_route=\/wp\/v2\/types\/product"}],"replies":[{"embeddable":true,"href":"https:\/\/lomina.es\/index.php?rest_route=%2Fwp%2Fv2%2Fcomments&post=1183"}],"wp:featuredmedia":[{"embeddable":true,"href":"https:\/\/lomina.es\/index.php?rest_route=\/wp\/v2\/media\/1186"}],"wp:attachment":[{"href":"https:\/\/lomina.es\/index.php?rest_route=%2Fwp%2Fv2%2Fmedia&parent=1183"}],"wp:term":[{"taxonomy":"product_cat","embeddable":true,"href":"https:\/\/lomina.es\/index.php?rest_route=%2Fwp%2Fv2%2Fproduct_cat&post=1183"},{"taxonomy":"product_tag","embeddable":true,"href":"https:\/\/lomina.es\/index.php?rest_route=%2Fwp%2Fv2%2Fproduct_tag&post=1183"}],"curies":[{"name":"wp","href":"https:\/\/api.w.org\/{rel}","templated":true}]}}