{"id":1178,"date":"2025-06-06T13:40:52","date_gmt":"2025-06-06T11:40:52","guid":{"rendered":"https:\/\/lomina.es\/?post_type=product&#038;p=1178"},"modified":"2025-06-06T13:40:52","modified_gmt":"2025-06-06T11:40:52","slug":"tostadora-orbegozo-de-ranura-larga","status":"publish","type":"product","link":"https:\/\/lomina.es\/?product=tostadora-orbegozo-de-ranura-larga","title":{"rendered":"Tostadora Orbegozo de ranura larga"},"content":{"rendered":"<p>La tostadora Orbegozo TO 4014de ranura larga es vers\u00e1til, muy \u00fatil y de un uso sencillo a la hora de elaborar tu desayuno. Entre sus prestaciones est\u00e1 el calentamiento de diferentes alimentos, adem\u00e1s de las tostadas. Por ejemplo, todo tipo de boller\u00eda para el desayuno o la merienda gracias a accesorio calienta panecillos.<\/p>\n","protected":false},"excerpt":{"rendered":"<p>CARACTER\u00cdSTICAS<\/p>\n<ul class=\"ul1\">\n<li class=\"li1\"><span class=\"s1\">Potencia: 850 W.<\/span><\/li>\n<li class=\"li1\"><span class=\"s1\">Desconexi\u00f3n autom\u00e1tica.<\/span><\/li>\n<li class=\"li1\"><span class=\"s1\">Funci\u00f3n de parada r\u00e1pida.<\/span><\/li>\n<li class=\"li1\"><span class=\"s1\">Bandeja recogemigas de f\u00e1cil extracci\u00f3n.<\/span><\/li>\n<li class=\"li1\"><span class=\"s1\">Centrado autom\u00e1tico del pan.<\/span><\/li>\n<li class=\"li1\"><span class=\"s1\">Calienta panecillos.<\/span><\/li>\n<li class=\"li1\"><span class=\"s1\">7 niveles de tostado.<\/span><\/li>\n<li class=\"li1\"><span class=\"s1\">Recoge cables integrado.<\/span><\/li>\n<li class=\"li1\"><span class=\"s1\">Carcasa de tacto fr\u00edo.<\/span><\/li>\n<li class=\"li1\"><span class=\"s1\">Ranura ancha para pan grueso.<\/span><\/li>\n<li class=\"li1\"><span class=\"s1\">Sistema de extra elevaci\u00f3n.<\/span><\/li>\n<li class=\"li1\"><span class=\"s1\">Pies antideslizantes.<\/span><\/li>\n<\/ul>\n","protected":false},"featured_media":1180,"comment_status":"open","ping_status":"closed","template":"","meta":{"om_disable_all_campaigns":false,"_monsterinsights_skip_tracking":false,"_monsterinsights_sitenote_active":false,"_monsterinsights_sitenote_note":"","_monsterinsights_sitenote_category":0,"site-sidebar-layout":"default","site-content-layout":"","ast-site-content-layout":"default","site-content-style":"default","site-sidebar-style":"default","ast-global-header-display":"","ast-banner-title-visibility":"","ast-main-header-display":"","ast-hfb-above-header-display":"","ast-hfb-below-header-display":"","ast-hfb-mobile-header-display":"","site-post-title":"","ast-breadcrumbs-content":"","ast-featured-img":"","footer-sml-layout":"","theme-transparent-header-meta":"default","adv-header-id-meta":"","stick-header-meta":"","header-above-stick-meta":"","header-main-stick-meta":"","header-below-stick-meta":"","astra-migrate-meta-layouts":"set","ast-page-background-enabled":"default","ast-page-background-meta":{"desktop":{"background-color":"var(--ast-global-color-4)","background-image":"","background-repeat":"repeat","background-position":"center center","background-size":"auto","background-attachment":"scroll","background-type":"","background-media":"","overlay-type":"","overlay-color":"","overlay-gradient":""},"tablet":{"background-color":"","background-image":"","background-repeat":"repeat","background-position":"center center","background-size":"auto","background-attachment":"scroll","background-type":"","background-media":"","overlay-type":"","overlay-color":"","overlay-gradient":""},"mobile":{"background-color":"","background-image":"","background-repeat":"repeat","background-position":"center center","background-size":"auto","background-attachment":"scroll","background-type":"","background-media":"","overlay-type":"","overlay-color":"","overlay-gradient":""}},"ast-content-background-meta":{"desktop":{"background-color":"var(--ast-global-color-5)","background-image":"","background-repeat":"repeat","background-position":"center center","background-size":"auto","background-attachment":"scroll","background-type":"","background-media":"","overlay-type":"","overlay-color":"","overlay-gradient":""},"tablet":{"background-color":"var(--ast-global-color-5)","background-image":"","background-repeat":"repeat","background-position":"center center","background-size":"auto","background-attachment":"scroll","background-type":"","background-media":"","overlay-type":"","overlay-color":"","overlay-gradient":""},"mobile":{"background-color":"var(--ast-global-color-5)","background-image":"","background-repeat":"repeat","background-position":"center center","background-size":"auto","background-attachment":"scroll","background-type":"","background-media":"","overlay-type":"","overlay-color":"","overlay-gradient":""}}},"product_cat":[63],"product_tag":[],"aioseo_notices":[],"jetpack_sharing_enabled":true,"_links":{"self":[{"href":"https:\/\/lomina.es\/index.php?rest_route=\/wp\/v2\/product\/1178"}],"collection":[{"href":"https:\/\/lomina.es\/index.php?rest_route=\/wp\/v2\/product"}],"about":[{"href":"https:\/\/lomina.es\/index.php?rest_route=\/wp\/v2\/types\/product"}],"replies":[{"embeddable":true,"href":"https:\/\/lomina.es\/index.php?rest_route=%2Fwp%2Fv2%2Fcomments&post=1178"}],"wp:featuredmedia":[{"embeddable":true,"href":"https:\/\/lomina.es\/index.php?rest_route=\/wp\/v2\/media\/1180"}],"wp:attachment":[{"href":"https:\/\/lomina.es\/index.php?rest_route=%2Fwp%2Fv2%2Fmedia&parent=1178"}],"wp:term":[{"taxonomy":"product_cat","embeddable":true,"href":"https:\/\/lomina.es\/index.php?rest_route=%2Fwp%2Fv2%2Fproduct_cat&post=1178"},{"taxonomy":"product_tag","embeddable":true,"href":"https:\/\/lomina.es\/index.php?rest_route=%2Fwp%2Fv2%2Fproduct_tag&post=1178"}],"curies":[{"name":"wp","href":"https:\/\/api.w.org\/{rel}","templated":true}]}}