{"id":117,"date":"2024-01-31T03:08:31","date_gmt":"2024-01-31T02:08:31","guid":{"rendered":"https:\/\/lomina.es\/?post_type=product&#038;p=117"},"modified":"2025-04-01T21:02:54","modified_gmt":"2025-04-01T19:02:54","slug":"smartwatch-metal-silicona-cool-dover-gris","status":"publish","type":"product","link":"https:\/\/lomina.es\/?product=smartwatch-metal-silicona-cool-dover-gris","title":{"rendered":"Smartwatch Metal + Silicona COOL Dover Gris"},"content":{"rendered":"<p>Smartwatch COOL Dover. Calidad top: realiza y recibe llamadas directamente en \u00e9l.<br \/>\nNo te conformas con poco. Eres especial. Tu smartwatch tambi\u00e9n lo es.<\/p>\n<p>Te presentamos este smartwatch COOL de pantalla circular que har\u00e1n que lucirlo en tu mu\u00f1eca sea toda una experiencia sensorial.<\/p>\n<p>Podr\u00e1s hacer llamadas mediante bluetooth; sin necesidad de sacar tu smartphone del bolsillo o del bolso. Lleva altavoz y micr\u00f3fono incorporados con alta calidad de sonido.<\/p>\n<p>Recibe las notificaciones m\u00e1s importantes, directamente en tu smartwatch, sin tener que consultar tu smartphone. Con su protecci\u00f3n IP67, v\u00e1lido para salpicaduras de agua y arena, podr\u00e1s ducharte con \u00e9l, lavado de manos, etc&#8230; C\u00f3digo log\u00edstico: TABLETTMINGZ<\/p>\n<p><strong>Contenido de la caja:<\/strong><br \/>\n&#8211; Smartwatch COOL Dover (+ 2 Correas: metal y silicona universales de 18 mm)<br \/>\n&#8211; Cable de carga USB: magn\u00e9tico.<br \/>\n&#8211; Manual de instrucciones en espa\u00f1ol, portugu\u00e9s e ingl\u00e9s.<\/p>\n<p>&nbsp;<\/p>\n<h2>Especificaciones<\/h2>\n<table>\n<tbody>\n<tr>\n<td>Pantalla<\/td>\n<td>1.2&#8243; (240&#215;240 px)<\/td>\n<\/tr>\n<tr>\n<td>Duraci\u00f3n de la bater\u00eda<\/td>\n<td>Hasta 10 d\u00edas<\/td>\n<\/tr>\n<tr>\n<td>Capacidad de bater\u00eda<\/td>\n<td>280 mAh Litio<\/td>\n<\/tr>\n<tr>\n<td>Correas<\/td>\n<td>Compatible con correas universales de 18mm<\/td>\n<\/tr>\n<tr>\n<td>Dimensiones<\/td>\n<td>Di\u00e1metro esfera 42mm x di\u00e1metro pantalla 32 mm x grosor 7mm<\/td>\n<\/tr>\n<tr>\n<td>Compatibilidad<\/td>\n<td>iOs \/ Android<\/td>\n<\/tr>\n<tr>\n<td>Monitorizaci\u00f3n<\/td>\n<td>Frecuencia card\u00edaca, presi\u00f3n arterial, ox\u00edgeno en sangre, control del sue\u00f1o<\/td>\n<\/tr>\n<tr>\n<td>Contador<\/td>\n<td>Pasos, kil\u00f3metros y calor\u00edas<\/td>\n<\/tr>\n<tr>\n<td>Modos de deporte<\/td>\n<td>Caminar, correr, senderismo, ciclismo y deporte libre<\/td>\n<\/tr>\n<tr>\n<td>Notificaciones<\/td>\n<td>APP\u00b4s y llamadas<\/td>\n<\/tr>\n<tr>\n<td>Resistente al agua IP67<\/td>\n<td>Salpicaduras de agua y arena<\/td>\n<\/tr>\n<tr>\n<td>Llamadas<\/td>\n<td>Realizaci\u00f3n y recepci\u00f3n<\/td>\n<\/tr>\n<tr>\n<td>Despertador, alarmas y cron\u00f3metro<\/td>\n<td>Si<\/td>\n<\/tr>\n<tr>\n<td>Control remoto de la c\u00e1mara de tu smartphone (obturador)<\/td>\n<td>Si<\/td>\n<\/tr>\n<tr>\n<td>Recordatorio de Sedentarismo<\/td>\n<td>Si<\/td>\n<\/tr>\n<tr>\n<td>Control de la m\u00fasica del smartphone.<\/td>\n<td>Si<\/td>\n<\/tr>\n<tr>\n<td>Modo no molestar<\/td>\n<td>Si<\/td>\n<\/tr>\n<tr>\n<td>M\u00faltiples idiomas<\/td>\n<td>Si<\/td>\n<\/tr>\n<\/tbody>\n<\/table>\n","protected":false},"excerpt":{"rendered":"<p>CARACTER\u00cdSTICAS:<\/p>\n<ul>\n<li><span style=\"font-weight: 400;\">Hasta 10 d\u00edas de bater\u00eda.<\/span><\/li>\n<li><span style=\"font-weight: 400;\">Llamadas bluetooth.<\/span><\/li>\n<li>Resistente al agua IP67.<\/li>\n<li>Compatibilidad iOs \/ Android.<\/li>\n<li>Obturador.<\/li>\n<li>Monitorizaci\u00f3n del cuerpo.<\/li>\n<li>M\u00faltiples idiomas.<\/li>\n<\/ul>\n<p>&nbsp;<\/p>\n","protected":false},"featured_media":118,"comment_status":"open","ping_status":"closed","template":"","meta":{"om_disable_all_campaigns":false,"_monsterinsights_skip_tracking":false,"_monsterinsights_sitenote_active":false,"_monsterinsights_sitenote_note":"","_monsterinsights_sitenote_category":0,"site-sidebar-layout":"default","site-content-layout":"","ast-site-content-layout":"default","site-content-style":"default","site-sidebar-style":"default","ast-global-header-display":"","ast-banner-title-visibility":"","ast-main-header-display":"","ast-hfb-above-header-display":"","ast-hfb-below-header-display":"","ast-hfb-mobile-header-display":"","site-post-title":"","ast-breadcrumbs-content":"","ast-featured-img":"","footer-sml-layout":"","theme-transparent-header-meta":"default","adv-header-id-meta":"","stick-header-meta":"","header-above-stick-meta":"","header-main-stick-meta":"","header-below-stick-meta":"","astra-migrate-meta-layouts":"set","ast-page-background-enabled":"default","ast-page-background-meta":{"desktop":{"background-color":"var(--ast-global-color-4)","background-image":"","background-repeat":"repeat","background-position":"center center","background-size":"auto","background-attachment":"scroll","background-type":"","background-media":"","overlay-type":"","overlay-color":"","overlay-gradient":""},"tablet":{"background-color":"","background-image":"","background-repeat":"repeat","background-position":"center center","background-size":"auto","background-attachment":"scroll","background-type":"","background-media":"","overlay-type":"","overlay-color":"","overlay-gradient":""},"mobile":{"background-color":"","background-image":"","background-repeat":"repeat","background-position":"center center","background-size":"auto","background-attachment":"scroll","background-type":"","background-media":"","overlay-type":"","overlay-color":"","overlay-gradient":""}},"ast-content-background-meta":{"desktop":{"background-color":"var(--ast-global-color-5)","background-image":"","background-repeat":"repeat","background-position":"center center","background-size":"auto","background-attachment":"scroll","background-type":"","background-media":"","overlay-type":"","overlay-color":"","overlay-gradient":""},"tablet":{"background-color":"var(--ast-global-color-5)","background-image":"","background-repeat":"repeat","background-position":"center center","background-size":"auto","background-attachment":"scroll","background-type":"","background-media":"","overlay-type":"","overlay-color":"","overlay-gradient":""},"mobile":{"background-color":"var(--ast-global-color-5)","background-image":"","background-repeat":"repeat","background-position":"center center","background-size":"auto","background-attachment":"scroll","background-type":"","background-media":"","overlay-type":"","overlay-color":"","overlay-gradient":""}}},"product_cat":[32,31],"product_tag":[],"aioseo_notices":[],"jetpack_sharing_enabled":true,"_links":{"self":[{"href":"https:\/\/lomina.es\/index.php?rest_route=\/wp\/v2\/product\/117"}],"collection":[{"href":"https:\/\/lomina.es\/index.php?rest_route=\/wp\/v2\/product"}],"about":[{"href":"https:\/\/lomina.es\/index.php?rest_route=\/wp\/v2\/types\/product"}],"replies":[{"embeddable":true,"href":"https:\/\/lomina.es\/index.php?rest_route=%2Fwp%2Fv2%2Fcomments&post=117"}],"wp:featuredmedia":[{"embeddable":true,"href":"https:\/\/lomina.es\/index.php?rest_route=\/wp\/v2\/media\/118"}],"wp:attachment":[{"href":"https:\/\/lomina.es\/index.php?rest_route=%2Fwp%2Fv2%2Fmedia&parent=117"}],"wp:term":[{"taxonomy":"product_cat","embeddable":true,"href":"https:\/\/lomina.es\/index.php?rest_route=%2Fwp%2Fv2%2Fproduct_cat&post=117"},{"taxonomy":"product_tag","embeddable":true,"href":"https:\/\/lomina.es\/index.php?rest_route=%2Fwp%2Fv2%2Fproduct_tag&post=117"}],"curies":[{"name":"wp","href":"https:\/\/api.w.org\/{rel}","templated":true}]}}