{"id":1169,"date":"2025-06-05T22:50:36","date_gmt":"2025-06-05T20:50:36","guid":{"rendered":"https:\/\/lomina.es\/?post_type=product&#038;p=1169"},"modified":"2025-06-05T22:50:36","modified_gmt":"2025-06-05T20:50:36","slug":"sandwichera-solac-2-sandwiches-blanca","status":"publish","type":"product","link":"https:\/\/lomina.es\/?product=sandwichera-solac-2-sandwiches-blanca","title":{"rendered":"Sandwichera Solac 2 sandwiches Blanca"},"content":{"rendered":"<p>Las sandwicheras Solac Buon Sandwich II ofrecen suficiente capacidad para preparar dos s\u00e1ndwiches al mismo tiempo. Adem\u00e1s, tienen unas medidas manejables y un peso ligero. Puede llevarse a cualquier lugar gracias a su asa de transporte. Tambi\u00e9n es posible almacenarla tanto en vertical como en horizontal.<\/p>\n","protected":false},"excerpt":{"rendered":"<ul class=\"a-unordered-list a-vertical a-spacing-mini\">\n<li class=\"a-spacing-mini\"><span class=\"a-list-item\"><strong>Prepara 2 sandwiches a la vez:<\/strong> pese a sus manejables dimensiones, la sandwichera tiene una estructura compacta, que permite ahorrar tiempo al preparar dos s\u00e1ndwiches en id\u00e9nticas condiciones de tostado y textura, con un cierre herm\u00e9tico durante el proceso.<\/span><\/li>\n<li class=\"a-spacing-mini\"><span class=\"a-list-item\"><strong>Placas antiadherentes:<\/strong> la forma cuadrada de las placas compatibiliza su uso con el pan de molde estandarizado. Por otro lado, estas placas incorporan un recubrimiento antiadherente que evita que se queden pegados los restos de los alimentos.<\/span><\/li>\n<li class=\"a-spacing-mini\"><span class=\"a-list-item\"><strong>Calentamiento r\u00e1pido:<\/strong> este modelo trabaja con una potencia de 750 vatios, lo que facilita que se caliente con rapidez. Tiene capacidad de conseguir temperaturas elevadas en poco tiempo. El piloto rojo estar\u00e1 encendido durante todo este proceso.<\/span><\/li>\n<li class=\"a-spacing-mini\"><span class=\"a-list-item\"><strong>Tostado uniforme:<\/strong> el calor se distribuye internamente sin altibajos gracias a su compacto ensamblaje. De esta forma, evita el frecuente fen\u00f3meno de encontrar unas partes del pan pr\u00e1cticamente quemadas y otras con el mismo aspecto que ten\u00edan antes del tostado.<\/span><\/li>\n<li class=\"a-spacing-mini\"><span class=\"a-list-item\"><strong>Compacta y f\u00e1cil de usar:<\/strong>\u00a0<\/span><span class=\"a-list-item\"> solo hay que abrir la sandwichera, introducir los alimentos en la placa inferior y volverla a cerrar. No es necesario pulsar constantemente botones y complejos sistemas de configuraci\u00f3n. Adem\u00e1s, la iluminaci\u00f3n superior refleja continuamente el proceso<\/span><\/li>\n<\/ul>\n","protected":false},"featured_media":1170,"comment_status":"open","ping_status":"closed","template":"","meta":{"om_disable_all_campaigns":false,"_monsterinsights_skip_tracking":false,"_monsterinsights_sitenote_active":false,"_monsterinsights_sitenote_note":"","_monsterinsights_sitenote_category":0,"site-sidebar-layout":"default","site-content-layout":"","ast-site-content-layout":"default","site-content-style":"default","site-sidebar-style":"default","ast-global-header-display":"","ast-banner-title-visibility":"","ast-main-header-display":"","ast-hfb-above-header-display":"","ast-hfb-below-header-display":"","ast-hfb-mobile-header-display":"","site-post-title":"","ast-breadcrumbs-content":"","ast-featured-img":"","footer-sml-layout":"","theme-transparent-header-meta":"default","adv-header-id-meta":"","stick-header-meta":"","header-above-stick-meta":"","header-main-stick-meta":"","header-below-stick-meta":"","astra-migrate-meta-layouts":"set","ast-page-background-enabled":"default","ast-page-background-meta":{"desktop":{"background-color":"var(--ast-global-color-4)","background-image":"","background-repeat":"repeat","background-position":"center center","background-size":"auto","background-attachment":"scroll","background-type":"","background-media":"","overlay-type":"","overlay-color":"","overlay-gradient":""},"tablet":{"background-color":"","background-image":"","background-repeat":"repeat","background-position":"center center","background-size":"auto","background-attachment":"scroll","background-type":"","background-media":"","overlay-type":"","overlay-color":"","overlay-gradient":""},"mobile":{"background-color":"","background-image":"","background-repeat":"repeat","background-position":"center center","background-size":"auto","background-attachment":"scroll","background-type":"","background-media":"","overlay-type":"","overlay-color":"","overlay-gradient":""}},"ast-content-background-meta":{"desktop":{"background-color":"var(--ast-global-color-5)","background-image":"","background-repeat":"repeat","background-position":"center center","background-size":"auto","background-attachment":"scroll","background-type":"","background-media":"","overlay-type":"","overlay-color":"","overlay-gradient":""},"tablet":{"background-color":"var(--ast-global-color-5)","background-image":"","background-repeat":"repeat","background-position":"center center","background-size":"auto","background-attachment":"scroll","background-type":"","background-media":"","overlay-type":"","overlay-color":"","overlay-gradient":""},"mobile":{"background-color":"var(--ast-global-color-5)","background-image":"","background-repeat":"repeat","background-position":"center center","background-size":"auto","background-attachment":"scroll","background-type":"","background-media":"","overlay-type":"","overlay-color":"","overlay-gradient":""}}},"product_cat":[63],"product_tag":[],"aioseo_notices":[],"jetpack_sharing_enabled":true,"_links":{"self":[{"href":"https:\/\/lomina.es\/index.php?rest_route=\/wp\/v2\/product\/1169"}],"collection":[{"href":"https:\/\/lomina.es\/index.php?rest_route=\/wp\/v2\/product"}],"about":[{"href":"https:\/\/lomina.es\/index.php?rest_route=\/wp\/v2\/types\/product"}],"replies":[{"embeddable":true,"href":"https:\/\/lomina.es\/index.php?rest_route=%2Fwp%2Fv2%2Fcomments&post=1169"}],"wp:featuredmedia":[{"embeddable":true,"href":"https:\/\/lomina.es\/index.php?rest_route=\/wp\/v2\/media\/1170"}],"wp:attachment":[{"href":"https:\/\/lomina.es\/index.php?rest_route=%2Fwp%2Fv2%2Fmedia&parent=1169"}],"wp:term":[{"taxonomy":"product_cat","embeddable":true,"href":"https:\/\/lomina.es\/index.php?rest_route=%2Fwp%2Fv2%2Fproduct_cat&post=1169"},{"taxonomy":"product_tag","embeddable":true,"href":"https:\/\/lomina.es\/index.php?rest_route=%2Fwp%2Fv2%2Fproduct_tag&post=1169"}],"curies":[{"name":"wp","href":"https:\/\/api.w.org\/{rel}","templated":true}]}}