{"id":1160,"date":"2025-06-05T22:28:52","date_gmt":"2025-06-05T20:28:52","guid":{"rendered":"https:\/\/lomina.es\/?post_type=product&#038;p=1160"},"modified":"2025-06-05T22:53:04","modified_gmt":"2025-06-05T20:53:04","slug":"sandwichera-jata-4-sandwiches-enteros-xl","status":"publish","type":"product","link":"https:\/\/lomina.es\/?product=sandwichera-jata-4-sandwiches-enteros-xl","title":{"rendered":"Sandwichera Jata 4 sandwiches enteros XL"},"content":{"rendered":"<p>No importa que te gusten los s\u00e1ndwiches mixtos que otros m\u00e1s vanguardistas con hummus, pues con la\u00a0sandwichera Jata SW546 siempre tendr\u00e1s asegurados resultados perfectos. Gracias a su sellado perfecto, lograremos\u00a0un tostado r\u00e1pido y uniforme. Nunca se romper\u00e1n los s\u00e1ndwiches y por lo tanto los resultados ser\u00e1n perfectos en este modelo Jata.<\/p>\n","protected":false},"excerpt":{"rendered":"<p>CARACTER\u00cdSTICAS<\/p>\n<ul class=\"a-unordered-list a-vertical a-spacing-mini\">\n<li class=\"a-spacing-mini\"><span class=\"a-list-item\">Esta sandwichera te permite hacer hasta 4 s\u00e1ndwiches enteros a la vez. Es una sandwichera familiar de gran capacidad<\/span><\/li>\n<li class=\"a-spacing-mini\"><span class=\"a-list-item\"><strong>F\u00e1cil limpieza<\/strong>: las placas de la sandwichera cuentan con recubrimiento antiadherente para que no se pegue nada y sea muy f\u00e1cil su limpieza<\/span><\/li>\n<li class=\"a-spacing-mini\"><span class=\"a-list-item\"><strong>Tostado<\/strong>: esta sandwichera es r\u00e1pida y ofrece un tostado uniforme en los 4 compartimentos y en todas sus caras. Adem\u00e1s, los s\u00e1ndwiches se sellan perfectamente por lo que nada se escapar\u00e1 por sus lados<\/span><\/li>\n<li class=\"a-spacing-mini\"><span class=\"a-list-item\"><strong>Almacenaje:<\/strong> Se puede guardar tanto en posici\u00f3n horizontal como vertical (esto permite guardarla sin problema en cualquier sitio)<\/span><\/li>\n<li class=\"a-spacing-mini\"><span class=\"a-list-item\"><strong>Cierre:<\/strong> su cierre es de clip para guardar f\u00e1cilmente sin que se abra su tapa<\/span><\/li>\n<li class=\"a-spacing-mini\"><span class=\"a-list-item\">Su cable se puede recoger f\u00e1cilmente ya que cuenta con un alojamiento para \u00e9l<\/span><\/li>\n<li class=\"a-spacing-mini\"><span class=\"a-list-item\"><strong>Pilotos<\/strong>: cuenta con 2 pilotos luminosos independientes. Uno nos informa de que la sandwichera est\u00e1 encendida y el otro de que los s\u00e1ndwiches ya est\u00e1n preparados y listos para comer<\/span><\/li>\n<li class=\"a-spacing-mini\"><span class=\"a-list-item\">Tiene una potencia de 1.500 W<\/span><\/li>\n<li class=\"a-spacing-mini\"><span class=\"a-list-item\">Garant\u00eda: todos los productos Jata tienen 3 a\u00f1os de garant\u00eda<\/span><\/li>\n<\/ul>\n<div class=\"a-row a-expander-container a-expander-inline-container\">\n<div class=\"a-expander-content a-expander-extend-content a-expander-content-expanded\" data-expanded=\"true\"><\/div>\n<\/div>\n","protected":false},"featured_media":1167,"comment_status":"open","ping_status":"closed","template":"","meta":{"om_disable_all_campaigns":false,"_monsterinsights_skip_tracking":false,"_monsterinsights_sitenote_active":false,"_monsterinsights_sitenote_note":"","_monsterinsights_sitenote_category":0,"site-sidebar-layout":"default","site-content-layout":"","ast-site-content-layout":"default","site-content-style":"default","site-sidebar-style":"default","ast-global-header-display":"","ast-banner-title-visibility":"","ast-main-header-display":"","ast-hfb-above-header-display":"","ast-hfb-below-header-display":"","ast-hfb-mobile-header-display":"","site-post-title":"","ast-breadcrumbs-content":"","ast-featured-img":"","footer-sml-layout":"","theme-transparent-header-meta":"default","adv-header-id-meta":"","stick-header-meta":"","header-above-stick-meta":"","header-main-stick-meta":"","header-below-stick-meta":"","astra-migrate-meta-layouts":"set","ast-page-background-enabled":"default","ast-page-background-meta":{"desktop":{"background-color":"var(--ast-global-color-4)","background-image":"","background-repeat":"repeat","background-position":"center center","background-size":"auto","background-attachment":"scroll","background-type":"","background-media":"","overlay-type":"","overlay-color":"","overlay-gradient":""},"tablet":{"background-color":"","background-image":"","background-repeat":"repeat","background-position":"center center","background-size":"auto","background-attachment":"scroll","background-type":"","background-media":"","overlay-type":"","overlay-color":"","overlay-gradient":""},"mobile":{"background-color":"","background-image":"","background-repeat":"repeat","background-position":"center center","background-size":"auto","background-attachment":"scroll","background-type":"","background-media":"","overlay-type":"","overlay-color":"","overlay-gradient":""}},"ast-content-background-meta":{"desktop":{"background-color":"var(--ast-global-color-5)","background-image":"","background-repeat":"repeat","background-position":"center center","background-size":"auto","background-attachment":"scroll","background-type":"","background-media":"","overlay-type":"","overlay-color":"","overlay-gradient":""},"tablet":{"background-color":"var(--ast-global-color-5)","background-image":"","background-repeat":"repeat","background-position":"center center","background-size":"auto","background-attachment":"scroll","background-type":"","background-media":"","overlay-type":"","overlay-color":"","overlay-gradient":""},"mobile":{"background-color":"var(--ast-global-color-5)","background-image":"","background-repeat":"repeat","background-position":"center center","background-size":"auto","background-attachment":"scroll","background-type":"","background-media":"","overlay-type":"","overlay-color":"","overlay-gradient":""}}},"product_cat":[63],"product_tag":[],"aioseo_notices":[],"jetpack_sharing_enabled":true,"_links":{"self":[{"href":"https:\/\/lomina.es\/index.php?rest_route=\/wp\/v2\/product\/1160"}],"collection":[{"href":"https:\/\/lomina.es\/index.php?rest_route=\/wp\/v2\/product"}],"about":[{"href":"https:\/\/lomina.es\/index.php?rest_route=\/wp\/v2\/types\/product"}],"replies":[{"embeddable":true,"href":"https:\/\/lomina.es\/index.php?rest_route=%2Fwp%2Fv2%2Fcomments&post=1160"}],"wp:featuredmedia":[{"embeddable":true,"href":"https:\/\/lomina.es\/index.php?rest_route=\/wp\/v2\/media\/1167"}],"wp:attachment":[{"href":"https:\/\/lomina.es\/index.php?rest_route=%2Fwp%2Fv2%2Fmedia&parent=1160"}],"wp:term":[{"taxonomy":"product_cat","embeddable":true,"href":"https:\/\/lomina.es\/index.php?rest_route=%2Fwp%2Fv2%2Fproduct_cat&post=1160"},{"taxonomy":"product_tag","embeddable":true,"href":"https:\/\/lomina.es\/index.php?rest_route=%2Fwp%2Fv2%2Fproduct_tag&post=1160"}],"curies":[{"name":"wp","href":"https:\/\/api.w.org\/{rel}","templated":true}]}}