{"id":1144,"date":"2025-05-24T13:35:56","date_gmt":"2025-05-24T11:35:56","guid":{"rendered":"https:\/\/lomina.es\/?post_type=product&#038;p=1144"},"modified":"2025-05-24T13:35:56","modified_gmt":"2025-05-24T11:35:56","slug":"batidora-ufesa-800w-batidora-de-mano","status":"publish","type":"product","link":"https:\/\/lomina.es\/?product=batidora-ufesa-800w-batidora-de-mano","title":{"rendered":"Batidora Ufesa-800W-batidora de mano"},"content":{"rendered":"<p data-start=\"62\" data-end=\"296\">La batidora de mano Pulsar 800 ofrece una combinaci\u00f3n perfecta de potencia y funcionalidad en un dise\u00f1o compacto y ergon\u00f3mico. Con sus 800W de potencia, es ideal para preparar una amplia variedad de recetas de forma r\u00e1pida y sencilla.<\/p>\n<p data-start=\"298\" data-end=\"576\">Cuenta con control de velocidad variable y una pr\u00e1ctica Funci\u00f3n Turbo, que te permiten ajustar la intensidad seg\u00fan cada preparaci\u00f3n. Incluye accesorios vers\u00e1tiles como un batidor emulsionador, una picadora y un vaso medidor, para que puedas batir, mezclar y picar con facilidad.<\/p>\n<p data-start=\"578\" data-end=\"831\" data-is-last-node=\"\" data-is-only-node=\"\">Est\u00e1 equipada con 4 cuchillas de alto rendimiento y un pie desmontable que facilita la limpieza. Su dise\u00f1o ergon\u00f3mico y antisalpicaduras asegura una experiencia c\u00f3moda y ordenada. Adem\u00e1s, su peso ligero de solo 0,98 kg hace que sea muy f\u00e1cil de manejar.<\/p>\n","protected":false},"excerpt":{"rendered":"<p>CARACTER\u00cdSRTICAS<\/p>\n<ul>\n<li><strong>Dimensiones\u00a0<\/strong>22 x 23.8 x 11 cm<\/li>\n<li><strong>Peso\u00a0<\/strong>0.98 kg<\/li>\n<li><strong>Potencia\u00a0<\/strong>800 W<\/li>\n<li><strong>Incluye\u00a0<\/strong>vaso medidor de 600ml libre de BPA<\/li>\n<li><strong>Funci\u00f3n\u00a0<\/strong>Turbo<\/li>\n<li><strong>Control de velocidad\u00a0<\/strong>variable<\/li>\n<li><strong>N\u00famero de cuchillas<\/strong>\u00a04<\/li>\n<li><strong>Dise\u00f1o\u00a0<\/strong>ergon\u00f3mico y antisalpicaduras<\/li>\n<li><strong>Pie\u00a0<\/strong>desmontable de acero inoxidable<\/li>\n<\/ul>\n","protected":false},"featured_media":1149,"comment_status":"open","ping_status":"closed","template":"","meta":{"om_disable_all_campaigns":false,"_monsterinsights_skip_tracking":false,"_monsterinsights_sitenote_active":false,"_monsterinsights_sitenote_note":"","_monsterinsights_sitenote_category":0,"site-sidebar-layout":"default","site-content-layout":"","ast-site-content-layout":"default","site-content-style":"default","site-sidebar-style":"default","ast-global-header-display":"","ast-banner-title-visibility":"","ast-main-header-display":"","ast-hfb-above-header-display":"","ast-hfb-below-header-display":"","ast-hfb-mobile-header-display":"","site-post-title":"","ast-breadcrumbs-content":"","ast-featured-img":"","footer-sml-layout":"","theme-transparent-header-meta":"default","adv-header-id-meta":"","stick-header-meta":"","header-above-stick-meta":"","header-main-stick-meta":"","header-below-stick-meta":"","astra-migrate-meta-layouts":"set","ast-page-background-enabled":"default","ast-page-background-meta":{"desktop":{"background-color":"var(--ast-global-color-4)","background-image":"","background-repeat":"repeat","background-position":"center center","background-size":"auto","background-attachment":"scroll","background-type":"","background-media":"","overlay-type":"","overlay-color":"","overlay-gradient":""},"tablet":{"background-color":"","background-image":"","background-repeat":"repeat","background-position":"center center","background-size":"auto","background-attachment":"scroll","background-type":"","background-media":"","overlay-type":"","overlay-color":"","overlay-gradient":""},"mobile":{"background-color":"","background-image":"","background-repeat":"repeat","background-position":"center center","background-size":"auto","background-attachment":"scroll","background-type":"","background-media":"","overlay-type":"","overlay-color":"","overlay-gradient":""}},"ast-content-background-meta":{"desktop":{"background-color":"var(--ast-global-color-5)","background-image":"","background-repeat":"repeat","background-position":"center center","background-size":"auto","background-attachment":"scroll","background-type":"","background-media":"","overlay-type":"","overlay-color":"","overlay-gradient":""},"tablet":{"background-color":"var(--ast-global-color-5)","background-image":"","background-repeat":"repeat","background-position":"center center","background-size":"auto","background-attachment":"scroll","background-type":"","background-media":"","overlay-type":"","overlay-color":"","overlay-gradient":""},"mobile":{"background-color":"var(--ast-global-color-5)","background-image":"","background-repeat":"repeat","background-position":"center center","background-size":"auto","background-attachment":"scroll","background-type":"","background-media":"","overlay-type":"","overlay-color":"","overlay-gradient":""}}},"product_cat":[63],"product_tag":[],"aioseo_notices":[],"jetpack_sharing_enabled":true,"_links":{"self":[{"href":"https:\/\/lomina.es\/index.php?rest_route=\/wp\/v2\/product\/1144"}],"collection":[{"href":"https:\/\/lomina.es\/index.php?rest_route=\/wp\/v2\/product"}],"about":[{"href":"https:\/\/lomina.es\/index.php?rest_route=\/wp\/v2\/types\/product"}],"replies":[{"embeddable":true,"href":"https:\/\/lomina.es\/index.php?rest_route=%2Fwp%2Fv2%2Fcomments&post=1144"}],"wp:featuredmedia":[{"embeddable":true,"href":"https:\/\/lomina.es\/index.php?rest_route=\/wp\/v2\/media\/1149"}],"wp:attachment":[{"href":"https:\/\/lomina.es\/index.php?rest_route=%2Fwp%2Fv2%2Fmedia&parent=1144"}],"wp:term":[{"taxonomy":"product_cat","embeddable":true,"href":"https:\/\/lomina.es\/index.php?rest_route=%2Fwp%2Fv2%2Fproduct_cat&post=1144"},{"taxonomy":"product_tag","embeddable":true,"href":"https:\/\/lomina.es\/index.php?rest_route=%2Fwp%2Fv2%2Fproduct_tag&post=1144"}],"curies":[{"name":"wp","href":"https:\/\/api.w.org\/{rel}","templated":true}]}}