{"id":114,"date":"2024-01-31T03:02:51","date_gmt":"2024-01-31T02:02:51","guid":{"rendered":"https:\/\/lomina.es\/?post_type=product&#038;p=114"},"modified":"2025-04-01T21:03:11","modified_gmt":"2025-04-01T19:03:11","slug":"termo-ventilador-ibiza","status":"publish","type":"product","link":"https:\/\/lomina.es\/?product=termo-ventilador-ibiza","title":{"rendered":"Calefactor Termo ventilador IBIZA"},"content":{"rendered":"<p><strong>Potencia Adaptable:<\/strong> Con dos opciones de potencia (1000 W \/ 2000 W), el Termo Ventilador IBIZA te ofrece la flexibilidad necesaria para ajustar la intensidad del flujo de aire seg\u00fan tus necesidades t\u00e9rmicas.<\/p>\n<p><strong>Funci\u00f3n Fr\u00edo \/ Calor:<\/strong> Dise\u00f1ado para brindar comodidad durante todo el a\u00f1o, este termo ventilador cuenta con la capacidad de generar tanto aire caliente como aire fr\u00edo, adapt\u00e1ndose a las variaciones clim\u00e1ticas.<\/p>\n<p><strong>Seguridad Garantizada:<\/strong> Equipado con un termostato de seguridad, el Termo Ventilador IBIZA prioriza tu tranquilidad. Esta funci\u00f3n inteligente monitorea constantemente la temperatura y desconecta autom\u00e1ticamente el dispositivo en caso de alcanzar niveles cr\u00edticos, proporcionando un entorno seguro y protegido.<\/p>\n<p><strong>Indicador Visual:<\/strong> El piloto luminoso incorporado permite una f\u00e1cil identificaci\u00f3n del estado de funcionamiento del termo ventilador, brind\u00e1ndote una visi\u00f3n clara y r\u00e1pida de su operaci\u00f3n.<\/p>\n","protected":false},"excerpt":{"rendered":"<p>CARACTER\u00cdSTICAS:<\/p>\n<ul>\n<li><span style=\"font-weight: 400;\">Potencia adaptable.<\/span><\/li>\n<li><span style=\"font-weight: 400;\">Frio\/Calor.<\/span><\/li>\n<li>Seguridad garantizada<\/li>\n<li>Indicador visual.<\/li>\n<li>Piloto luminoso.<\/li>\n<li>Bajo nivel sonoro.<\/li>\n<li>2000 W \/ 230 V \/ 50 Hz.<\/li>\n<\/ul>\n<p>&nbsp;<\/p>\n","protected":false},"featured_media":115,"comment_status":"open","ping_status":"closed","template":"","meta":{"om_disable_all_campaigns":false,"_monsterinsights_skip_tracking":false,"_monsterinsights_sitenote_active":false,"_monsterinsights_sitenote_note":"","_monsterinsights_sitenote_category":0,"site-sidebar-layout":"default","site-content-layout":"","ast-site-content-layout":"default","site-content-style":"default","site-sidebar-style":"default","ast-global-header-display":"","ast-banner-title-visibility":"","ast-main-header-display":"","ast-hfb-above-header-display":"","ast-hfb-below-header-display":"","ast-hfb-mobile-header-display":"","site-post-title":"","ast-breadcrumbs-content":"","ast-featured-img":"","footer-sml-layout":"","theme-transparent-header-meta":"default","adv-header-id-meta":"","stick-header-meta":"","header-above-stick-meta":"","header-main-stick-meta":"","header-below-stick-meta":"","astra-migrate-meta-layouts":"set","ast-page-background-enabled":"default","ast-page-background-meta":{"desktop":{"background-color":"var(--ast-global-color-4)","background-image":"","background-repeat":"repeat","background-position":"center center","background-size":"auto","background-attachment":"scroll","background-type":"","background-media":"","overlay-type":"","overlay-color":"","overlay-gradient":""},"tablet":{"background-color":"","background-image":"","background-repeat":"repeat","background-position":"center center","background-size":"auto","background-attachment":"scroll","background-type":"","background-media":"","overlay-type":"","overlay-color":"","overlay-gradient":""},"mobile":{"background-color":"","background-image":"","background-repeat":"repeat","background-position":"center center","background-size":"auto","background-attachment":"scroll","background-type":"","background-media":"","overlay-type":"","overlay-color":"","overlay-gradient":""}},"ast-content-background-meta":{"desktop":{"background-color":"var(--ast-global-color-5)","background-image":"","background-repeat":"repeat","background-position":"center center","background-size":"auto","background-attachment":"scroll","background-type":"","background-media":"","overlay-type":"","overlay-color":"","overlay-gradient":""},"tablet":{"background-color":"var(--ast-global-color-5)","background-image":"","background-repeat":"repeat","background-position":"center center","background-size":"auto","background-attachment":"scroll","background-type":"","background-media":"","overlay-type":"","overlay-color":"","overlay-gradient":""},"mobile":{"background-color":"var(--ast-global-color-5)","background-image":"","background-repeat":"repeat","background-position":"center center","background-size":"auto","background-attachment":"scroll","background-type":"","background-media":"","overlay-type":"","overlay-color":"","overlay-gradient":""}}},"product_cat":[30,29],"product_tag":[],"aioseo_notices":[],"jetpack_sharing_enabled":true,"_links":{"self":[{"href":"https:\/\/lomina.es\/index.php?rest_route=\/wp\/v2\/product\/114"}],"collection":[{"href":"https:\/\/lomina.es\/index.php?rest_route=\/wp\/v2\/product"}],"about":[{"href":"https:\/\/lomina.es\/index.php?rest_route=\/wp\/v2\/types\/product"}],"replies":[{"embeddable":true,"href":"https:\/\/lomina.es\/index.php?rest_route=%2Fwp%2Fv2%2Fcomments&post=114"}],"wp:featuredmedia":[{"embeddable":true,"href":"https:\/\/lomina.es\/index.php?rest_route=\/wp\/v2\/media\/115"}],"wp:attachment":[{"href":"https:\/\/lomina.es\/index.php?rest_route=%2Fwp%2Fv2%2Fmedia&parent=114"}],"wp:term":[{"taxonomy":"product_cat","embeddable":true,"href":"https:\/\/lomina.es\/index.php?rest_route=%2Fwp%2Fv2%2Fproduct_cat&post=114"},{"taxonomy":"product_tag","embeddable":true,"href":"https:\/\/lomina.es\/index.php?rest_route=%2Fwp%2Fv2%2Fproduct_tag&post=114"}],"curies":[{"name":"wp","href":"https:\/\/api.w.org\/{rel}","templated":true}]}}