{"id":1113,"date":"2025-05-24T11:07:11","date_gmt":"2025-05-24T09:07:11","guid":{"rendered":"https:\/\/lomina.es\/?post_type=product&#038;p=1113"},"modified":"2025-05-24T13:36:49","modified_gmt":"2025-05-24T11:36:49","slug":"batidora-bosh-ergo-mixx-batidora-de-mano","status":"publish","type":"product","link":"https:\/\/lomina.es\/?product=batidora-bosh-ergo-mixx-batidora-de-mano","title":{"rendered":"Batidora bosh Ergo Mixx-Batidora de mano"},"content":{"rendered":"<p>Si eres amante de la cocina y disfrutas preparar tus propias recetas, la batidora de mano Bosch MS6CB61V1 Ergomixx, en elegante color negro, ser\u00e1 tu aliada ideal. Con ella podr\u00e1s preparar desde sopas frescas y cremosas hasta batidos llenos de sabor y textura, obteniendo siempre resultados excelentes gracias a su potente rendimiento y dise\u00f1o ergon\u00f3mico que facilita su uso diario.<\/p>\n","protected":false},"excerpt":{"rendered":"<p>CARACTER\u00cdSTICAS<\/p>\n<ul>\n<li><strong>Recipientes especiales para envasar al vac\u00edo<\/strong>: elimina el aire que hay en el interior de los recipientes, evitando las oxidaci\u00f3n de los alimentos, y disfruta de su frescura as\u00ed como de sus mejores propiedades durante m\u00e1s tiempo.<\/li>\n<li><strong>Accesorios para envasar al vac\u00edo incluidos<\/strong>: recipiente especial y bolsas tanto de 1 litro como de 4 litros de capacidad. Lavables en el lavavajillas y reutilizables.<\/li>\n<li><strong>M\u00e1xima potencia en el motor de tu batidora de mano Bosch<\/strong>: hasta 1000 W.<\/li>\n<li><strong>Hasta 12+1 niveles de potencia:<\/strong> Elige entre los 12 niveles posibles, incluso un nivel turbo plus, para garantizar una consistencia perfecta para cualquier receta.<\/li>\n<li>\u00a0<strong>Cuchillas QuattroBlade de acero inoxidable:<\/strong> resultados perfectos de trituraci\u00f3n con el sistema antisalpicaduras.<\/li>\n<\/ul>\n","protected":false},"featured_media":1114,"comment_status":"open","ping_status":"closed","template":"","meta":{"om_disable_all_campaigns":false,"_monsterinsights_skip_tracking":false,"_monsterinsights_sitenote_active":false,"_monsterinsights_sitenote_note":"","_monsterinsights_sitenote_category":0,"site-sidebar-layout":"default","site-content-layout":"","ast-site-content-layout":"default","site-content-style":"default","site-sidebar-style":"default","ast-global-header-display":"","ast-banner-title-visibility":"","ast-main-header-display":"","ast-hfb-above-header-display":"","ast-hfb-below-header-display":"","ast-hfb-mobile-header-display":"","site-post-title":"","ast-breadcrumbs-content":"","ast-featured-img":"","footer-sml-layout":"","theme-transparent-header-meta":"default","adv-header-id-meta":"","stick-header-meta":"","header-above-stick-meta":"","header-main-stick-meta":"","header-below-stick-meta":"","astra-migrate-meta-layouts":"set","ast-page-background-enabled":"default","ast-page-background-meta":{"desktop":{"background-color":"var(--ast-global-color-4)","background-image":"","background-repeat":"repeat","background-position":"center center","background-size":"auto","background-attachment":"scroll","background-type":"","background-media":"","overlay-type":"","overlay-color":"","overlay-gradient":""},"tablet":{"background-color":"","background-image":"","background-repeat":"repeat","background-position":"center center","background-size":"auto","background-attachment":"scroll","background-type":"","background-media":"","overlay-type":"","overlay-color":"","overlay-gradient":""},"mobile":{"background-color":"","background-image":"","background-repeat":"repeat","background-position":"center center","background-size":"auto","background-attachment":"scroll","background-type":"","background-media":"","overlay-type":"","overlay-color":"","overlay-gradient":""}},"ast-content-background-meta":{"desktop":{"background-color":"var(--ast-global-color-5)","background-image":"","background-repeat":"repeat","background-position":"center center","background-size":"auto","background-attachment":"scroll","background-type":"","background-media":"","overlay-type":"","overlay-color":"","overlay-gradient":""},"tablet":{"background-color":"var(--ast-global-color-5)","background-image":"","background-repeat":"repeat","background-position":"center center","background-size":"auto","background-attachment":"scroll","background-type":"","background-media":"","overlay-type":"","overlay-color":"","overlay-gradient":""},"mobile":{"background-color":"var(--ast-global-color-5)","background-image":"","background-repeat":"repeat","background-position":"center center","background-size":"auto","background-attachment":"scroll","background-type":"","background-media":"","overlay-type":"","overlay-color":"","overlay-gradient":""}}},"product_cat":[63],"product_tag":[],"aioseo_notices":[],"jetpack_sharing_enabled":true,"_links":{"self":[{"href":"https:\/\/lomina.es\/index.php?rest_route=\/wp\/v2\/product\/1113"}],"collection":[{"href":"https:\/\/lomina.es\/index.php?rest_route=\/wp\/v2\/product"}],"about":[{"href":"https:\/\/lomina.es\/index.php?rest_route=\/wp\/v2\/types\/product"}],"replies":[{"embeddable":true,"href":"https:\/\/lomina.es\/index.php?rest_route=%2Fwp%2Fv2%2Fcomments&post=1113"}],"wp:featuredmedia":[{"embeddable":true,"href":"https:\/\/lomina.es\/index.php?rest_route=\/wp\/v2\/media\/1114"}],"wp:attachment":[{"href":"https:\/\/lomina.es\/index.php?rest_route=%2Fwp%2Fv2%2Fmedia&parent=1113"}],"wp:term":[{"taxonomy":"product_cat","embeddable":true,"href":"https:\/\/lomina.es\/index.php?rest_route=%2Fwp%2Fv2%2Fproduct_cat&post=1113"},{"taxonomy":"product_tag","embeddable":true,"href":"https:\/\/lomina.es\/index.php?rest_route=%2Fwp%2Fv2%2Fproduct_tag&post=1113"}],"curies":[{"name":"wp","href":"https:\/\/api.w.org\/{rel}","templated":true}]}}