{"id":1109,"date":"2025-05-21T22:28:03","date_gmt":"2025-05-21T20:28:03","guid":{"rendered":"https:\/\/lomina.es\/?post_type=product&#038;p=1109"},"modified":"2025-05-21T22:37:59","modified_gmt":"2025-05-21T20:37:59","slug":"sandwichera-jata-sw551-potencia-1400-w","status":"publish","type":"product","link":"https:\/\/lomina.es\/?product=sandwichera-jata-sw551-potencia-1400-w","title":{"rendered":"Sandwichera Jata SW551- Potencia 1400 W"},"content":{"rendered":"<p>Sandwichera XXL con capacidad para cocinar 4 s\u00e1ndwiches completos al mismo tiempo. Incorpora placas con recubrimiento antiadherente libre de PFOA para una cocci\u00f3n segura y una limpieza sencilla. Ofrece un sellado perfecto y un tostado r\u00e1pido y uniforme. Cuenta con dos pilotos luminosos independientes (encendido y listo para usar), clip de cierre y posibilidad de almacenaje en posici\u00f3n vertical. Funciona con un voltaje de 230 V y una potencia de 1.400 W.<\/p>\n","protected":false},"excerpt":{"rendered":"<p>CARACTER\u00cdSTICAS<\/p>\n<ul class=\"wim-list-description-custom\">\n<li>Cocina 4 s\u00e1ndwiches enteros \u201cXXL\u201d.<\/li>\n<li>Placas con recubrimiento antiadherente libre de PFOA.<\/li>\n<li>Sellado perfecto.<\/li>\n<li>Tostado r\u00e1pido y uniforme.<\/li>\n<li>2 pilotos luminosos independientes: encendido \/ preparado.<\/li>\n<li>Almacenaje vertical.<\/li>\n<li>Clip de cierre para almacenamiento.<\/li>\n<li>F\u00e1cil limpieza.<\/li>\n<li>Voltaje 230 V.<\/li>\n<li>Potencia 1.400 W.<\/li>\n<\/ul>\n","protected":false},"featured_media":1112,"comment_status":"open","ping_status":"closed","template":"","meta":{"om_disable_all_campaigns":false,"_monsterinsights_skip_tracking":false,"_monsterinsights_sitenote_active":false,"_monsterinsights_sitenote_note":"","_monsterinsights_sitenote_category":0,"site-sidebar-layout":"default","site-content-layout":"","ast-site-content-layout":"default","site-content-style":"default","site-sidebar-style":"default","ast-global-header-display":"","ast-banner-title-visibility":"","ast-main-header-display":"","ast-hfb-above-header-display":"","ast-hfb-below-header-display":"","ast-hfb-mobile-header-display":"","site-post-title":"","ast-breadcrumbs-content":"","ast-featured-img":"","footer-sml-layout":"","theme-transparent-header-meta":"default","adv-header-id-meta":"","stick-header-meta":"","header-above-stick-meta":"","header-main-stick-meta":"","header-below-stick-meta":"","astra-migrate-meta-layouts":"set","ast-page-background-enabled":"default","ast-page-background-meta":{"desktop":{"background-color":"var(--ast-global-color-4)","background-image":"","background-repeat":"repeat","background-position":"center center","background-size":"auto","background-attachment":"scroll","background-type":"","background-media":"","overlay-type":"","overlay-color":"","overlay-gradient":""},"tablet":{"background-color":"","background-image":"","background-repeat":"repeat","background-position":"center center","background-size":"auto","background-attachment":"scroll","background-type":"","background-media":"","overlay-type":"","overlay-color":"","overlay-gradient":""},"mobile":{"background-color":"","background-image":"","background-repeat":"repeat","background-position":"center center","background-size":"auto","background-attachment":"scroll","background-type":"","background-media":"","overlay-type":"","overlay-color":"","overlay-gradient":""}},"ast-content-background-meta":{"desktop":{"background-color":"var(--ast-global-color-5)","background-image":"","background-repeat":"repeat","background-position":"center center","background-size":"auto","background-attachment":"scroll","background-type":"","background-media":"","overlay-type":"","overlay-color":"","overlay-gradient":""},"tablet":{"background-color":"var(--ast-global-color-5)","background-image":"","background-repeat":"repeat","background-position":"center center","background-size":"auto","background-attachment":"scroll","background-type":"","background-media":"","overlay-type":"","overlay-color":"","overlay-gradient":""},"mobile":{"background-color":"var(--ast-global-color-5)","background-image":"","background-repeat":"repeat","background-position":"center center","background-size":"auto","background-attachment":"scroll","background-type":"","background-media":"","overlay-type":"","overlay-color":"","overlay-gradient":""}}},"product_cat":[63],"product_tag":[],"aioseo_notices":[],"jetpack_sharing_enabled":true,"_links":{"self":[{"href":"https:\/\/lomina.es\/index.php?rest_route=\/wp\/v2\/product\/1109"}],"collection":[{"href":"https:\/\/lomina.es\/index.php?rest_route=\/wp\/v2\/product"}],"about":[{"href":"https:\/\/lomina.es\/index.php?rest_route=\/wp\/v2\/types\/product"}],"replies":[{"embeddable":true,"href":"https:\/\/lomina.es\/index.php?rest_route=%2Fwp%2Fv2%2Fcomments&post=1109"}],"wp:featuredmedia":[{"embeddable":true,"href":"https:\/\/lomina.es\/index.php?rest_route=\/wp\/v2\/media\/1112"}],"wp:attachment":[{"href":"https:\/\/lomina.es\/index.php?rest_route=%2Fwp%2Fv2%2Fmedia&parent=1109"}],"wp:term":[{"taxonomy":"product_cat","embeddable":true,"href":"https:\/\/lomina.es\/index.php?rest_route=%2Fwp%2Fv2%2Fproduct_cat&post=1109"},{"taxonomy":"product_tag","embeddable":true,"href":"https:\/\/lomina.es\/index.php?rest_route=%2Fwp%2Fv2%2Fproduct_tag&post=1109"}],"curies":[{"name":"wp","href":"https:\/\/api.w.org\/{rel}","templated":true}]}}