{"id":1098,"date":"2025-05-21T21:55:41","date_gmt":"2025-05-21T19:55:41","guid":{"rendered":"https:\/\/lomina.es\/?post_type=product&#038;p=1098"},"modified":"2025-05-21T22:15:45","modified_gmt":"2025-05-21T20:15:45","slug":"envasadora-al-vacio-laica-vt3104-compacta","status":"publish","type":"product","link":"https:\/\/lomina.es\/?product=envasadora-al-vacio-laica-vt3104-compacta","title":{"rendered":"Envasadora al vacio LAICA VT3104- Compacta"},"content":{"rendered":"<p>Conserva los alimentos hasta 5 veces m\u00e1s y mantiene sus propiedades nutritivas. Compacta y f\u00e1cil de guardar, cuenta con una potencia de 85 W, succi\u00f3n de hasta 0,6 bar y bomba de 9 L\/min. Incluye funci\u00f3n de sellado, vac\u00edo parcial, tubo para recipientes y un rollo de 25&#215;600 cm. Compatible con bolsas de hasta 30 cm de ancho.<\/p>\n","protected":false},"excerpt":{"rendered":"<p>CARACTER\u00cdSTICAS<\/p>\n<ul class=\"a-unordered-list a-vertical a-spacing-mini\">\n<li class=\"a-spacing-mini\"><span class=\"a-list-item\"><strong>Mayor duraci\u00f3n de la frescura<\/strong>: la termoselladora LAICA sella los nutrientes y cuenta con una funci\u00f3n que permite envasar al vac\u00edo los alimentos h\u00famedos de forma parcial mediante succi\u00f3n y sellado. Los alimentos se mantienen frescos durante cinco veces m\u00e1s tiempo.<\/span><\/li>\n<li class=\"a-spacing-mini\"><span class=\"a-list-item\"><strong>Sellado simplificado:<\/strong> la envasadora al vac\u00edo Laica permite un sellado \u00fanico de bolsas y rollos. Esto garantiza un cierre herm\u00e9tico que mantiene los alimentos frescos y sabrosos durante m\u00e1s tiempo.<\/span><\/li>\n<li class=\"a-spacing-mini\"><span class=\"a-list-item\"><strong>Dise\u00f1o compacto y f\u00e1cil de guardar:<\/strong> la envasadora al vac\u00edo Laica tiene un tama\u00f1o compacto, ideal para guardarla f\u00e1cilmente. Presenta un dise\u00f1o minimalista y apenas ocupa espacio.<\/span><\/li>\n<li class=\"a-spacing-mini\"><span class=\"a-list-item\"><strong>Proceso de envasado con manos libres:<\/strong> la envasadora al vac\u00edo Laica permite realizar un proceso de envasado c\u00f3modo y sin usar las manos, lo que simplifica la conservaci\u00f3n de los alimentos. Simplemente coloca la bolsa, presiona el bot\u00f3n de sellado y listo.<\/span><\/li>\n<\/ul>\n","protected":false},"featured_media":1099,"comment_status":"open","ping_status":"closed","template":"","meta":{"om_disable_all_campaigns":false,"_monsterinsights_skip_tracking":false,"_monsterinsights_sitenote_active":false,"_monsterinsights_sitenote_note":"","_monsterinsights_sitenote_category":0,"site-sidebar-layout":"default","site-content-layout":"","ast-site-content-layout":"default","site-content-style":"default","site-sidebar-style":"default","ast-global-header-display":"","ast-banner-title-visibility":"","ast-main-header-display":"","ast-hfb-above-header-display":"","ast-hfb-below-header-display":"","ast-hfb-mobile-header-display":"","site-post-title":"","ast-breadcrumbs-content":"","ast-featured-img":"","footer-sml-layout":"","theme-transparent-header-meta":"default","adv-header-id-meta":"","stick-header-meta":"","header-above-stick-meta":"","header-main-stick-meta":"","header-below-stick-meta":"","astra-migrate-meta-layouts":"set","ast-page-background-enabled":"default","ast-page-background-meta":{"desktop":{"background-color":"var(--ast-global-color-4)","background-image":"","background-repeat":"repeat","background-position":"center center","background-size":"auto","background-attachment":"scroll","background-type":"","background-media":"","overlay-type":"","overlay-color":"","overlay-gradient":""},"tablet":{"background-color":"","background-image":"","background-repeat":"repeat","background-position":"center center","background-size":"auto","background-attachment":"scroll","background-type":"","background-media":"","overlay-type":"","overlay-color":"","overlay-gradient":""},"mobile":{"background-color":"","background-image":"","background-repeat":"repeat","background-position":"center center","background-size":"auto","background-attachment":"scroll","background-type":"","background-media":"","overlay-type":"","overlay-color":"","overlay-gradient":""}},"ast-content-background-meta":{"desktop":{"background-color":"var(--ast-global-color-5)","background-image":"","background-repeat":"repeat","background-position":"center center","background-size":"auto","background-attachment":"scroll","background-type":"","background-media":"","overlay-type":"","overlay-color":"","overlay-gradient":""},"tablet":{"background-color":"var(--ast-global-color-5)","background-image":"","background-repeat":"repeat","background-position":"center center","background-size":"auto","background-attachment":"scroll","background-type":"","background-media":"","overlay-type":"","overlay-color":"","overlay-gradient":""},"mobile":{"background-color":"var(--ast-global-color-5)","background-image":"","background-repeat":"repeat","background-position":"center center","background-size":"auto","background-attachment":"scroll","background-type":"","background-media":"","overlay-type":"","overlay-color":"","overlay-gradient":""}}},"product_cat":[63],"product_tag":[],"aioseo_notices":[],"jetpack_sharing_enabled":true,"_links":{"self":[{"href":"https:\/\/lomina.es\/index.php?rest_route=\/wp\/v2\/product\/1098"}],"collection":[{"href":"https:\/\/lomina.es\/index.php?rest_route=\/wp\/v2\/product"}],"about":[{"href":"https:\/\/lomina.es\/index.php?rest_route=\/wp\/v2\/types\/product"}],"replies":[{"embeddable":true,"href":"https:\/\/lomina.es\/index.php?rest_route=%2Fwp%2Fv2%2Fcomments&post=1098"}],"wp:featuredmedia":[{"embeddable":true,"href":"https:\/\/lomina.es\/index.php?rest_route=\/wp\/v2\/media\/1099"}],"wp:attachment":[{"href":"https:\/\/lomina.es\/index.php?rest_route=%2Fwp%2Fv2%2Fmedia&parent=1098"}],"wp:term":[{"taxonomy":"product_cat","embeddable":true,"href":"https:\/\/lomina.es\/index.php?rest_route=%2Fwp%2Fv2%2Fproduct_cat&post=1098"},{"taxonomy":"product_tag","embeddable":true,"href":"https:\/\/lomina.es\/index.php?rest_route=%2Fwp%2Fv2%2Fproduct_tag&post=1098"}],"curies":[{"name":"wp","href":"https:\/\/api.w.org\/{rel}","templated":true}]}}