{"id":1089,"date":"2025-05-21T21:34:31","date_gmt":"2025-05-21T19:34:31","guid":{"rendered":"https:\/\/lomina.es\/?post_type=product&#038;p=1089"},"modified":"2025-12-03T13:08:36","modified_gmt":"2025-12-03T12:08:36","slug":"batidora-moulinex-quickchef-dd655d-1000-w","status":"publish","type":"product","link":"https:\/\/lomina.es\/?product=batidora-moulinex-quickchef-dd655d-1000-w","title":{"rendered":"Batidora Moulinex QuickChef DD655D- 1000 W"},"content":{"rendered":"<p>La Moulinex QuickChef DD655D es una batidora de mano de 1000 W con regulador de 10 velocidades turbo con 2 accesorios para picar y para montar y vaso medidor, c\u00fapula antisalpicaduras, acero. La batidora tiene 10 velocidades diferentes para que puedas mezclar y batir tus ingredientes de la manera que prefieras. Tambi\u00e9n tiene 2 accesorios, uno para picar y otro para montar, para que puedas hacer todo lo que necesites en un solo aparato. La c\u00fapula antisalpicaduras te ayudar\u00e1 a mantener la cocina limpia mientras bates tus ingredientes.<\/p>\n<div>\n<p>&nbsp;<\/p>\n<\/div>\n","protected":false},"excerpt":{"rendered":"<div>\n<p>CARACTER\u00cdSTICAS<\/p>\n<ul class=\"c__list-features is-xs\">\n<li>Exclusiva tecnolog\u00eda Powelix: resultados m\u00e1s suaves y textura cremosa hasta con los ingredientes m\u00e1s duros.<\/li>\n<li>Potente motor de 1000 W para batir sin apenas esfuerzo.<\/li>\n<li class=\"ng-star-inserted\">Velocidad variable con retroiluminaci\u00f3n intuitiva y selector f\u00e1cil de utilizar con el que podr\u00e1s batir sin parar.<\/li>\n<li class=\"ng-star-inserted\">Protecci\u00f3n antisalpicaduras para una mayor comodidad mientras cocinas.<\/li>\n<li class=\"ng-star-inserted\">Mango suave y antideslizante para una mayor comodidad y un mejor control, incluso con las manos mojadas.<\/li>\n<li class=\"ng-star-inserted\">Vaso medidor de 800 ml de gran utilidad.<\/li>\n<li class=\"ng-star-inserted\">Picadora de 500 ml con la que podr\u00e1s picar sin dificultad una gran variedad de ingredientes.<\/li>\n<li class=\"ng-star-inserted\">Varillas para batir sin apenas esfuerzo.<\/li>\n<li class=\"ng-star-inserted\">Producto reparable durante 10 a\u00f1os.<\/li>\n<\/ul>\n<\/div>\n<div id=\"productFeatures\" class=\"is-inline is-collapsible\" tabindex=\"-1\" aria-expanded=\"true\"><\/div>\n<p>&nbsp;<\/p>\n","protected":false},"featured_media":1095,"comment_status":"open","ping_status":"closed","template":"","meta":{"om_disable_all_campaigns":false,"_monsterinsights_skip_tracking":false,"_monsterinsights_sitenote_active":false,"_monsterinsights_sitenote_note":"","_monsterinsights_sitenote_category":0,"site-sidebar-layout":"default","site-content-layout":"","ast-site-content-layout":"default","site-content-style":"default","site-sidebar-style":"default","ast-global-header-display":"","ast-banner-title-visibility":"","ast-main-header-display":"","ast-hfb-above-header-display":"","ast-hfb-below-header-display":"","ast-hfb-mobile-header-display":"","site-post-title":"","ast-breadcrumbs-content":"","ast-featured-img":"","footer-sml-layout":"","theme-transparent-header-meta":"default","adv-header-id-meta":"","stick-header-meta":"","header-above-stick-meta":"","header-main-stick-meta":"","header-below-stick-meta":"","astra-migrate-meta-layouts":"set","ast-page-background-enabled":"default","ast-page-background-meta":{"desktop":{"background-color":"var(--ast-global-color-4)","background-image":"","background-repeat":"repeat","background-position":"center center","background-size":"auto","background-attachment":"scroll","background-type":"","background-media":"","overlay-type":"","overlay-color":"","overlay-gradient":""},"tablet":{"background-color":"","background-image":"","background-repeat":"repeat","background-position":"center center","background-size":"auto","background-attachment":"scroll","background-type":"","background-media":"","overlay-type":"","overlay-color":"","overlay-gradient":""},"mobile":{"background-color":"","background-image":"","background-repeat":"repeat","background-position":"center center","background-size":"auto","background-attachment":"scroll","background-type":"","background-media":"","overlay-type":"","overlay-color":"","overlay-gradient":""}},"ast-content-background-meta":{"desktop":{"background-color":"var(--ast-global-color-5)","background-image":"","background-repeat":"repeat","background-position":"center center","background-size":"auto","background-attachment":"scroll","background-type":"","background-media":"","overlay-type":"","overlay-color":"","overlay-gradient":""},"tablet":{"background-color":"var(--ast-global-color-5)","background-image":"","background-repeat":"repeat","background-position":"center center","background-size":"auto","background-attachment":"scroll","background-type":"","background-media":"","overlay-type":"","overlay-color":"","overlay-gradient":""},"mobile":{"background-color":"var(--ast-global-color-5)","background-image":"","background-repeat":"repeat","background-position":"center center","background-size":"auto","background-attachment":"scroll","background-type":"","background-media":"","overlay-type":"","overlay-color":"","overlay-gradient":""}}},"product_cat":[63],"product_tag":[],"aioseo_notices":[],"jetpack_sharing_enabled":true,"_links":{"self":[{"href":"https:\/\/lomina.es\/index.php?rest_route=\/wp\/v2\/product\/1089"}],"collection":[{"href":"https:\/\/lomina.es\/index.php?rest_route=\/wp\/v2\/product"}],"about":[{"href":"https:\/\/lomina.es\/index.php?rest_route=\/wp\/v2\/types\/product"}],"replies":[{"embeddable":true,"href":"https:\/\/lomina.es\/index.php?rest_route=%2Fwp%2Fv2%2Fcomments&post=1089"}],"wp:featuredmedia":[{"embeddable":true,"href":"https:\/\/lomina.es\/index.php?rest_route=\/wp\/v2\/media\/1095"}],"wp:attachment":[{"href":"https:\/\/lomina.es\/index.php?rest_route=%2Fwp%2Fv2%2Fmedia&parent=1089"}],"wp:term":[{"taxonomy":"product_cat","embeddable":true,"href":"https:\/\/lomina.es\/index.php?rest_route=%2Fwp%2Fv2%2Fproduct_cat&post=1089"},{"taxonomy":"product_tag","embeddable":true,"href":"https:\/\/lomina.es\/index.php?rest_route=%2Fwp%2Fv2%2Fproduct_tag&post=1089"}],"curies":[{"name":"wp","href":"https:\/\/api.w.org\/{rel}","templated":true}]}}