{"id":105,"date":"2024-01-31T02:37:29","date_gmt":"2024-01-31T01:37:29","guid":{"rendered":"https:\/\/lomina.es\/?post_type=product&#038;p=105"},"modified":"2025-04-01T21:03:47","modified_gmt":"2025-04-01T19:03:47","slug":"tv-lg-qned-4k-de-55-serie-81","status":"publish","type":"product","link":"https:\/\/lomina.es\/?product=tv-lg-qned-4k-de-55-serie-81","title":{"rendered":"TV LG QNED 4K de 55&#8221; Serie 81, HDR10 \/ Dolby Digital Plus, Smart TV"},"content":{"rendered":"<p>Colores m\u00e1s vivos y brillantes para disfrutar de escenas m\u00e1s n\u00edtidas con la suma de las mejores tecnolog\u00edas LED(1) (QuantumDot + Nanocell Plus y 6 Bloques de Retroiluminaci\u00f3n)<br \/>\nProcesador de Gran Potencia que maximiza la calidad de imagen y sonido a trav\u00e9s de IA(2) (Procesador 4K a7 Gen6).<br \/>\nSum\u00e9rgete en cada escena con la calidad de imagen HDR10 Pro y sonido Dolby Digital Plus.<br \/>\nPerfecto para gaming e ideal para cualquier contenido: m\u00e1xima fluidez VRR (120 Hz)(3), AMD Freesync*. y Cloud Gaming; modo Filmmaker; alertas deportivas.<br \/>\nEcosistema abierto e inteligente: Smart TV webOS23, compatible con Apple Home Kit\/Airplay\/Google\/Alexa\/ThinQ, y control por voz.<br \/>\nTecnolog\u00eda que cuida de ti y del planeta: consumo inferior al l\u00edmite del \u00cdndice de Eficiencia Energ\u00e9tica Europeo (4) y ahorra en la factura de la luz (5).<\/p>\n<h2>Especificaciones<\/h2>\n<table>\n<tbody>\n<tr>\n<td><strong>Pantalla<\/strong><\/td>\n<td><\/td>\n<\/tr>\n<tr>\n<td>Tipo de Pantalla<\/td>\n<td>4K QNED<\/td>\n<\/tr>\n<tr>\n<td>Resoluci\u00f3n de Pantalla<\/td>\n<td>4K Ultra HD (3,840 x 2,160)<\/td>\n<\/tr>\n<tr>\n<td>Tipo de Retroiluminaci\u00f3n<\/td>\n<td>Perimetral<\/td>\n<\/tr>\n<tr>\n<td>Tasa de Refresco<\/td>\n<td>100Hz Nativo<\/td>\n<\/tr>\n<tr>\n<td>Wide Color Gamut<\/td>\n<td>QNED Color<\/td>\n<\/tr>\n<tr>\n<td><strong>Procesado de imagen<\/strong><\/td>\n<td><\/td>\n<\/tr>\n<tr>\n<td>Procesado de imagen<\/td>\n<td>Procesador con IA \u03b17 4K Gen6<\/td>\n<\/tr>\n<tr>\n<td>Escalado por IA<\/td>\n<td>Super Escalado 4K por IA<\/td>\n<\/tr>\n<tr>\n<td>Control de Brillo IA<\/td>\n<td>Si<\/td>\n<\/tr>\n<tr>\n<td>FILMMAKER MODE\u2122<\/td>\n<td>Si<\/td>\n<\/tr>\n<tr>\n<td>Dynamic Tone Mapping<\/td>\n<td>SI<\/td>\n<\/tr>\n<tr>\n<td>Motion<\/td>\n<td>Motion Pro<\/td>\n<\/tr>\n<tr>\n<td>AI Picture<\/td>\n<td>AI Picture Pro<\/td>\n<\/tr>\n<tr>\n<td>Selecci\u00f3n de G\u00e9nero IA<\/td>\n<td>Si (SDR\/HDR)<\/td>\n<\/tr>\n<tr>\n<td>HDR (High Dynamic Range)<\/td>\n<td>HDR10 \/ HLG<\/td>\n<\/tr>\n<tr>\n<td>HFR (High Frame Rate)<\/td>\n<td>4K 120 fps (HDMI)<\/td>\n<\/tr>\n<tr>\n<td>Tecnolog\u00eda de Atenuaci\u00f3n<\/td>\n<td>Local Dimming<\/td>\n<\/tr>\n<tr>\n<td>Modos de Imagen<\/td>\n<td>10 modos (Asistende de Imagen Personalizado, V\u00edvido, Estandard, Eco, Cine,<\/p>\n<p>Deportes, Juego, Filmmaker, (ISF) Expert(Sala Luminosa), (ISF) Expert (Sala Oscura)<\/td>\n<\/tr>\n<tr>\n<td><strong>Gaming<\/strong><\/td>\n<td><\/td>\n<\/tr>\n<tr>\n<td>FreeSync Compatible (AMD)<\/td>\n<td>Si<\/td>\n<\/tr>\n<tr>\n<td>Game Optimizer<\/td>\n<td>Si (Game Dashboard)<\/td>\n<\/tr>\n<tr>\n<td>VRR (Tasa de Refresco Variable)<\/td>\n<td>Si<\/td>\n<\/tr>\n<tr>\n<td>HGIG Mode<\/td>\n<td>Si<\/td>\n<\/tr>\n<tr>\n<td>ALLM Modo Autom\u00e1tico de Baja Latencia)<\/td>\n<td>Si<\/td>\n<\/tr>\n<tr>\n<td><strong>Smart TV<\/strong><\/td>\n<td><\/td>\n<\/tr>\n<tr>\n<td>Sistema Operativo (OS)<\/td>\n<td>webOS 23<\/td>\n<\/tr>\n<tr>\n<td>Reconocimiento Inteligente de Voz<\/td>\n<td>Si<\/td>\n<\/tr>\n<tr>\n<td>Funciona Con Apple Airplay2<\/td>\n<td>Si<\/td>\n<\/tr>\n<tr>\n<td>Art Gallery<\/td>\n<td>Si<\/td>\n<\/tr>\n<tr>\n<td>LG Channels<\/td>\n<td>Si<\/td>\n<\/tr>\n<tr>\n<td>MultiPantalla<\/td>\n<td>Si<\/td>\n<\/tr>\n<tr>\n<td>Compatible con C\u00e1mara USB<\/td>\n<td>Si<\/td>\n<\/tr>\n<tr>\n<td>ThinQ<\/td>\n<td>Si<\/td>\n<\/tr>\n<tr>\n<td>Magic Remote Control<\/td>\n<td>Incluido<\/td>\n<\/tr>\n<tr>\n<td>Smartphone Remote App<\/td>\n<td>Si (LG ThinQ)<\/td>\n<\/tr>\n<tr>\n<td>Navegador web Libre<\/td>\n<td>Si<\/td>\n<\/tr>\n<tr>\n<td>Alertas Deportivas<\/td>\n<td>Si<\/td>\n<\/tr>\n<tr>\n<td>Ajustes de Familia<\/td>\n<td>Si<\/td>\n<\/tr>\n<tr>\n<td><strong>Audio<\/strong><\/td>\n<td><\/td>\n<\/tr>\n<tr>\n<td>Salida de Audio<\/td>\n<td>20W<\/td>\n<\/tr>\n<tr>\n<td>Direcci\u00f3n de Altavoces<\/td>\n<td>Salida hacia Abajo<\/td>\n<\/tr>\n<tr>\n<td>Di\u00e1logos Claros<\/td>\n<td>Si<\/td>\n<\/tr>\n<tr>\n<td>WiSA Ready<\/td>\n<td>Si (Up to 2.1 Channel)<\/td>\n<\/tr>\n<tr>\n<td>Sound Mode Share<\/td>\n<td>Si<\/td>\n<\/tr>\n<tr>\n<td>Bluetooth Surround Ready<\/td>\n<td>Si (Reproducci\u00f3n en 2 sentidos)<\/td>\n<\/tr>\n<tr>\n<td>Sistema de Altavoces<\/td>\n<td>20 Canales<\/td>\n<\/tr>\n<tr>\n<td>Sonido IA<\/td>\n<td>AI Sound Pro (Virtual 5.1.2 Up-mix)<\/td>\n<\/tr>\n<tr>\n<td>Calibraci\u00f3n Ac\u00fastica IA<\/td>\n<td>Si<\/td>\n<\/tr>\n<tr>\n<td>LG Sound Sync<\/td>\n<td>Si<\/td>\n<\/tr>\n<tr>\n<td>Salida Simult\u00e1nea de Audio<\/td>\n<td>Si<\/td>\n<\/tr>\n<tr>\n<td>Codecs de Audio<\/td>\n<td>AC4, AC3(Dolby Digital), EAC3, HE-AAC, AAC, MP2, MP3, PCM, WMA, apt-X (Refer to manual)<\/td>\n<\/tr>\n<tr>\n<td><strong>Conectividad<\/strong><\/td>\n<td><\/td>\n<\/tr>\n<tr>\n<td>Salida HDMI<\/td>\n<td>4ud (Soporta 4K 120Hz, eARC, VRR, ALLM, QMS como especifica el HDMI 2.1 (Puerto 2))<\/td>\n<\/tr>\n<tr>\n<td>HDMI Canal de Retorno de Audio<\/td>\n<td>eARC (HDMI 3)<\/td>\n<\/tr>\n<tr>\n<td>Wi-Fi<\/td>\n<td>Si (Wi-Fi 5)<\/td>\n<\/tr>\n<tr>\n<td>Entrada Ethernet<\/td>\n<td>1ud<\/td>\n<\/tr>\n<tr>\n<td>Entrada RF (Antenna\/Cable)<\/td>\n<td>2ud<\/td>\n<\/tr>\n<tr>\n<td>Simplink (HDMI CEC)<\/td>\n<td>Si<\/td>\n<\/tr>\n<tr>\n<td>Entrada USB<\/td>\n<td>2ud (v 2.0)<\/td>\n<\/tr>\n<tr>\n<td>Bluetooth Support<\/td>\n<td>Si (v 5.0)<\/td>\n<\/tr>\n<tr>\n<td>Ranura CI<\/td>\n<td>1ud<\/td>\n<\/tr>\n<tr>\n<td>SPDIF (Salida Digital \u00d3ptica de Audio)<\/td>\n<td>1ud<\/td>\n<\/tr>\n<tr>\n<td><strong>Accesibilidad<\/strong><\/td>\n<td><\/td>\n<\/tr>\n<tr>\n<td>Alto Contraste<\/td>\n<td>Si<\/td>\n<\/tr>\n<tr>\n<td>Invertir colores<\/td>\n<td>Si<\/td>\n<\/tr>\n<tr>\n<td>Escala de Grises<\/td>\n<td>Si<\/td>\n<\/tr>\n<tr>\n<td><strong>Alimentaci\u00f3n<\/strong><\/td>\n<td><\/td>\n<\/tr>\n<tr>\n<td>Alimentaci\u00f3n (Voltaje, Hz)<\/td>\n<td>AC 100~240V 50-60Hz<\/td>\n<\/tr>\n<tr>\n<td>Consumo en Stanby<\/td>\n<td>Under 0.5W<\/td>\n<\/tr>\n<tr>\n<td><strong>Accesorios incluidos<\/strong><\/td>\n<td><\/td>\n<\/tr>\n<tr>\n<td>Mando a a Distancia<\/td>\n<td>Mando Magic Remote<\/td>\n<\/tr>\n<tr>\n<td>Cable de Alimentaci\u00f3n<\/td>\n<td>Si (Desenchufable)<\/td>\n<\/tr>\n<tr>\n<td>Pilas del Mando a Distancia<\/td>\n<td>Si (AA x 2ud)<\/td>\n<\/tr>\n<\/tbody>\n<\/table>\n","protected":false},"excerpt":{"rendered":"<p>CARACTER\u00cdSTICAS:<\/p>\n<ul>\n<li>4K Ultra HD 3,840 x 2,160.<\/li>\n<li>Procesamiento de imagen.<\/li>\n<li>Sistema Operativo webOS 23.<\/li>\n<li>Tasa de refresco 100Hz Nativo.<\/li>\n<li>55&#8243;.<\/li>\n<li>10 modos de imagen.<\/li>\n<li>Retroiluminaci\u00f3n perimetral.<\/li>\n<\/ul>\n<p>&nbsp;<\/p>\n","protected":false},"featured_media":106,"comment_status":"open","ping_status":"closed","template":"","meta":{"om_disable_all_campaigns":false,"_monsterinsights_skip_tracking":false,"_monsterinsights_sitenote_active":false,"_monsterinsights_sitenote_note":"","_monsterinsights_sitenote_category":0,"site-sidebar-layout":"default","site-content-layout":"","ast-site-content-layout":"default","site-content-style":"default","site-sidebar-style":"default","ast-global-header-display":"","ast-banner-title-visibility":"","ast-main-header-display":"","ast-hfb-above-header-display":"","ast-hfb-below-header-display":"","ast-hfb-mobile-header-display":"","site-post-title":"","ast-breadcrumbs-content":"","ast-featured-img":"","footer-sml-layout":"","theme-transparent-header-meta":"default","adv-header-id-meta":"","stick-header-meta":"","header-above-stick-meta":"","header-main-stick-meta":"","header-below-stick-meta":"","astra-migrate-meta-layouts":"set","ast-page-background-enabled":"default","ast-page-background-meta":{"desktop":{"background-color":"var(--ast-global-color-4)","background-image":"","background-repeat":"repeat","background-position":"center center","background-size":"auto","background-attachment":"scroll","background-type":"","background-media":"","overlay-type":"","overlay-color":"","overlay-gradient":""},"tablet":{"background-color":"","background-image":"","background-repeat":"repeat","background-position":"center center","background-size":"auto","background-attachment":"scroll","background-type":"","background-media":"","overlay-type":"","overlay-color":"","overlay-gradient":""},"mobile":{"background-color":"","background-image":"","background-repeat":"repeat","background-position":"center center","background-size":"auto","background-attachment":"scroll","background-type":"","background-media":"","overlay-type":"","overlay-color":"","overlay-gradient":""}},"ast-content-background-meta":{"desktop":{"background-color":"var(--ast-global-color-5)","background-image":"","background-repeat":"repeat","background-position":"center center","background-size":"auto","background-attachment":"scroll","background-type":"","background-media":"","overlay-type":"","overlay-color":"","overlay-gradient":""},"tablet":{"background-color":"var(--ast-global-color-5)","background-image":"","background-repeat":"repeat","background-position":"center center","background-size":"auto","background-attachment":"scroll","background-type":"","background-media":"","overlay-type":"","overlay-color":"","overlay-gradient":""},"mobile":{"background-color":"var(--ast-global-color-5)","background-image":"","background-repeat":"repeat","background-position":"center center","background-size":"auto","background-attachment":"scroll","background-type":"","background-media":"","overlay-type":"","overlay-color":"","overlay-gradient":""}}},"product_cat":[26,25],"product_tag":[46,44,45,43],"aioseo_notices":[],"jetpack_sharing_enabled":true,"_links":{"self":[{"href":"https:\/\/lomina.es\/index.php?rest_route=\/wp\/v2\/product\/105"}],"collection":[{"href":"https:\/\/lomina.es\/index.php?rest_route=\/wp\/v2\/product"}],"about":[{"href":"https:\/\/lomina.es\/index.php?rest_route=\/wp\/v2\/types\/product"}],"replies":[{"embeddable":true,"href":"https:\/\/lomina.es\/index.php?rest_route=%2Fwp%2Fv2%2Fcomments&post=105"}],"wp:featuredmedia":[{"embeddable":true,"href":"https:\/\/lomina.es\/index.php?rest_route=\/wp\/v2\/media\/106"}],"wp:attachment":[{"href":"https:\/\/lomina.es\/index.php?rest_route=%2Fwp%2Fv2%2Fmedia&parent=105"}],"wp:term":[{"taxonomy":"product_cat","embeddable":true,"href":"https:\/\/lomina.es\/index.php?rest_route=%2Fwp%2Fv2%2Fproduct_cat&post=105"},{"taxonomy":"product_tag","embeddable":true,"href":"https:\/\/lomina.es\/index.php?rest_route=%2Fwp%2Fv2%2Fproduct_tag&post=105"}],"curies":[{"name":"wp","href":"https:\/\/api.w.org\/{rel}","templated":true}]}}