{"id":1036,"date":"2025-05-20T19:12:23","date_gmt":"2025-05-20T17:12:23","guid":{"rendered":"https:\/\/lomina.es\/?post_type=product&#038;p=1036"},"modified":"2025-10-30T14:41:17","modified_gmt":"2025-10-30T13:41:17","slug":"batidora-de-mano-braun-minipimer-5","status":"publish","type":"product","link":"https:\/\/lomina.es\/?product=batidora-de-mano-braun-minipimer-5","title":{"rendered":"Batidora Braun Minipimer 5 Vario MQ 5235 WH"},"content":{"rendered":"<p>Disfruta de la m\u00e1xima precisi\u00f3n y potencia en la palma de la mano \u2013 la nueva batidora de mano Minipimer 5 Vario MQ 5235 WH te ofrece 21 velocidades f\u00e1ciles de ajustar con unos resultados m\u00e1s precisos. Las velocidades se pueden ajustar f\u00e1cilmente con el pulgar, mientras que el motor de 1000 vatios de alta eficiencia te proporciona la potencia que necesitas para procesar en un instante una amplia gama de alimentos.<\/p>\n","protected":false},"excerpt":{"rendered":"<p>CARACTER\u00cdSTICAS<\/p>\n<div class=\"bra-horizontalCard\">\n<div class=\"bra-horizontalCard__wrap\">\n<ul>\n<li><strong>Compatible con accesorios de corte curvado<\/strong>: Esta unidad de motor es compatible con todos los accesorios Braun con dise\u00f1o de corte de ondulado.<\/li>\n<li><strong style=\"font-size: 16px;\">Control de 21 velocidades: <\/strong><span style=\"font-size: 16px;\">s<\/span><span style=\"font-size: 16px;\">elector manual de velocidad variable sin interrupci\u00f3n: basta con ajustar la velocidad con el pulgar.<\/span><\/li>\n<li><strong style=\"font-size: 16px;\">Potente motor de 1000W<\/strong><span style=\"font-size: 16px;\">: p<\/span><span style=\"font-size: 16px;\">otente motor de 1000W para facilitar y agilizar la preparaci\u00f3n de alimentos.<\/span><\/li>\n<li><strong style=\"font-size: 16px;\">Tecnolog\u00eda PowerBell Plus: <\/strong><span style=\"font-size: 16px;\">\u00e1<\/span><span style=\"font-size: 16px;\">rea de corte ampliada. Mezcla alimentos enteros en segundos.<\/span><\/li>\n<li><strong style=\"font-size: 16px;\">Tecnolog\u00eda SplashControl: <\/strong><span style=\"font-size: 16px;\">i<\/span><span style=\"font-size: 16px;\">mpide salpicaduras para que t\u00fa y tu cocina no os manch\u00e9is.<\/span><\/li>\n<li><strong style=\"font-size: 16px;\">Sistema EasyClick:<\/strong><span style=\"font-size: 16px;\"> d<\/span><span style=\"font-size: 16px;\">os botones y un \u00fanico movimiento es todo lo que se necesita para cambiar de forma r\u00e1pida y f\u00e1cil todos los magn\u00edficos accesorios EasyClick.<\/span><\/li>\n<li><strong style=\"font-size: 16px;\">Selector manual de velocidad: <\/strong><span style=\"font-size: 16px;\">d<\/span><span style=\"font-size: 16px;\">ise\u00f1ado para que se pueda controlar f\u00e1cilmente con el pulgar. Pulsa el bot\u00f3n de velocidad con la misma mano.<\/span><\/li>\n<li><strong style=\"font-size: 16px;\">Empu\u00f1adura suave y c\u00f3moda con forma ergon\u00f3mica: <\/strong><span style=\"font-size: 16px;\">el dise\u00f1o ergon\u00f3mico m\u00e1s delgado en la parte superior de la empu\u00f1adura suave parcial proporciona un mayor control y un mejor manejo en cada paso de tus recetas.<\/span><\/li>\n<li><strong style=\"font-size: 16px;\">Picadora 500 ml<\/strong><span style=\"font-size: 16px;\">: <\/span><span style=\"font-size: 16px;\">pica carne, queso duro, frutos secos, hierbas y zanahorias en segundos.<\/span><\/li>\n<li><strong style=\"font-size: 16px;\">Varillas: <\/strong><span style=\"font-size: 16px;\">monta y bate huevos, nata y postres esponjosos f\u00e1cilmente, desde la velocidad m\u00e1s baja hasta la m\u00e1s alta.<\/span><\/li>\n<li><strong style=\"font-size: 16px;\">Vaso medidor de pl\u00e1stico libre de BPA de 600 ml: <\/strong><span style=\"font-size: 16px;\">el vaso medidor de 600 ml no contiene BPA e incluye marcas de medidas en ml y fl oz.<\/span><\/li>\n<\/ul>\n<\/div>\n<\/div>\n","protected":false},"featured_media":1037,"comment_status":"open","ping_status":"closed","template":"","meta":{"om_disable_all_campaigns":false,"_monsterinsights_skip_tracking":false,"_monsterinsights_sitenote_active":false,"_monsterinsights_sitenote_note":"","_monsterinsights_sitenote_category":0,"site-sidebar-layout":"default","site-content-layout":"","ast-site-content-layout":"default","site-content-style":"default","site-sidebar-style":"default","ast-global-header-display":"","ast-banner-title-visibility":"","ast-main-header-display":"","ast-hfb-above-header-display":"","ast-hfb-below-header-display":"","ast-hfb-mobile-header-display":"","site-post-title":"","ast-breadcrumbs-content":"","ast-featured-img":"","footer-sml-layout":"","theme-transparent-header-meta":"default","adv-header-id-meta":"","stick-header-meta":"","header-above-stick-meta":"","header-main-stick-meta":"","header-below-stick-meta":"","astra-migrate-meta-layouts":"set","ast-page-background-enabled":"default","ast-page-background-meta":{"desktop":{"background-color":"var(--ast-global-color-4)","background-image":"","background-repeat":"repeat","background-position":"center center","background-size":"auto","background-attachment":"scroll","background-type":"","background-media":"","overlay-type":"","overlay-color":"","overlay-gradient":""},"tablet":{"background-color":"","background-image":"","background-repeat":"repeat","background-position":"center center","background-size":"auto","background-attachment":"scroll","background-type":"","background-media":"","overlay-type":"","overlay-color":"","overlay-gradient":""},"mobile":{"background-color":"","background-image":"","background-repeat":"repeat","background-position":"center center","background-size":"auto","background-attachment":"scroll","background-type":"","background-media":"","overlay-type":"","overlay-color":"","overlay-gradient":""}},"ast-content-background-meta":{"desktop":{"background-color":"var(--ast-global-color-5)","background-image":"","background-repeat":"repeat","background-position":"center center","background-size":"auto","background-attachment":"scroll","background-type":"","background-media":"","overlay-type":"","overlay-color":"","overlay-gradient":""},"tablet":{"background-color":"var(--ast-global-color-5)","background-image":"","background-repeat":"repeat","background-position":"center center","background-size":"auto","background-attachment":"scroll","background-type":"","background-media":"","overlay-type":"","overlay-color":"","overlay-gradient":""},"mobile":{"background-color":"var(--ast-global-color-5)","background-image":"","background-repeat":"repeat","background-position":"center center","background-size":"auto","background-attachment":"scroll","background-type":"","background-media":"","overlay-type":"","overlay-color":"","overlay-gradient":""}}},"product_cat":[63],"product_tag":[],"aioseo_notices":[],"jetpack_sharing_enabled":true,"_links":{"self":[{"href":"https:\/\/lomina.es\/index.php?rest_route=\/wp\/v2\/product\/1036"}],"collection":[{"href":"https:\/\/lomina.es\/index.php?rest_route=\/wp\/v2\/product"}],"about":[{"href":"https:\/\/lomina.es\/index.php?rest_route=\/wp\/v2\/types\/product"}],"replies":[{"embeddable":true,"href":"https:\/\/lomina.es\/index.php?rest_route=%2Fwp%2Fv2%2Fcomments&post=1036"}],"wp:featuredmedia":[{"embeddable":true,"href":"https:\/\/lomina.es\/index.php?rest_route=\/wp\/v2\/media\/1037"}],"wp:attachment":[{"href":"https:\/\/lomina.es\/index.php?rest_route=%2Fwp%2Fv2%2Fmedia&parent=1036"}],"wp:term":[{"taxonomy":"product_cat","embeddable":true,"href":"https:\/\/lomina.es\/index.php?rest_route=%2Fwp%2Fv2%2Fproduct_cat&post=1036"},{"taxonomy":"product_tag","embeddable":true,"href":"https:\/\/lomina.es\/index.php?rest_route=%2Fwp%2Fv2%2Fproduct_tag&post=1036"}],"curies":[{"name":"wp","href":"https:\/\/api.w.org\/{rel}","templated":true}]}}