{"id":1033,"date":"2025-05-20T18:13:17","date_gmt":"2025-05-20T16:13:17","guid":{"rendered":"https:\/\/lomina.es\/?post_type=product&#038;p=1033"},"modified":"2025-05-20T18:17:11","modified_gmt":"2025-05-20T16:17:11","slug":"bolsa-filtro-karcher-kfi-487-pack-4","status":"publish","type":"product","link":"https:\/\/lomina.es\/?product=bolsa-filtro-karcher-kfi-487-pack-4","title":{"rendered":"Bolsa Filtro Karcher KFI 487 (Pack 4)"},"content":{"rendered":"<p>Las bolsas de filtro de fieltro de tres capas KFI 487, incre\u00edblemente resistentes al desgarro, destacan por su elevada potencia de aspiraci\u00f3n y filtraci\u00f3n de polvo. Adem\u00e1s, ofrecen el mejor resultado en usos exigentes, como, por ejemplo, al aspirar suciedad gruesa y h\u00fameda. Las bolsas de filtro se han dise\u00f1ado a medida para las aspiradoras en seco y h\u00famedo WD 4-6, KWD 4-6 y MV 4-6 de K\u00e4rcher. Adem\u00e1s, tambi\u00e9n se pueden utilizar para las lava-aspiradoras SE 5, SE 6, SE 5.100 y SE 6.100 de K\u00e4rcher. En el equipo se incluyen de serie 4 bolsas.<\/p>\n","protected":false},"excerpt":{"rendered":"<div class=\"row fc-featurebenefits-row\">\n<div class=\"col-sm-5\">\n<p>CARACTER\u00cdSTICAS<\/p>\n<ul>\n<li>Aptas para las aspiradoras en seco y h\u00famedo WD 4\u20136, KWD 4\u20136, MV 4\u20136 de K\u00e4rcher<\/li>\n<li><span style=\"font-size: 16px;\">Apto para lava-aspiradoras de K\u00e4rcher de la serie SE 5, SE 6, SE 5.100, SE 6.100<\/span><\/li>\n<li><span style=\"font-size: 16px;\">Material de fieltro de tres capas.<\/span><\/li>\n<li>Para una elevada potencia de aspiraci\u00f3n y una gran filtraci\u00f3n de polvo durante el uso.<\/li>\n<li>Extremadamente resistente al desgarro, muy apropiado para usos exigentes.<\/li>\n<\/ul>\n<\/div>\n<\/div>\n<div class=\"row fc-featurebenefits-row\">\n<div class=\"col-sm-7 col-no-padding\"><\/div>\n<\/div>\n<p>&nbsp;<\/p>\n","protected":false},"featured_media":1034,"comment_status":"open","ping_status":"closed","template":"","meta":{"om_disable_all_campaigns":false,"_monsterinsights_skip_tracking":false,"_monsterinsights_sitenote_active":false,"_monsterinsights_sitenote_note":"","_monsterinsights_sitenote_category":0,"site-sidebar-layout":"default","site-content-layout":"","ast-site-content-layout":"default","site-content-style":"default","site-sidebar-style":"default","ast-global-header-display":"","ast-banner-title-visibility":"","ast-main-header-display":"","ast-hfb-above-header-display":"","ast-hfb-below-header-display":"","ast-hfb-mobile-header-display":"","site-post-title":"","ast-breadcrumbs-content":"","ast-featured-img":"","footer-sml-layout":"","theme-transparent-header-meta":"default","adv-header-id-meta":"","stick-header-meta":"","header-above-stick-meta":"","header-main-stick-meta":"","header-below-stick-meta":"","astra-migrate-meta-layouts":"set","ast-page-background-enabled":"default","ast-page-background-meta":{"desktop":{"background-color":"var(--ast-global-color-4)","background-image":"","background-repeat":"repeat","background-position":"center center","background-size":"auto","background-attachment":"scroll","background-type":"","background-media":"","overlay-type":"","overlay-color":"","overlay-gradient":""},"tablet":{"background-color":"","background-image":"","background-repeat":"repeat","background-position":"center center","background-size":"auto","background-attachment":"scroll","background-type":"","background-media":"","overlay-type":"","overlay-color":"","overlay-gradient":""},"mobile":{"background-color":"","background-image":"","background-repeat":"repeat","background-position":"center center","background-size":"auto","background-attachment":"scroll","background-type":"","background-media":"","overlay-type":"","overlay-color":"","overlay-gradient":""}},"ast-content-background-meta":{"desktop":{"background-color":"var(--ast-global-color-5)","background-image":"","background-repeat":"repeat","background-position":"center center","background-size":"auto","background-attachment":"scroll","background-type":"","background-media":"","overlay-type":"","overlay-color":"","overlay-gradient":""},"tablet":{"background-color":"var(--ast-global-color-5)","background-image":"","background-repeat":"repeat","background-position":"center center","background-size":"auto","background-attachment":"scroll","background-type":"","background-media":"","overlay-type":"","overlay-color":"","overlay-gradient":""},"mobile":{"background-color":"var(--ast-global-color-5)","background-image":"","background-repeat":"repeat","background-position":"center center","background-size":"auto","background-attachment":"scroll","background-type":"","background-media":"","overlay-type":"","overlay-color":"","overlay-gradient":""}}},"product_cat":[64],"product_tag":[],"aioseo_notices":[],"jetpack_sharing_enabled":true,"_links":{"self":[{"href":"https:\/\/lomina.es\/index.php?rest_route=\/wp\/v2\/product\/1033"}],"collection":[{"href":"https:\/\/lomina.es\/index.php?rest_route=\/wp\/v2\/product"}],"about":[{"href":"https:\/\/lomina.es\/index.php?rest_route=\/wp\/v2\/types\/product"}],"replies":[{"embeddable":true,"href":"https:\/\/lomina.es\/index.php?rest_route=%2Fwp%2Fv2%2Fcomments&post=1033"}],"wp:featuredmedia":[{"embeddable":true,"href":"https:\/\/lomina.es\/index.php?rest_route=\/wp\/v2\/media\/1034"}],"wp:attachment":[{"href":"https:\/\/lomina.es\/index.php?rest_route=%2Fwp%2Fv2%2Fmedia&parent=1033"}],"wp:term":[{"taxonomy":"product_cat","embeddable":true,"href":"https:\/\/lomina.es\/index.php?rest_route=%2Fwp%2Fv2%2Fproduct_cat&post=1033"},{"taxonomy":"product_tag","embeddable":true,"href":"https:\/\/lomina.es\/index.php?rest_route=%2Fwp%2Fv2%2Fproduct_tag&post=1033"}],"curies":[{"name":"wp","href":"https:\/\/api.w.org\/{rel}","templated":true}]}}