{"id":1024,"date":"2025-05-15T13:33:59","date_gmt":"2025-05-15T11:33:59","guid":{"rendered":"https:\/\/lomina.es\/?post_type=product&#038;p=1024"},"modified":"2025-05-21T20:27:16","modified_gmt":"2025-05-21T18:27:16","slug":"bolsa-filtro-karcher-kfi357","status":"publish","type":"product","link":"https:\/\/lomina.es\/?product=bolsa-filtro-karcher-kfi357","title":{"rendered":"Bolsa Filtro Originales Karcher KFI 357 (pack 4)"},"content":{"rendered":"<p>Las bolsas de filtro de fieltro de 3 capas KFI 357, extremadamente resistentes al desgarro, impresionan durante el uso por su elevada potencia de aspiraci\u00f3n y filtraci\u00f3n de polvo. Tambi\u00e9n est\u00e1n dise\u00f1adas para un uso intensivo, por ejemplo, para aspirar suciedad gruesa y h\u00fameda. Dise\u00f1adas a medida para las aspiradoras en seco y h\u00famedo Home &amp; Garden WD 1 Compact Battery, WD 2 Plus, WD 2-18, WD 2, WD 3, WD 3-18, WD 3 Battery, KWD 1-3, MV 2 y MV 3, as\u00ed como para las lava-aspiradoras SE 4, SE 4001 y SE 4002 de K\u00e4rcher. Volumen de suministro: 4 bolsas.<\/p>\n","protected":false},"excerpt":{"rendered":"<p>CARACTER\u00cdSTICAS<\/p>\n<div class=\"col-sm-5\">\n<ul>\n<li>Apto para aspiradoras en seco y h\u00famedo WD 1 Compact Battery, WD 2 Plus, WD 2-18, WD 2, WD 3, WD 3-18, WD 3 Battery, KWD 1\u20133, MV 2, MV 3 de K\u00e4rcher<\/li>\n<li>Apto para las lava-aspiradoras SE 4, SE 4001,SE 4002 de K\u00e4rcher<\/li>\n<li><span style=\"font-size: 16px;\">Material de fieltro de tres capas<\/span><\/li>\n<\/ul>\n<\/div>\n<p>&nbsp;<\/p>\n","protected":false},"featured_media":1027,"comment_status":"open","ping_status":"closed","template":"","meta":{"om_disable_all_campaigns":false,"_monsterinsights_skip_tracking":false,"_monsterinsights_sitenote_active":false,"_monsterinsights_sitenote_note":"","_monsterinsights_sitenote_category":0,"site-sidebar-layout":"default","site-content-layout":"","ast-site-content-layout":"default","site-content-style":"default","site-sidebar-style":"default","ast-global-header-display":"","ast-banner-title-visibility":"","ast-main-header-display":"","ast-hfb-above-header-display":"","ast-hfb-below-header-display":"","ast-hfb-mobile-header-display":"","site-post-title":"","ast-breadcrumbs-content":"","ast-featured-img":"","footer-sml-layout":"","theme-transparent-header-meta":"default","adv-header-id-meta":"","stick-header-meta":"","header-above-stick-meta":"","header-main-stick-meta":"","header-below-stick-meta":"","astra-migrate-meta-layouts":"set","ast-page-background-enabled":"default","ast-page-background-meta":{"desktop":{"background-color":"var(--ast-global-color-4)","background-image":"","background-repeat":"repeat","background-position":"center center","background-size":"auto","background-attachment":"scroll","background-type":"","background-media":"","overlay-type":"","overlay-color":"","overlay-gradient":""},"tablet":{"background-color":"","background-image":"","background-repeat":"repeat","background-position":"center center","background-size":"auto","background-attachment":"scroll","background-type":"","background-media":"","overlay-type":"","overlay-color":"","overlay-gradient":""},"mobile":{"background-color":"","background-image":"","background-repeat":"repeat","background-position":"center center","background-size":"auto","background-attachment":"scroll","background-type":"","background-media":"","overlay-type":"","overlay-color":"","overlay-gradient":""}},"ast-content-background-meta":{"desktop":{"background-color":"var(--ast-global-color-5)","background-image":"","background-repeat":"repeat","background-position":"center center","background-size":"auto","background-attachment":"scroll","background-type":"","background-media":"","overlay-type":"","overlay-color":"","overlay-gradient":""},"tablet":{"background-color":"var(--ast-global-color-5)","background-image":"","background-repeat":"repeat","background-position":"center center","background-size":"auto","background-attachment":"scroll","background-type":"","background-media":"","overlay-type":"","overlay-color":"","overlay-gradient":""},"mobile":{"background-color":"var(--ast-global-color-5)","background-image":"","background-repeat":"repeat","background-position":"center center","background-size":"auto","background-attachment":"scroll","background-type":"","background-media":"","overlay-type":"","overlay-color":"","overlay-gradient":""}}},"product_cat":[64],"product_tag":[],"aioseo_notices":[],"jetpack_sharing_enabled":true,"_links":{"self":[{"href":"https:\/\/lomina.es\/index.php?rest_route=\/wp\/v2\/product\/1024"}],"collection":[{"href":"https:\/\/lomina.es\/index.php?rest_route=\/wp\/v2\/product"}],"about":[{"href":"https:\/\/lomina.es\/index.php?rest_route=\/wp\/v2\/types\/product"}],"replies":[{"embeddable":true,"href":"https:\/\/lomina.es\/index.php?rest_route=%2Fwp%2Fv2%2Fcomments&post=1024"}],"wp:featuredmedia":[{"embeddable":true,"href":"https:\/\/lomina.es\/index.php?rest_route=\/wp\/v2\/media\/1027"}],"wp:attachment":[{"href":"https:\/\/lomina.es\/index.php?rest_route=%2Fwp%2Fv2%2Fmedia&parent=1024"}],"wp:term":[{"taxonomy":"product_cat","embeddable":true,"href":"https:\/\/lomina.es\/index.php?rest_route=%2Fwp%2Fv2%2Fproduct_cat&post=1024"},{"taxonomy":"product_tag","embeddable":true,"href":"https:\/\/lomina.es\/index.php?rest_route=%2Fwp%2Fv2%2Fproduct_tag&post=1024"}],"curies":[{"name":"wp","href":"https:\/\/api.w.org\/{rel}","templated":true}]}}