{"id":1016,"date":"2025-05-14T14:59:43","date_gmt":"2025-05-14T12:59:43","guid":{"rendered":"https:\/\/lomina.es\/?post_type=product&#038;p=1016"},"modified":"2025-05-21T20:33:43","modified_gmt":"2025-05-21T18:33:43","slug":"aspiradora-karcher-kwd1w","status":"publish","type":"product","link":"https:\/\/lomina.es\/?product=aspiradora-karcher-kwd1w","title":{"rendered":"Aspiradora s\u00f3lido\/l\u00edquido Karcher KWD1W"},"content":{"rendered":"<p>La KWD 1 W V-12\/2\/18 con cabezal negro convence por su dise\u00f1o compacto.<\/p>\n<p>Adem\u00e1s, es potente y energ\u00e9ticamente eficiente, con una m\u00e1x. potencia absorbida de tan solo 1000\u00a0vatios.<\/p>\n<p>Este equipo obtiene resultados de limpieza espectaculares con suciedad seca, h\u00fameda, gruesa o fina. La aspiradora en seco y h\u00famedo cuenta con un robusto dep\u00f3sito de pl\u00e1stico de 12\u00a0litros, un cable de 2 metros, as\u00ed como una manguera de aspiraci\u00f3n de 1,8\u00a0metros con asa recta, una boquilla para suelos con clips, un filtro de espuma y una bolsa de filtro de fieltro.<\/p>\n<p>Asimismo, la aspiradora dispone de una pr\u00e1ctica funci\u00f3n de soplado que puede utilizarse, entre otros, en lugares en los que resulta m\u00e1s dif\u00edcil aspirar.<\/p>\n<p>La superficie de almacenamiento del cabezal del equipo sirve para guardar de forma segura herramientas y piezas peque\u00f1as, como tornillos y clavos.<\/p>\n<p>El equipo tambi\u00e9n destaca por la posibilidad de almacenarse en espacios reducidos, un almacenamiento sencillo de accesorios, el sistema de cierre \u00abPull &amp; Push\u00bb y el asa de dise\u00f1o ergon\u00f3mico para un c\u00f3modo transporte.<\/p>\n","protected":false},"excerpt":{"rendered":"<p>CARACTER\u00cdSTICAS<\/p>\n<ul>\n<li class=\"row fc-featurebenefits-row\"><strong>Superficie de apoyo:<\/strong> <span style=\"font-size: 16px;\">Para el almacenamiento seguro de herramientas y piezas peque\u00f1as como, por ejemplo, tornillos o clavos.<\/span><\/li>\n<li><strong>Estacionamiento intermedio del asa en el cabezal del equipo:<\/strong> <span style=\"font-size: 16px;\">En caso de interrupci\u00f3n del trabajo, estacionamiento r\u00e1pido del asa en el cabezal de la herramienta.<\/span><\/li>\n<li><strong>El equipo, la manguera de aspiraci\u00f3n y la boquilla para suelos est\u00e1n perfectamente adaptados entre s\u00ed:<\/strong> Para obtener los mejores resultados de limpieza, independientemente de si la suciedad es seca, h\u00fameda, fina o gruesa. Para obtener una m\u00e1xima comodidad y flexibilidad al aspirar.<\/li>\n<li><strong>Sistema de cierre \u00abPull &amp; Push\u00bb:<\/strong> Apertura y cierre del dep\u00f3sito f\u00e1ciles, r\u00e1pidos y seguros.<\/li>\n<li class=\"row fc-featurebenefits-row\"><strong>Asa de transporte ergon\u00f3mica:<\/strong> <span style=\"font-size: 16px;\">Permite un c\u00f3modo transporte del equipo.<\/span><\/li>\n<\/ul>\n","protected":false},"featured_media":1017,"comment_status":"open","ping_status":"closed","template":"","meta":{"om_disable_all_campaigns":false,"_monsterinsights_skip_tracking":false,"_monsterinsights_sitenote_active":false,"_monsterinsights_sitenote_note":"","_monsterinsights_sitenote_category":0,"site-sidebar-layout":"default","site-content-layout":"","ast-site-content-layout":"default","site-content-style":"default","site-sidebar-style":"default","ast-global-header-display":"","ast-banner-title-visibility":"","ast-main-header-display":"","ast-hfb-above-header-display":"","ast-hfb-below-header-display":"","ast-hfb-mobile-header-display":"","site-post-title":"","ast-breadcrumbs-content":"","ast-featured-img":"","footer-sml-layout":"","theme-transparent-header-meta":"default","adv-header-id-meta":"","stick-header-meta":"","header-above-stick-meta":"","header-main-stick-meta":"","header-below-stick-meta":"","astra-migrate-meta-layouts":"set","ast-page-background-enabled":"default","ast-page-background-meta":{"desktop":{"background-color":"var(--ast-global-color-4)","background-image":"","background-repeat":"repeat","background-position":"center center","background-size":"auto","background-attachment":"scroll","background-type":"","background-media":"","overlay-type":"","overlay-color":"","overlay-gradient":""},"tablet":{"background-color":"","background-image":"","background-repeat":"repeat","background-position":"center center","background-size":"auto","background-attachment":"scroll","background-type":"","background-media":"","overlay-type":"","overlay-color":"","overlay-gradient":""},"mobile":{"background-color":"","background-image":"","background-repeat":"repeat","background-position":"center center","background-size":"auto","background-attachment":"scroll","background-type":"","background-media":"","overlay-type":"","overlay-color":"","overlay-gradient":""}},"ast-content-background-meta":{"desktop":{"background-color":"var(--ast-global-color-5)","background-image":"","background-repeat":"repeat","background-position":"center center","background-size":"auto","background-attachment":"scroll","background-type":"","background-media":"","overlay-type":"","overlay-color":"","overlay-gradient":""},"tablet":{"background-color":"var(--ast-global-color-5)","background-image":"","background-repeat":"repeat","background-position":"center center","background-size":"auto","background-attachment":"scroll","background-type":"","background-media":"","overlay-type":"","overlay-color":"","overlay-gradient":""},"mobile":{"background-color":"var(--ast-global-color-5)","background-image":"","background-repeat":"repeat","background-position":"center center","background-size":"auto","background-attachment":"scroll","background-type":"","background-media":"","overlay-type":"","overlay-color":"","overlay-gradient":""}}},"product_cat":[64],"product_tag":[],"aioseo_notices":[],"jetpack_sharing_enabled":true,"_links":{"self":[{"href":"https:\/\/lomina.es\/index.php?rest_route=\/wp\/v2\/product\/1016"}],"collection":[{"href":"https:\/\/lomina.es\/index.php?rest_route=\/wp\/v2\/product"}],"about":[{"href":"https:\/\/lomina.es\/index.php?rest_route=\/wp\/v2\/types\/product"}],"replies":[{"embeddable":true,"href":"https:\/\/lomina.es\/index.php?rest_route=%2Fwp%2Fv2%2Fcomments&post=1016"}],"wp:featuredmedia":[{"embeddable":true,"href":"https:\/\/lomina.es\/index.php?rest_route=\/wp\/v2\/media\/1017"}],"wp:attachment":[{"href":"https:\/\/lomina.es\/index.php?rest_route=%2Fwp%2Fv2%2Fmedia&parent=1016"}],"wp:term":[{"taxonomy":"product_cat","embeddable":true,"href":"https:\/\/lomina.es\/index.php?rest_route=%2Fwp%2Fv2%2Fproduct_cat&post=1016"},{"taxonomy":"product_tag","embeddable":true,"href":"https:\/\/lomina.es\/index.php?rest_route=%2Fwp%2Fv2%2Fproduct_tag&post=1016"}],"curies":[{"name":"wp","href":"https:\/\/api.w.org\/{rel}","templated":true}]}}