{"id":1011,"date":"2025-05-14T14:15:46","date_gmt":"2025-05-14T12:15:46","guid":{"rendered":"https:\/\/lomina.es\/?post_type=product&#038;p=1011"},"modified":"2025-05-20T20:22:31","modified_gmt":"2025-05-20T18:22:31","slug":"telefono-inalambrico-gigaset-a116","status":"publish","type":"product","link":"https:\/\/lomina.es\/?product=telefono-inalambrico-gigaset-a116","title":{"rendered":"Tel\u00e9fono Inal\u00e1mbrico Gigaset a116"},"content":{"rendered":"<p><span class=\"_fadeIn_m1hgl_8\">Redescubra <\/span><span class=\"_fadeIn_m1hgl_8\">el <\/span><span class=\"_fadeIn_m1hgl_8\">placer <\/span><span class=\"_fadeIn_m1hgl_8\">de <\/span><span class=\"_fadeIn_m1hgl_8\">una <\/span><span class=\"_fadeIn_m1hgl_8\">conversaci\u00f3n <\/span><span class=\"_fadeIn_m1hgl_8\">agradable <\/span><span class=\"_fadeIn_m1hgl_8\">con <\/span><span class=\"_fadeIn_m1hgl_8\">el <\/span><span class=\"_fadeIn_m1hgl_8\">tel\u00e9fono <\/span><span class=\"_fadeIn_m1hgl_8\">inal\u00e1mbrico <\/span><span class=\"_fadeIn_m1hgl_8\">Gigaset <\/span><span class=\"_fadeIn_m1hgl_8\">A116. <\/span><span class=\"_fadeIn_m1hgl_8\">Su <\/span><span class=\"_fadeIn_m1hgl_8\">dise\u00f1o <\/span><span class=\"_fadeIn_m1hgl_8\">moderno <\/span><span class=\"_fadeIn_m1hgl_8\">y <\/span><span class=\"_fadeIn_m1hgl_8\">funcional, <\/span><span class=\"_fadeIn_m1hgl_8\">junto <\/span><span class=\"_fadeIn_m1hgl_8\">con <\/span><span class=\"_fadeIn_m1hgl_8\">teclas <\/span><span class=\"_fadeIn_m1hgl_8\">de <\/span><span class=\"_fadeIn_m1hgl_8\">f\u00e1cil <\/span><span class=\"_fadeIn_m1hgl_8\">acceso, <\/span><span class=\"_fadeIn_m1hgl_8\">ofrecen <\/span><span class=\"_fadeIn_m1hgl_8\">una <\/span><span class=\"_fadeIn_m1hgl_8\">experiencia <\/span><span class=\"_fadeIn_m1hgl_8\">pr\u00e1ctica <\/span><span class=\"_fadeIn_m1hgl_8\">y <\/span><span class=\"_fadeIn_m1hgl_8\">c\u00f3moda, <\/span><span class=\"_fadeIn_m1hgl_8\">con <\/span><span class=\"_fadeIn_m1hgl_8\">diversas <\/span><span class=\"_fadeIn_m1hgl_8\">funciones <\/span><span class=\"_fadeIn_m1hgl_8\">para <\/span><span class=\"_fadeIn_m1hgl_8\">su <\/span><span class=\"_fadeIn_m1hgl_8\">uso <\/span><span class=\"_fadeIn_m1hgl_8\">diario.<\/span><\/p>\n","protected":false},"excerpt":{"rendered":"<p>CARACTER\u00cdSTICAS<\/p>\n<ul class=\"a-unordered-list a-vertical a-spacing-mini\">\n<li class=\"a-spacing-mini\"><span class=\"a-list-item\"><strong>SIMPLE Y SIN COMPLICACIONES<\/strong> &#8211; Gigaset A116 impresiona por su sencilla funcionalidad, la larga duraci\u00f3n de la bater\u00eda, la agenda telef\u00f3nica, tonos de llamada con volumen ajustable. Compatible en ES, IT. Para mayor informaci\u00f3n, visite el sitio web de Gigaset.<\/span><\/li>\n<li class=\"a-spacing-mini\"><span class=\"a-list-item\"><strong>CARACTER\u00cdSTICAS<\/strong> &#8211; 50 contactos, identificador de llamadas, teclado ergon\u00f3mico<\/span><\/li>\n<li class=\"a-spacing-mini\"><span class=\"a-list-item\"><strong>INSTALACI\u00d3N SIMPLE<\/strong> &#8211; Simplemente conecta la estaci\u00f3n base a la toma de tel\u00e9fono de la pared y comienza a hacer llamadas<\/span><\/li>\n<li class=\"a-spacing-mini\"><span class=\"a-list-item\"><strong>CALIDAD MADE IN GERMANY<\/strong> &#8211; Dise\u00f1ado y fabricado en Alemania &#8211; La tecnolog\u00eda ecol\u00f3gica ECO DECT garantiza un menor consumo energ\u00e9tico<\/span><\/li>\n<li class=\"a-spacing-mini\"><span class=\"a-list-item\"><strong>LA CAJA INCLUYE<\/strong>: 1x base Gigaset A116, 1x tel\u00e9fono inal\u00e1mbrico Gigaset A116, 1x unidad de fuente de alimentaci\u00f3n, 1x cable de conexi\u00f3n telef\u00f3nica, 2x pilas recargables AAA (NiMH), 1x cobertura para las pilas, 1x manual del usuario.<\/span><\/li>\n<\/ul>\n<p>&nbsp;<\/p>\n","protected":false},"featured_media":1012,"comment_status":"open","ping_status":"closed","template":"","meta":{"om_disable_all_campaigns":false,"_monsterinsights_skip_tracking":false,"_monsterinsights_sitenote_active":false,"_monsterinsights_sitenote_note":"","_monsterinsights_sitenote_category":0,"site-sidebar-layout":"default","site-content-layout":"","ast-site-content-layout":"default","site-content-style":"default","site-sidebar-style":"default","ast-global-header-display":"","ast-banner-title-visibility":"","ast-main-header-display":"","ast-hfb-above-header-display":"","ast-hfb-below-header-display":"","ast-hfb-mobile-header-display":"","site-post-title":"","ast-breadcrumbs-content":"","ast-featured-img":"","footer-sml-layout":"","theme-transparent-header-meta":"default","adv-header-id-meta":"","stick-header-meta":"","header-above-stick-meta":"","header-main-stick-meta":"","header-below-stick-meta":"","astra-migrate-meta-layouts":"set","ast-page-background-enabled":"default","ast-page-background-meta":{"desktop":{"background-color":"var(--ast-global-color-4)","background-image":"","background-repeat":"repeat","background-position":"center center","background-size":"auto","background-attachment":"scroll","background-type":"","background-media":"","overlay-type":"","overlay-color":"","overlay-gradient":""},"tablet":{"background-color":"","background-image":"","background-repeat":"repeat","background-position":"center center","background-size":"auto","background-attachment":"scroll","background-type":"","background-media":"","overlay-type":"","overlay-color":"","overlay-gradient":""},"mobile":{"background-color":"","background-image":"","background-repeat":"repeat","background-position":"center center","background-size":"auto","background-attachment":"scroll","background-type":"","background-media":"","overlay-type":"","overlay-color":"","overlay-gradient":""}},"ast-content-background-meta":{"desktop":{"background-color":"var(--ast-global-color-5)","background-image":"","background-repeat":"repeat","background-position":"center center","background-size":"auto","background-attachment":"scroll","background-type":"","background-media":"","overlay-type":"","overlay-color":"","overlay-gradient":""},"tablet":{"background-color":"var(--ast-global-color-5)","background-image":"","background-repeat":"repeat","background-position":"center center","background-size":"auto","background-attachment":"scroll","background-type":"","background-media":"","overlay-type":"","overlay-color":"","overlay-gradient":""},"mobile":{"background-color":"var(--ast-global-color-5)","background-image":"","background-repeat":"repeat","background-position":"center center","background-size":"auto","background-attachment":"scroll","background-type":"","background-media":"","overlay-type":"","overlay-color":"","overlay-gradient":""}}},"product_cat":[31,86],"product_tag":[],"aioseo_notices":[],"jetpack_sharing_enabled":true,"_links":{"self":[{"href":"https:\/\/lomina.es\/index.php?rest_route=\/wp\/v2\/product\/1011"}],"collection":[{"href":"https:\/\/lomina.es\/index.php?rest_route=\/wp\/v2\/product"}],"about":[{"href":"https:\/\/lomina.es\/index.php?rest_route=\/wp\/v2\/types\/product"}],"replies":[{"embeddable":true,"href":"https:\/\/lomina.es\/index.php?rest_route=%2Fwp%2Fv2%2Fcomments&post=1011"}],"wp:featuredmedia":[{"embeddable":true,"href":"https:\/\/lomina.es\/index.php?rest_route=\/wp\/v2\/media\/1012"}],"wp:attachment":[{"href":"https:\/\/lomina.es\/index.php?rest_route=%2Fwp%2Fv2%2Fmedia&parent=1011"}],"wp:term":[{"taxonomy":"product_cat","embeddable":true,"href":"https:\/\/lomina.es\/index.php?rest_route=%2Fwp%2Fv2%2Fproduct_cat&post=1011"},{"taxonomy":"product_tag","embeddable":true,"href":"https:\/\/lomina.es\/index.php?rest_route=%2Fwp%2Fv2%2Fproduct_tag&post=1011"}],"curies":[{"name":"wp","href":"https:\/\/api.w.org\/{rel}","templated":true}]}}