{"id":1002,"date":"2025-05-14T13:50:14","date_gmt":"2025-05-14T11:50:14","guid":{"rendered":"https:\/\/lomina.es\/?post_type=product&#038;p=1002"},"modified":"2025-05-21T20:41:21","modified_gmt":"2025-05-21T18:41:21","slug":"receptor-dvb-t2-hd-grabador","status":"publish","type":"product","link":"https:\/\/lomina.es\/?product=receptor-dvb-t2-hd-grabador","title":{"rendered":"Sintonizador Engel TDT DVB-T2 grabador"},"content":{"rendered":"<p>Receptor de Televisi\u00f3n Digital Terrestre\u00a0ENGEL\u00a0con\u00a0sintonizador DVB-T2, que le permite visualizar canales\u00a0HD, y funci\u00f3n de grabaci\u00f3n\u00a0PVR con Timeshift.\u00a0\u00a0Sintonizador de muy alta sensibilidad, gu\u00eda electr\u00f3nica de programas (EPG) y teletexto.<\/p>\n<p>Conexiones inluidas: HDMI, euroconector, USB y toma de antena.<\/p>\n","protected":false},"excerpt":{"rendered":"<p>CARACTER\u00cdSTICAS<\/p>\n<ul>\n<li>Receptor Digital Terrestre DVB-T2<\/li>\n<li>Formatos compatibles: 1080p\/i, 720p y 576p\/i<\/li>\n<li>PVR (Personal Video Recorder) para reproducir y\/o graba en dispositivos externos (Discos Duros, USB,&#8230;)<\/li>\n<li>\u00a0Funci\u00f3n Timeshift (Pausa-Directo): pare un programa y contin\u00fae cuando quiera desde el punto de su interrupci\u00f3n \u00b7 Salida HDMI y puerto bidireccional USB 2.0<\/li>\n<li>Reproduce m\u00fasica MP3, im\u00e1genes JPEG y v\u00eddeo<\/li>\n<li>Total compatibilidad MPEG-2, MKV (H264)<\/li>\n<li>Sintonizador de muy alta sensibilidad<\/li>\n<li>Gu\u00eda electr\u00f3nica de programaci\u00f3n (EPG) y teletexto<\/li>\n<li>B\u00fasqueda de canales autom\u00e1tica y manual<\/li>\n<\/ul>\n","protected":false},"featured_media":1004,"comment_status":"open","ping_status":"closed","template":"","meta":{"om_disable_all_campaigns":false,"_monsterinsights_skip_tracking":false,"_monsterinsights_sitenote_active":false,"_monsterinsights_sitenote_note":"","_monsterinsights_sitenote_category":0,"site-sidebar-layout":"default","site-content-layout":"","ast-site-content-layout":"default","site-content-style":"default","site-sidebar-style":"default","ast-global-header-display":"","ast-banner-title-visibility":"","ast-main-header-display":"","ast-hfb-above-header-display":"","ast-hfb-below-header-display":"","ast-hfb-mobile-header-display":"","site-post-title":"","ast-breadcrumbs-content":"","ast-featured-img":"","footer-sml-layout":"","theme-transparent-header-meta":"default","adv-header-id-meta":"","stick-header-meta":"","header-above-stick-meta":"","header-main-stick-meta":"","header-below-stick-meta":"","astra-migrate-meta-layouts":"set","ast-page-background-enabled":"default","ast-page-background-meta":{"desktop":{"background-color":"var(--ast-global-color-4)","background-image":"","background-repeat":"repeat","background-position":"center center","background-size":"auto","background-attachment":"scroll","background-type":"","background-media":"","overlay-type":"","overlay-color":"","overlay-gradient":""},"tablet":{"background-color":"","background-image":"","background-repeat":"repeat","background-position":"center center","background-size":"auto","background-attachment":"scroll","background-type":"","background-media":"","overlay-type":"","overlay-color":"","overlay-gradient":""},"mobile":{"background-color":"","background-image":"","background-repeat":"repeat","background-position":"center center","background-size":"auto","background-attachment":"scroll","background-type":"","background-media":"","overlay-type":"","overlay-color":"","overlay-gradient":""}},"ast-content-background-meta":{"desktop":{"background-color":"var(--ast-global-color-5)","background-image":"","background-repeat":"repeat","background-position":"center center","background-size":"auto","background-attachment":"scroll","background-type":"","background-media":"","overlay-type":"","overlay-color":"","overlay-gradient":""},"tablet":{"background-color":"var(--ast-global-color-5)","background-image":"","background-repeat":"repeat","background-position":"center center","background-size":"auto","background-attachment":"scroll","background-type":"","background-media":"","overlay-type":"","overlay-color":"","overlay-gradient":""},"mobile":{"background-color":"var(--ast-global-color-5)","background-image":"","background-repeat":"repeat","background-position":"center center","background-size":"auto","background-attachment":"scroll","background-type":"","background-media":"","overlay-type":"","overlay-color":"","overlay-gradient":""}}},"product_cat":[67,25],"product_tag":[],"aioseo_notices":[],"jetpack_sharing_enabled":true,"_links":{"self":[{"href":"https:\/\/lomina.es\/index.php?rest_route=\/wp\/v2\/product\/1002"}],"collection":[{"href":"https:\/\/lomina.es\/index.php?rest_route=\/wp\/v2\/product"}],"about":[{"href":"https:\/\/lomina.es\/index.php?rest_route=\/wp\/v2\/types\/product"}],"replies":[{"embeddable":true,"href":"https:\/\/lomina.es\/index.php?rest_route=%2Fwp%2Fv2%2Fcomments&post=1002"}],"wp:featuredmedia":[{"embeddable":true,"href":"https:\/\/lomina.es\/index.php?rest_route=\/wp\/v2\/media\/1004"}],"wp:attachment":[{"href":"https:\/\/lomina.es\/index.php?rest_route=%2Fwp%2Fv2%2Fmedia&parent=1002"}],"wp:term":[{"taxonomy":"product_cat","embeddable":true,"href":"https:\/\/lomina.es\/index.php?rest_route=%2Fwp%2Fv2%2Fproduct_cat&post=1002"},{"taxonomy":"product_tag","embeddable":true,"href":"https:\/\/lomina.es\/index.php?rest_route=%2Fwp%2Fv2%2Fproduct_tag&post=1002"}],"curies":[{"name":"wp","href":"https:\/\/api.w.org\/{rel}","templated":true}]}}