{"id":96,"date":"2024-01-30T09:03:39","date_gmt":"2024-01-30T08:03:39","guid":{"rendered":"https:\/\/lomina.es\/?page_id=96"},"modified":"2024-01-30T09:03:39","modified_gmt":"2024-01-30T08:03:39","slug":"plazos-costes-y-politicas-de-entrega","status":"publish","type":"page","link":"https:\/\/lomina.es\/?page_id=96","title":{"rendered":"Plazos, costes y pol\u00edticas de entrega"},"content":{"rendered":"\n<h1 class=\"wp-block-heading\" id=\"GUID-9D41C162-5B9D-4E54-9AB0-B3D20D95A8D5__GUID-97B53FD5-32EB-4ACD-BDE2-5FC35C5AD912\">Env\u00edo&nbsp;est\u00e1ndar<\/h1>\n\n\n\n<p>Con la opci\u00f3n de env\u00edo est\u00e1ndar, entregamos el pedido en un plazo de tres d\u00edas laborables en la mayor\u00eda de los casos.<\/p>\n\n\n\n<p>Seg\u00fan la disponibilidad y la ubicaci\u00f3n del producto, la entrega puede tardar m\u00e1s en realizarse. El periodo de entrega comienza cuando se env\u00eda el producto.<\/p>\n\n\n\n<p>Gastos de env\u00edo est\u00e1ndar para entregas en Espa\u00f1a:<\/p>\n\n\n\n<figure class=\"wp-block-table\"><table><thead><tr><th>Tipo de pedido<\/th><th>Tarifa<\/th><\/tr><\/thead><tbody><tr><td>Pedidos con un importe m\u00ednimo de 19 \u20ac en Libros o de 35 \u20ac en las dem\u00e1s categor\u00edas de productos<\/td><td>GRATIS<\/td><\/tr><tr><td>Libros<\/td><td>0,99 \u20ac\/env\u00edo<\/td><\/tr><tr><td>Productos multimedia (m\u00fasica, DVD, software y videojuegos)<\/td><td>1,99 \u20ac\/env\u00edo para entregas en puntos de recogida2,99 \u20ac\/env\u00edo para entregas en otras direcciones<\/td><\/tr><tr><td>Otros productos<\/td><td>2,99 \u20ac\/env\u00edo para entregas en puntos de recogida3,99 \u20ac\/env\u00edo para entregas en otras direcciones<\/td><\/tr><tr><td>Art\u00edculos pesados y\/o voluminosos. Para obtener m\u00e1s informaci\u00f3n, consulta&nbsp;<a href=\"https:\/\/www.amazon.es\/gp\/help\/customer\/display.html?nodeId=GWZRWJGNW45SAWPY\">Acerca de env\u00edos pesados y\/o voluminosos<\/a>.<\/td><td>6,99 \u20ac\/env\u00edo<\/td><\/tr><tr><td>Con&nbsp;<a href=\"https:\/\/www.amazon.es\/gp\/help\/customer\/display.html?nodeId=201279560\">Amazon Prime<\/a><\/td><td>GRATIS<\/td><\/tr><\/tbody><\/table><\/figure>\n\n\n\n<p>El env\u00edo est\u00e1ndar solo est\u00e1 disponible para los productos vendidos o gestionados por Amazon. Es gratis para los clientes miembros de&nbsp;<a href=\"https:\/\/www.amazon.es\/gp\/help\/customer\/display.html?nodeId=GJNNP777QLUYFPNG\">Amazon Prime<\/a>. Para m\u00e1s informaci\u00f3n sobre las opciones de env\u00edo con Amazon Prime, visita nuestra p\u00e1gina de&nbsp;<a href=\"https:\/\/www.amazon.es\/b?node=12597647031\">Amazon Prime<\/a>.<\/p>\n\n\n\n<p>La p\u00e1gina de detalles del producto muestra la fecha de entrega estimada o garantizada del env\u00edo est\u00e1ndar. Puedes consultar esta fecha antes de confirmar el pedido. Si no recibes en la fecha de entrega garantizada un pedido que hiciste con env\u00edo est\u00e1ndar, te reembolsaremos los gastos de env\u00edo.<\/p>\n\n\n\n<p>Las entregas se realizar\u00e1n de lunes a viernes y, en algunas regiones, tambi\u00e9n los s\u00e1bados y domingos. Si prefieres no recibir paquetes los s\u00e1bados o domingos, consulta&nbsp;<a href=\"https:\/\/www.amazon.es\/gp\/help\/customer\/display.html?nodeId=GPH3XV8G6RA2BBEZ\">Cambiar la opci\u00f3n de entrega de lunes a domingo<\/a>.<\/p>\n\n\n\n<p>Si el pedido tiene productos con fechas de entrega diferentes, puedes elegir recibirlos por separado. Si no eres miembro de Amazon Prime, se te cobrar\u00e1 un coste adicional. En este caso, recibir\u00e1s cada producto en la fecha indicada antes de confirmar el pedido. Si agrupas los productos en el mismo pedido, los recibir\u00e1s cuando todos est\u00e9n disponibles.<\/p>\n\n\n\n<p>Con env\u00edo est\u00e1ndar, el pedido te puede llegar a trav\u00e9s de diferentes empresas de transporte. Por el momento, no podemos ofrecerte la posibilidad de elegir la empresa de transporte que entregar\u00e1 tu paquete.<\/p>\n\n\n\n<p>El env\u00edo est\u00e1ndar tambi\u00e9n est\u00e1 disponible si durante la tramitaci\u00f3n del pedido seleccionas la entrega en un punto de recogida. Cuando el paquete llegue al punto de recogida, recibir\u00e1s un e-mail de confirmaci\u00f3n para informarte de que puedes recogerlo. Para obtener m\u00e1s informaci\u00f3n, consulta nuestras p\u00e1ginas de ayuda de&nbsp;<a href=\"https:\/\/www.amazon.es\/gp\/help\/customer\/display.html?nodeId=GNLLY9HNDPETDHYV\">Puntos de recogida<\/a>.<\/p>\n\n\n\n<p>Esta opci\u00f3n de env\u00edo est\u00e1 disponible para entregas en Espa\u00f1a peninsular e Islas Baleares. Para conocer los gastos de env\u00edo est\u00e1ndar para entregas en Portugal, consulta la p\u00e1gina&nbsp;<a href=\"https:\/\/www.amazon.es\/gp\/help\/customer\/display.html?nodeId=GVVMYF6KMB3ZVNGR\" target=\"_blank\" rel=\"noreferrer noopener\">Tarifas y opciones de env\u00edo a Portugal<\/a>.<\/p>\n","protected":false},"excerpt":{"rendered":"<p>Env\u00edo&nbsp;est\u00e1ndar Con la opci\u00f3n de env\u00edo est\u00e1ndar, entregamos el pedido en un plazo de tres d\u00edas laborables en la mayor\u00eda [&hellip;]<\/p>\n","protected":false},"author":1,"featured_media":0,"parent":0,"menu_order":0,"comment_status":"closed","ping_status":"closed","template":"","meta":{"om_disable_all_campaigns":false,"_monsterinsights_skip_tracking":false,"_monsterinsights_sitenote_active":false,"_monsterinsights_sitenote_note":"","_monsterinsights_sitenote_category":0,"site-sidebar-layout":"default","site-content-layout":"","ast-site-content-layout":"","site-content-style":"default","site-sidebar-style":"default","ast-global-header-display":"","ast-banner-title-visibility":"","ast-main-header-display":"","ast-hfb-above-header-display":"","ast-hfb-below-header-display":"","ast-hfb-mobile-header-display":"","site-post-title":"","ast-breadcrumbs-content":"","ast-featured-img":"","footer-sml-layout":"","theme-transparent-header-meta":"","adv-header-id-meta":"","stick-header-meta":"","header-above-stick-meta":"","header-main-stick-meta":"","header-below-stick-meta":"","astra-migrate-meta-layouts":"default","ast-page-background-enabled":"default","ast-page-background-meta":{"desktop":{"background-color":"var(--ast-global-color-4)","background-image":"","background-repeat":"repeat","background-position":"center center","background-size":"auto","background-attachment":"scroll","background-type":"","background-media":"","overlay-type":"","overlay-color":"","overlay-gradient":""},"tablet":{"background-color":"","background-image":"","background-repeat":"repeat","background-position":"center center","background-size":"auto","background-attachment":"scroll","background-type":"","background-media":"","overlay-type":"","overlay-color":"","overlay-gradient":""},"mobile":{"background-color":"","background-image":"","background-repeat":"repeat","background-position":"center center","background-size":"auto","background-attachment":"scroll","background-type":"","background-media":"","overlay-type":"","overlay-color":"","overlay-gradient":""}},"ast-content-background-meta":{"desktop":{"background-color":"var(--ast-global-color-5)","background-image":"","background-repeat":"repeat","background-position":"center center","background-size":"auto","background-attachment":"scroll","background-type":"","background-media":"","overlay-type":"","overlay-color":"","overlay-gradient":""},"tablet":{"background-color":"var(--ast-global-color-5)","background-image":"","background-repeat":"repeat","background-position":"center center","background-size":"auto","background-attachment":"scroll","background-type":"","background-media":"","overlay-type":"","overlay-color":"","overlay-gradient":""},"mobile":{"background-color":"var(--ast-global-color-5)","background-image":"","background-repeat":"repeat","background-position":"center center","background-size":"auto","background-attachment":"scroll","background-type":"","background-media":"","overlay-type":"","overlay-color":"","overlay-gradient":""}},"footnotes":""},"aioseo_notices":[],"jetpack_sharing_enabled":true,"_links":{"self":[{"href":"https:\/\/lomina.es\/index.php?rest_route=\/wp\/v2\/pages\/96"}],"collection":[{"href":"https:\/\/lomina.es\/index.php?rest_route=\/wp\/v2\/pages"}],"about":[{"href":"https:\/\/lomina.es\/index.php?rest_route=\/wp\/v2\/types\/page"}],"author":[{"embeddable":true,"href":"https:\/\/lomina.es\/index.php?rest_route=\/wp\/v2\/users\/1"}],"replies":[{"embeddable":true,"href":"https:\/\/lomina.es\/index.php?rest_route=%2Fwp%2Fv2%2Fcomments&post=96"}],"version-history":[{"count":1,"href":"https:\/\/lomina.es\/index.php?rest_route=\/wp\/v2\/pages\/96\/revisions"}],"predecessor-version":[{"id":97,"href":"https:\/\/lomina.es\/index.php?rest_route=\/wp\/v2\/pages\/96\/revisions\/97"}],"wp:attachment":[{"href":"https:\/\/lomina.es\/index.php?rest_route=%2Fwp%2Fv2%2Fmedia&parent=96"}],"curies":[{"name":"wp","href":"https:\/\/api.w.org\/{rel}","templated":true}]}}