{"id":548,"date":"2024-02-18T03:36:28","date_gmt":"2024-02-18T02:36:28","guid":{"rendered":"https:\/\/lomina.es\/?page_id=548"},"modified":"2024-03-22T10:08:34","modified_gmt":"2024-03-22T09:08:34","slug":"contacto","status":"publish","type":"page","link":"https:\/\/lomina.es\/?page_id=548","title":{"rendered":"Contacto"},"content":{"rendered":"\n<div class=\"wp-block-columns has-ast-global-color-5-background-color has-background is-layout-flex wp-container-core-columns-layout-3 wp-block-columns-is-layout-flex\" style=\"margin-top:0;margin-bottom:0;padding-top:0;padding-bottom:var(--wp--preset--spacing--80)\">\n<div class=\"wp-block-column is-layout-flow wp-block-column-is-layout-flow\" style=\"flex-basis:5%\"><\/div>\n\n\n\n<div class=\"wp-block-column is-layout-flow wp-block-column-is-layout-flow\" style=\"flex-basis:90%\">\n<h2 class=\"wp-block-heading\">Atenci\u00f3n al cliente<\/h2>\n\n\n\n<p>Si tienes cualquier duda sobre tu pedido, puedes ponerte en contacto con nosotros mediante los siguientes canales. Estamos a tu disposici\u00f3n para resolver dudas y ayudarte en lo que sea necesario. Recuerda que al contactar con nuestra empresa, acepta nuestra pol\u00edtica de protecci\u00f3n de datos.<\/p>\n\n\n\n<div class=\"wp-block-columns has-ast-global-color-5-color has-ast-global-color-5-background-color has-text-color has-background has-link-color wp-elements-0a3117af59933cdc7e8c4338b1419032 is-layout-flex wp-container-core-columns-layout-1 wp-block-columns-is-layout-flex\" style=\"padding-right:0;padding-left:0\">\n<div class=\"wp-block-column is-vertically-aligned-stretch has-border-color has-ast-global-color-1-border-color is-layout-flow wp-block-column-is-layout-flow\" style=\"border-width:4px\">\n<h4 class=\"wp-block-heading has-text-align-center has-ast-global-color-5-color has-ast-global-color-0-background-color has-text-color has-background has-link-color wp-elements-66ba135107889038fb7fb942d6629557\" style=\"margin-right:0px;margin-left:0px;padding-right:0px;padding-left:0px\">Tel\u00e9fono<\/h4>\n\n\n\n<h6 class=\"wp-block-heading has-text-align-center has-black-color has-text-color has-link-color wp-elements-2792e360159742e9d677a6647c491582\" style=\"margin-top:var(--wp--preset--spacing--50);margin-bottom:var(--wp--preset--spacing--50)\"><a href=\"tel:957373279\">957 373 279<\/a><\/h6>\n<\/div>\n\n\n\n<div class=\"wp-block-column is-vertically-aligned-stretch has-border-color has-ast-global-color-0-border-color is-layout-flow wp-block-column-is-layout-flow\" style=\"border-width:4px;padding-right:0;padding-left:0\">\n<h4 class=\"wp-block-heading has-text-align-center has-ast-global-color-5-color has-ast-global-color-0-background-color has-text-color has-background has-link-color wp-elements-68c8b93add358bcc5edb24b9a3f0b7b7\" style=\"padding-right:0;padding-left:0\">Correo electr\u00f3nico<\/h4>\n\n\n\n<h6 class=\"wp-block-heading has-text-align-center has-ast-global-color-7-color has-text-color has-link-color wp-elements-f850f49f1614fe4faee3845ec3f5e411\" style=\"margin-top:var(--wp--preset--spacing--50);margin-right:0;margin-bottom:var(--wp--preset--spacing--50);margin-left:0\"><a href=\"mailto:lominaweb@gmail.com\" target=\"_blank\" rel=\"noopener\" title=\"\">lominaweb@gmail.com<\/a><\/h6>\n<\/div>\n\n\n\n<div class=\"wp-block-column is-vertically-aligned-top has-border-color has-ast-global-color-0-border-color is-layout-flow wp-block-column-is-layout-flow\" style=\"border-width:4px\">\n<h4 class=\"wp-block-heading has-text-align-center has-ast-global-color-5-color has-ast-global-color-0-background-color has-text-color has-background has-link-color wp-elements-797f376c6dda79b78eaf40e94070b814\" style=\"padding-right:0;padding-left:0\">Nuestra tienda<\/h4>\n\n\n\n<h6 class=\"wp-block-heading has-text-align-center has-ast-global-color-8-color has-text-color has-link-color wp-elements-f818d734d30cb1fdb975763fd7c0edcc\" style=\"margin-top:var(--wp--preset--spacing--40);margin-right:var(--wp--preset--spacing--40);margin-bottom:var(--wp--preset--spacing--40);margin-left:var(--wp--preset--spacing--40)\"><a href=\"https:\/\/www.google.com\/maps\/place\/\/data=!4m2!3m1!1s0xd6d3d81b91c6e37:0x282b9ec63b70be28?sa=X&amp;ved=2ahUKEwj8q6Wmz8-EAxXcVqQEHRU6AAUQ4kB6BAg4EAA\" target=\"_blank\" rel=\"noopener\" title=\"\">Av. Juan Carlos I, 46, 14520 Fern\u00e1n N\u00fa\u00f1ez, C\u00f3rdoba<\/a><\/h6>\n<\/div>\n<\/div>\n\n\n\n<p style=\"margin-top:var(--wp--preset--spacing--60);margin-bottom:var(--wp--preset--spacing--60)\"><\/p>\n\n\n\n<p class=\"has-medium-font-size\"><strong>Horario de apertura<\/strong><\/p>\n\n\n\n<div class=\"wp-block-columns is-layout-flex wp-container-core-columns-layout-2 wp-block-columns-is-layout-flex\">\n<div class=\"wp-block-column is-layout-flow wp-block-column-is-layout-flow\">\n<hr class=\"wp-block-separator has-text-color has-ast-global-color-0-color has-alpha-channel-opacity has-ast-global-color-0-background-color has-background is-style-wide\"\/>\n\n\n\n<figure class=\"wp-block-table is-style-regular\" style=\"margin-top:0;margin-right:0;margin-bottom:0;margin-left:0;padding-top:0;padding-right:0;padding-bottom:0;padding-left:0\"><table class=\"has-ast-global-color-5-background-color has-background\" style=\"border-style:none;border-width:0px\"><tbody><tr><td class=\"has-text-align-left\" data-align=\"left\">Lunes<\/td><td>09:30-14:00\/17:00-20:30<\/td><\/tr><tr><td class=\"has-text-align-left\" data-align=\"left\">Martes<\/td><td>09:30-14:00\/17:00-20:30<\/td><\/tr><tr><td class=\"has-text-align-left\" data-align=\"left\">Miercoles<\/td><td>09:30-14:00\/17:00-20:30<\/td><\/tr><tr><td class=\"has-text-align-left\" data-align=\"left\">Jueves<\/td><td>09:30-14:00\/17:00-20:30<\/td><\/tr><tr><td class=\"has-text-align-left\" data-align=\"left\">Viernes<\/td><td>09:30-14:00\/17:00-20:30<\/td><\/tr><tr><td class=\"has-text-align-left\" data-align=\"left\">Sabado<\/td><td>09:30-14:00<\/td><\/tr><tr><td class=\"has-text-align-left\" data-align=\"left\">Domingo<\/td><td>Cerrado<\/td><\/tr><\/tbody><\/table><\/figure>\n<\/div>\n\n\n\n<div class=\"wp-block-column is-layout-flow wp-block-column-is-layout-flow\">\n<figure class=\"wp-block-image aligncenter size-full is-resized has-custom-border\"><img loading=\"lazy\" decoding=\"async\" width=\"400\" height=\"300\" src=\"https:\/\/lomina.es\/wp-content\/uploads\/2024\/03\/f89394c979b34a25cc4ff8e11234fbfb.jpg\" alt=\"\" class=\"wp-image-892\" style=\"border-style:none;border-width:0px;border-radius:20px;width:453px;height:auto\" srcset=\"https:\/\/lomina.es\/wp-content\/uploads\/2024\/03\/f89394c979b34a25cc4ff8e11234fbfb.jpg 400w, https:\/\/lomina.es\/wp-content\/uploads\/2024\/03\/f89394c979b34a25cc4ff8e11234fbfb-300x225.jpg 300w\" sizes=\"(max-width: 400px) 100vw, 400px\" \/><\/figure>\n<\/div>\n<\/div>\n<\/div>\n\n\n\n<div class=\"wp-block-column is-layout-flow wp-block-column-is-layout-flow\" style=\"flex-basis:5%\"><\/div>\n<\/div>\n","protected":false},"excerpt":{"rendered":"<p>Atenci\u00f3n al cliente Si tienes cualquier duda sobre tu pedido, puedes ponerte en contacto con nosotros mediante los siguientes canales. [&hellip;]<\/p>\n","protected":false},"author":1,"featured_media":0,"parent":0,"menu_order":0,"comment_status":"closed","ping_status":"closed","template":"","meta":{"om_disable_all_campaigns":false,"_monsterinsights_skip_tracking":false,"_monsterinsights_sitenote_active":false,"_monsterinsights_sitenote_note":"","_monsterinsights_sitenote_category":0,"site-sidebar-layout":"default","site-content-layout":"","ast-site-content-layout":"","site-content-style":"default","site-sidebar-style":"default","ast-global-header-display":"","ast-banner-title-visibility":"","ast-main-header-display":"","ast-hfb-above-header-display":"","ast-hfb-below-header-display":"","ast-hfb-mobile-header-display":"","site-post-title":"","ast-breadcrumbs-content":"","ast-featured-img":"","footer-sml-layout":"","theme-transparent-header-meta":"","adv-header-id-meta":"","stick-header-meta":"","header-above-stick-meta":"","header-main-stick-meta":"","header-below-stick-meta":"","astra-migrate-meta-layouts":"default","ast-page-background-enabled":"default","ast-page-background-meta":{"desktop":{"background-color":"var(--ast-global-color-4)","background-image":"","background-repeat":"repeat","background-position":"center center","background-size":"auto","background-attachment":"scroll","background-type":"","background-media":"","overlay-type":"","overlay-color":"","overlay-gradient":""},"tablet":{"background-color":"","background-image":"","background-repeat":"repeat","background-position":"center center","background-size":"auto","background-attachment":"scroll","background-type":"","background-media":"","overlay-type":"","overlay-color":"","overlay-gradient":""},"mobile":{"background-color":"","background-image":"","background-repeat":"repeat","background-position":"center center","background-size":"auto","background-attachment":"scroll","background-type":"","background-media":"","overlay-type":"","overlay-color":"","overlay-gradient":""}},"ast-content-background-meta":{"desktop":{"background-color":"var(--ast-global-color-5)","background-image":"","background-repeat":"repeat","background-position":"center center","background-size":"auto","background-attachment":"scroll","background-type":"","background-media":"","overlay-type":"","overlay-color":"","overlay-gradient":""},"tablet":{"background-color":"var(--ast-global-color-5)","background-image":"","background-repeat":"repeat","background-position":"center center","background-size":"auto","background-attachment":"scroll","background-type":"","background-media":"","overlay-type":"","overlay-color":"","overlay-gradient":""},"mobile":{"background-color":"var(--ast-global-color-5)","background-image":"","background-repeat":"repeat","background-position":"center center","background-size":"auto","background-attachment":"scroll","background-type":"","background-media":"","overlay-type":"","overlay-color":"","overlay-gradient":""}},"footnotes":""},"aioseo_notices":[],"jetpack_sharing_enabled":true,"_links":{"self":[{"href":"https:\/\/lomina.es\/index.php?rest_route=\/wp\/v2\/pages\/548"}],"collection":[{"href":"https:\/\/lomina.es\/index.php?rest_route=\/wp\/v2\/pages"}],"about":[{"href":"https:\/\/lomina.es\/index.php?rest_route=\/wp\/v2\/types\/page"}],"author":[{"embeddable":true,"href":"https:\/\/lomina.es\/index.php?rest_route=\/wp\/v2\/users\/1"}],"replies":[{"embeddable":true,"href":"https:\/\/lomina.es\/index.php?rest_route=%2Fwp%2Fv2%2Fcomments&post=548"}],"version-history":[{"count":28,"href":"https:\/\/lomina.es\/index.php?rest_route=\/wp\/v2\/pages\/548\/revisions"}],"predecessor-version":[{"id":928,"href":"https:\/\/lomina.es\/index.php?rest_route=\/wp\/v2\/pages\/548\/revisions\/928"}],"wp:attachment":[{"href":"https:\/\/lomina.es\/index.php?rest_route=%2Fwp%2Fv2%2Fmedia&parent=548"}],"curies":[{"name":"wp","href":"https:\/\/api.w.org\/{rel}","templated":true}]}}